{"id":1029,"date":"2015-06-18T11:22:53","date_gmt":"2015-06-18T09:22:53","guid":{"rendered":"http:\/\/82.67.161.76\/Gojuryu93Com\/?page_id=1029"},"modified":"2018-10-21T14:06:11","modified_gmt":"2018-10-21T13:06:11","slug":"les-tarifs","status":"publish","type":"page","link":"https:\/\/www.gojuryu93.com\/?page_id=1029","title":{"rendered":"Les tarifs"},"content":{"rendered":"<table style=\"border-color: #101feb; width: 1147px; height: 972px;\" border=\"2\">\n<tbody>\n<tr style=\"height: 347px;\">\n<td style=\"border-color: #0a2df5; text-align: center; width: 1097.17px; height: 347px;\" colspan=\"3\">&nbsp;<\/p>\n<p><img data-recalc-dims=\"1\" loading=\"lazy\" decoding=\"async\" data-attachment-id=\"1415\" data-permalink=\"https:\/\/www.gojuryu93.com\/?attachment_id=1415\" data-orig-file=\"https:\/\/i0.wp.com\/www.gojuryu93.com\/wp-content\/uploads\/2015\/06\/bouton_tarif3.jpg?fit=2166%2C768&amp;ssl=1\" data-orig-size=\"2166,768\" data-comments-opened=\"0\" data-image-meta=\"{&quot;aperture&quot;:&quot;0&quot;,&quot;credit&quot;:&quot;&quot;,&quot;camera&quot;:&quot;&quot;,&quot;caption&quot;:&quot;&quot;,&quot;created_timestamp&quot;:&quot;0&quot;,&quot;copyright&quot;:&quot;&quot;,&quot;focal_length&quot;:&quot;0&quot;,&quot;iso&quot;:&quot;0&quot;,&quot;shutter_speed&quot;:&quot;0&quot;,&quot;title&quot;:&quot;&quot;,&quot;orientation&quot;:&quot;1&quot;}\" data-image-title=\"bouton_tarif3\" data-image-description=\"\" data-image-caption=\"\" data-large-file=\"https:\/\/i0.wp.com\/www.gojuryu93.com\/wp-content\/uploads\/2015\/06\/bouton_tarif3.jpg?fit=610%2C216&amp;ssl=1\" class=\"aligncenter wp-image-1415\" src=\"https:\/\/i0.wp.com\/www.gojuryu93.com\/wp-content\/uploads\/2015\/06\/bouton_tarif3.jpg?resize=566%2C200\" alt=\"bouton_tarif3\" width=\"566\" height=\"200\" srcset=\"https:\/\/i0.wp.com\/www.gojuryu93.com\/wp-content\/uploads\/2015\/06\/bouton_tarif3.jpg?resize=300%2C106&amp;ssl=1 300w, https:\/\/i0.wp.com\/www.gojuryu93.com\/wp-content\/uploads\/2015\/06\/bouton_tarif3.jpg?resize=1024%2C363&amp;ssl=1 1024w, https:\/\/i0.wp.com\/www.gojuryu93.com\/wp-content\/uploads\/2015\/06\/bouton_tarif3.jpg?w=1220 1220w, https:\/\/i0.wp.com\/www.gojuryu93.com\/wp-content\/uploads\/2015\/06\/bouton_tarif3.jpg?w=1830 1830w\" sizes=\"auto, (max-width: 566px) 100vw, 566px\" \/><\/p>\n<p>&nbsp;<\/p>\n<p><span style=\"color: #ff0000; font-size: 28px; background-color: #ff9900;\">Attention le site n&#8217;\u00e9tant plus mis \u00e0 jour contacter les responsables <\/span><\/p>\n<p><span style=\"color: #ff0000; font-size: 28px; background-color: #ff9900;\">du club pour toutes informations.<\/span><\/p>\n<p>&nbsp;<\/p>\n<p>&nbsp;<\/p>\n<p><span style=\"font-size: 32px;\">Saison 2017 &#8211; 2018<\/span><\/td>\n<\/tr>\n<tr style=\"height: 112px;\">\n<td style=\"border-color: #0a2df5; width: 61.1167px; height: 112px;\">&nbsp;<\/td>\n<td style=\"border-color: #0a2df5; background-color: #c6f09c; width: 753.817px; height: 112px;\">\n<p style=\"text-align: center;\"><strong>Karat\u00e9 enfants &#8211; \u00e0 partir de 6 ans<\/strong><\/p>\n<p style=\"text-align: center;\"><strong>Kobudo enfants &#8211; \u00e0 partir de&nbsp; 9 ans<\/strong><\/p>\n<\/td>\n<td style=\"border-color: #0a2df5; width: 186.233px; height: 112px;\">&nbsp;<\/td>\n<\/tr>\n<tr style=\"height: 36px;\">\n<td style=\"border-color: #0a2df5; width: 61.1167px; height: 36px;\">&nbsp;<\/td>\n<td style=\"border-color: #0a2df5; width: 753.817px; height: 36px; text-align: center;\"><span style=\"font-size: 24px;\">Cotisation et licence* + assurance&nbsp; <strong>&gt;&gt;&gt;&gt;<\/strong><\/span><\/td>\n<td style=\"border-color: #0a2df5; width: 186.233px; height: 36px;\"><span style=\"font-size: 24px;\"><strong>167 \u20ac<\/strong><\/span><\/td>\n<\/tr>\n<tr style=\"height: 112px;\">\n<td style=\"border-color: #0a2df5; width: 61.1167px; height: 112px;\">&nbsp;<\/td>\n<td style=\"border-color: #0a2df5; background-color: #c6f09c; width: 753.817px; height: 112px;\">\n<p style=\"text-align: center;\"><strong>Karat\u00e9 adultes &#8211; \u00e0 partir de 15 ans<\/strong><\/p>\n<p style=\"text-align: center;\"><strong>Kobudo adultes &#8211; Armes traditionnelles<\/strong><\/p>\n<\/td>\n<td style=\"border-color: #0a2df5; width: 186.233px; height: 112px;\">&nbsp;<\/td>\n<\/tr>\n<tr style=\"height: 36px;\">\n<td style=\"border-color: #0a2df5; width: 61.1167px; height: 36px;\">&nbsp;<\/td>\n<td style=\"border-color: #0a2df5; width: 753.817px; height: 36px; text-align: center;\"><span style=\"font-size: 24px;\">Cotisation et licence* + assurance&nbsp;<strong> &gt;&gt;&gt;&gt;<\/strong><\/span><\/td>\n<td style=\"border-color: #0a2df5; width: 186.233px; height: 36px;\"><span style=\"font-size: 24px;\"><strong>227 \u20ac<\/strong><\/span><\/td>\n<\/tr>\n<tr style=\"height: 36px;\">\n<td style=\"border-color: #0a2df5; width: 61.1167px; height: 36px;\">&nbsp;<\/td>\n<td style=\"border-color: #0a2df5; width: 753.817px; height: 36px;\">\n<p style=\"text-align: center;\"><span style=\"background-color: #ffff00;\"><strong>Pour information tarif de&nbsp; la licence f\u00e9d\u00e9rale FFKDA 2017 &#8211; 2018&nbsp; <\/strong><\/span><\/p>\n<p style=\"text-align: center;\"><span style=\"background-color: #ffff00;\"><strong>inclus assurance f\u00e9d\u00e9rale<br \/>\n<\/strong><\/span><\/p>\n<p style=\"text-align: center;\"><span style=\"font-size: 12px; background-color: #ffff00;\"><em>*L&#8217;adh\u00e9sion \u00e0 la licence f\u00e9d\u00e9rale FFKDA est obligatoire.<\/em><\/span><\/p>\n<\/td>\n<td style=\"border-color: #0a2df5; width: 186.233px; height: 36px;\"><span style=\"font-size: 24px;\"><strong>&nbsp;&nbsp; <span style=\"background-color: #ffff00;\">37 \u20ac<\/span><\/strong><\/span><\/td>\n<\/tr>\n<\/tbody>\n<\/table>\n<p>&nbsp;<\/p>\n<p>&nbsp;<\/p>\n<p style=\"text-align: left;\"><span class='mb-center maxbutton-10-center'><span class='maxbutton-10-container mb-container'><a class=\"maxbutton-10 maxbutton maxbutton-telecharger-le-formulaire-inscription\" rel=\"nofollow noopener\" href=\"\/wp-content\/uploads\/2017\/inscription_web_2018\/inscription_gojury_2017_2018_web.pdf\"><span class='mb-text'>T\u00e9l\u00e9charger le formulaire d&#039;inscription<\/span><\/a><\/span><\/span><\/p>\n","protected":false},"excerpt":{"rendered":"<p>&nbsp; &nbsp; Attention le site n&#8217;\u00e9tant plus mis \u00e0 jour contacter les responsables du club pour toutes informations. &nbsp; &nbsp; Saison 2017 &#8211; 2018 &nbsp; Karat\u00e9 enfants &#8211; \u00e0 partir de 6 ans Kobudo enfants &#8211; \u00e0 partir de&nbsp; 9 ans &nbsp; &nbsp; Cotisation et licence* + assurance&nbsp; &gt;&gt;&gt;&gt; 167 \u20ac &nbsp; Karat\u00e9 adultes &#8211; [&hellip;]<\/p>\n","protected":false},"author":1,"featured_media":0,"parent":0,"menu_order":0,"comment_status":"closed","ping_status":"closed","template":"","meta":{"_exactmetrics_skip_tracking":false,"_exactmetrics_sitenote_active":false,"_exactmetrics_sitenote_note":"","_exactmetrics_sitenote_category":0,"ngg_post_thumbnail":0,"footnotes":""},"class_list":["post-1029","page","type-page","status-publish","hentry"],"jetpack_shortlink":"https:\/\/wp.me\/P6TujZ-gB","jetpack-related-posts":[{"id":699,"url":"https:\/\/www.gojuryu93.com\/?page_id=699","url_meta":{"origin":1029,"position":0},"title":"Les cours","author":"Team-Goju","date":"10 juin 2015","format":false,"excerpt":"\u00a0 Pour tous renseignements contacter : M. BIANCARDINI Henri au 06 15 99 57 32 \u00a0 Les cours : KARAT\u00c9 ENFANTS (\u00e0 partir de 6-7 ans) D\u00e9butants et Confirm\u00e9s Jeudi\u00a0 de 18h \u00e0 19h15 Dojo des Cottages Dimanche\u00a0 de 10h30 \u00e0 11h45 Dojo Thierry Ngninteng KOBUDO ENFANTS (\u00e0 partir de\u2026","rel":"","context":"Article similaire","block_context":{"text":"Article similaire","link":""},"img":{"alt_text":"","src":"https:\/\/i0.wp.com\/www.gojuryu93.com\/wp-content\/uploads\/2015\/06\/Flyer-Gogu-2016-217x300.png?resize=350%2C200","width":350,"height":200},"classes":[]},{"id":716,"url":"https:\/\/www.gojuryu93.com\/?page_id=716","url_meta":{"origin":1029,"position":1},"title":"Le Kobudo","author":"Team-Goju","date":"11 juin 2015","format":false,"excerpt":"\u00a0 Kobudo signifie litt\u00e9ralement \u00ab Art martial ancien \u00bb mais \u00e9galement \u00ab Art d'un comportement spirituel vis-\u00e0-vis du combat \u00bb. Le Kobudod'Okinawa a connu une \u00e9volution parall\u00e8le au Karat\u00e9. \u00a0 Ces techniques sont arriv\u00e9es jusqu'\u00e0 nous gr\u00e2ce \u00e0 Ma\u00eetre Shinko MATAYOSHI et son fils Shinpo. N\u00e9 en 1888 dans la\u2026","rel":"","context":"Article similaire","block_context":{"text":"Article similaire","link":""},"img":{"alt_text":"Kobudo_W01","src":"https:\/\/i0.wp.com\/www.gojuryu93.com\/wp-content\/uploads\/2015\/06\/Kobudo_W01-246x300.jpg?resize=350%2C200","width":350,"height":200},"classes":[]},{"id":1079,"url":"https:\/\/www.gojuryu93.com\/?page_id=1079","url_meta":{"origin":1029,"position":2},"title":"Droits \u00e0 l\u2019image","author":"Team-Goju","date":"2 novembre 2015","format":false,"excerpt":"Toutes les personnes repr\u00e9sent\u00e9es sur ce site ou leurs responsables l\u00e9gaux ainsi que les dirigeants clubs ont fourni une autorisation de diffusion des images conform\u00e9ment aux dispositions l\u00e9gales des droits \u00e0 images en France. Ces autorisations sont en possession du karat\u00e9 club Gogu-ryude Tremblay-en-France. Toutes demandes de suppression ou de\u2026","rel":"","context":"Article similaire","block_context":{"text":"Article similaire","link":""},"img":{"alt_text":"","src":"","width":0,"height":0},"classes":[]},{"id":740,"url":"https:\/\/www.gojuryu93.com\/?page_id=740","url_meta":{"origin":1029,"position":3},"title":"Contact et Localisation","author":"Team-Goju","date":"12 juin 2015","format":false,"excerpt":"Nous contacter : Pr\u00e9sident 06 15 99 57 32 \u00a0 karateclub.tremblayenfrance@gmail.com \u00a0 Dojo des Cottages : Angle 33\/35 rue Hector Berlioz - 93 290 Tremblay-en-France LUNDI Kobudo enfants - 18 h 15 \u00e0 19 h 30 Karat\u00e9 adultes - 19 h 30 \u00e0 21 h 30 JEUDI Karat\u00e9 enfants -\u2026","rel":"","context":"Article similaire","block_context":{"text":"Article similaire","link":""},"img":{"alt_text":"","src":"","width":0,"height":0},"classes":[]},{"id":1065,"url":"https:\/\/www.gojuryu93.com\/?page_id=1065","url_meta":{"origin":1029,"position":4},"title":"Les rituels de politesse","author":"Team-Goju","date":"11 juillet 2015","format":false,"excerpt":"RITUELS ET FORMULES DE POLITESSE Inclus dans la pratique du Gojuryu sont les rituels et formules de politesse habituelles dans la soci\u00e9t\u00e9 japonaise. Il peut sembler ridicule (vue que tout le monde n'est pas japonais) d'utiliser tous ces rituels! Nous les estimons utiles en premier lieu car ils t\u00e9moignent du\u2026","rel":"","context":"Article similaire","block_context":{"text":"Article similaire","link":""},"img":{"alt_text":"","src":"https:\/\/i0.wp.com\/www.gojuryu93.com\/wp-content\/uploads\/2018\/10\/salut-199x300.jpg?resize=350%2C200","width":350,"height":200},"classes":[]},{"id":1093,"url":"https:\/\/www.gojuryu93.com\/?page_id=1093","url_meta":{"origin":1029,"position":5},"title":"A propos de&#8230;","author":"Team-Goju","date":"13 juillet 2015","format":false,"excerpt":"Retrouvez toutes les informations utiles sur le Karat\u00e9 Club de Tremblay-en-France en cliquant sur les liens ci-dessous : Contacts et localisation. Copyrights. Droits \u00e0 l'image. Informations l\u00e9gales. \u00a0","rel":"","context":"Article similaire","block_context":{"text":"Article similaire","link":""},"img":{"alt_text":"","src":"","width":0,"height":0},"classes":[]}],"jetpack_sharing_enabled":true,"_links":{"self":[{"href":"https:\/\/www.gojuryu93.com\/index.php?rest_route=\/wp\/v2\/pages\/1029","targetHints":{"allow":["GET"]}}],"collection":[{"href":"https:\/\/www.gojuryu93.com\/index.php?rest_route=\/wp\/v2\/pages"}],"about":[{"href":"https:\/\/www.gojuryu93.com\/index.php?rest_route=\/wp\/v2\/types\/page"}],"author":[{"embeddable":true,"href":"https:\/\/www.gojuryu93.com\/index.php?rest_route=\/wp\/v2\/users\/1"}],"replies":[{"embeddable":true,"href":"https:\/\/www.gojuryu93.com\/index.php?rest_route=%2Fwp%2Fv2%2Fcomments&post=1029"}],"version-history":[{"count":0,"href":"https:\/\/www.gojuryu93.com\/index.php?rest_route=\/wp\/v2\/pages\/1029\/revisions"}],"wp:attachment":[{"href":"https:\/\/www.gojuryu93.com\/index.php?rest_route=%2Fwp%2Fv2%2Fmedia&parent=1029"}],"curies":[{"name":"wp","href":"https:\/\/api.w.org\/{rel}","templated":true}]}}