{"id":1031,"date":"2015-11-02T11:25:57","date_gmt":"2015-11-02T10:25:57","guid":{"rendered":"http:\/\/82.67.161.76\/Gojuryu93Com\/?page_id=1031"},"modified":"2016-06-25T10:56:08","modified_gmt":"2016-06-25T09:56:08","slug":"comment-sinscrire","status":"publish","type":"page","link":"https:\/\/www.gojuryu93.com\/?page_id=1031","title":{"rendered":"Comment s&#8217;inscrire ?"},"content":{"rendered":"<p>Vous pouvez vous inscrire directement \u00e0 notre Dojo des Cottages\u00a0 ou sur nos autres lieux de cours aupr\u00e8s de nos responsables club en vous\u00a0 munissant de votre passeport sportif si vous en poss\u00e9dez un,\u00a0 de quelques enveloppes timbr\u00e9es libell\u00e9es \u00e0 vos nom et adresse, un ch\u00e9quier pour votre r\u00e8glement de cotisation annuelle et imp\u00e9rativement d&#8217;un certificat m\u00e9dical d\u2019aptitude \u00e0 la pratique du karat\u00e9 et du kobudo post\u00e9rieur au 1<sup>er<\/sup> septembre de la saison en cours et de moins de 3 mois \u00e0 pr\u00e9senter lors de l&#8217;inscription.<\/p>\n<p>Si vous \u00eates d\u00e9j\u00e0 licenci\u00e9 ou avez \u00e9t\u00e9 licenci\u00e9 \u00e0 la F\u00e9d\u00e9ration Fran\u00e7aise de Karat\u00e9 et Disciplines associ\u00e9es, merci de vous munir de votre derni\u00e8re licence ou de communiquer votre num\u00e9ro de licence sportive afin de renouveler celle-ci pour la saison en cours.<\/p>\n<p>&nbsp;<\/p>\n<p style=\"text-align: center;\"><span style=\"text-decoration: underline; font-size: 24px;\"><span style=\"color: #ff0000;\"><em><strong>Fiche d\u2019inscription<\/strong><\/em><\/span><\/span><span style=\"font-size: 24px;\"><span style=\"color: #ff0000;\"><em><strong>.<\/strong><\/em><\/span><\/span><\/p>\n<p style=\"text-align: center;\"><span style=\"color: #ff0000; font-size: 10px;\"><em><span style=\"color: #000000;\">(U<\/span><\/em><\/span><span style=\"color: #ff0000;\"><em><span style=\"color: #000000; font-size: 10px;\">tiliser Acrobat Reader pour pouvoir consulter\u00a0 et imprimer le formulaire si votre navigateur ne prend pas en charge les fichiers PDF.)<\/span><\/em><\/span><\/p>\n<p><a href=\"https:\/\/get.adobe.com\/fr\/reader\/\" target=\"_blank\"><img data-recalc-dims=\"1\" loading=\"lazy\" decoding=\"async\" data-attachment-id=\"1557\" data-permalink=\"https:\/\/www.gojuryu93.com\/?attachment_id=1557\" data-orig-file=\"https:\/\/i0.wp.com\/www.gojuryu93.com\/wp-content\/uploads\/2015\/11\/get-adobe-reader.jpg?fit=365%2C138&amp;ssl=1\" data-orig-size=\"365,138\" data-comments-opened=\"0\" data-image-meta=\"{&quot;aperture&quot;:&quot;0&quot;,&quot;credit&quot;:&quot;&quot;,&quot;camera&quot;:&quot;&quot;,&quot;caption&quot;:&quot;&quot;,&quot;created_timestamp&quot;:&quot;0&quot;,&quot;copyright&quot;:&quot;&quot;,&quot;focal_length&quot;:&quot;0&quot;,&quot;iso&quot;:&quot;0&quot;,&quot;shutter_speed&quot;:&quot;0&quot;,&quot;title&quot;:&quot;&quot;,&quot;orientation&quot;:&quot;0&quot;}\" data-image-title=\"get adobe reader\" data-image-description=\"\" data-image-caption=\"\" data-large-file=\"https:\/\/i0.wp.com\/www.gojuryu93.com\/wp-content\/uploads\/2015\/11\/get-adobe-reader.jpg?fit=365%2C138&amp;ssl=1\" class=\"aligncenter wp-image-1557\" title=\"T\u00e9l\u00e9charger Acrobat Reader DC\" src=\"https:\/\/i0.wp.com\/www.gojuryu93.com\/wp-content\/uploads\/2015\/11\/get-adobe-reader.jpg?resize=74%2C28\" alt=\"T\u00e9l\u00e9charger Acrobat Reader DC\" width=\"74\" height=\"28\" srcset=\"https:\/\/i0.wp.com\/www.gojuryu93.com\/wp-content\/uploads\/2015\/11\/get-adobe-reader.jpg?resize=300%2C113&amp;ssl=1 300w, https:\/\/i0.wp.com\/www.gojuryu93.com\/wp-content\/uploads\/2015\/11\/get-adobe-reader.jpg?w=365&amp;ssl=1 365w\" sizes=\"auto, (max-width: 74px) 100vw, 74px\" \/><\/a><\/p>\n<p style=\"text-align: center;\"><span style=\"color: #ff0000;\"><em><br \/>\n<\/em><\/span><\/p>\n<p style=\"text-align: center;\"><span class='mb-center maxbutton-10-center'><span class='maxbutton-10-container mb-container'><a class=\"maxbutton-10 maxbutton maxbutton-telecharger-le-formulaire-inscription\" rel=\"nofollow noopener\" href=\"\/wp-content\/uploads\/2017\/inscription_web_2018\/inscription_gojury_2017_2018_web.pdf\"><span class='mb-text'>T\u00e9l\u00e9charger le formulaire d&#039;inscription<\/span><\/a><\/span><\/span><\/p>\n<p>&nbsp;<\/p>\n<p style=\"text-align: center;\"><span style=\"color: #ff0000;\"><span style=\"text-decoration: underline; font-size: 20px;\"><em><strong>R\u00e8glement int\u00e9rieur<\/strong><\/em><\/span><span style=\"font-size: 20px;\"><em><strong>.<\/strong><\/em><\/span><span style=\"font-size: 20px;\"><strong>\u00a0<\/strong><\/span> <\/span><\/p>\n<p style=\"text-align: center;\"><span style=\"color: #000000; font-size: 10px;\"><em>(Cliquez sur le lien pour prendre connaissance du r\u00e8glement int\u00e9rieur)<\/em><\/span><\/p>\n<p>&nbsp;<\/p>\n<p style=\"text-align: center;\"><span class='mb-center maxbutton-11-center'><span class='maxbutton-11-container mb-container'><a class=\"maxbutton-11 maxbutton maxbutton-lire-le-reglement-interieur\" rel=\"nofollow noopener\" href=\"\/?page_id=1375\"><span class='mb-text'>Lire le r\u00e8glement<\/span><\/a><\/span><\/span><\/p>\n<p>&nbsp;<\/p>\n","protected":false},"excerpt":{"rendered":"<p>Vous pouvez vous inscrire directement \u00e0 notre Dojo des Cottages\u00a0 ou sur nos autres lieux de cours aupr\u00e8s de nos responsables club en vous\u00a0 munissant de votre passeport sportif si vous en poss\u00e9dez un,\u00a0 de quelques enveloppes timbr\u00e9es libell\u00e9es \u00e0 vos nom et adresse, un ch\u00e9quier pour votre r\u00e8glement de cotisation annuelle et imp\u00e9rativement d&#8217;un [&hellip;]<\/p>\n","protected":false},"author":1,"featured_media":0,"parent":0,"menu_order":0,"comment_status":"closed","ping_status":"closed","template":"","meta":{"_exactmetrics_skip_tracking":false,"_exactmetrics_sitenote_active":false,"_exactmetrics_sitenote_note":"","_exactmetrics_sitenote_category":0,"ngg_post_thumbnail":0,"footnotes":""},"class_list":["post-1031","page","type-page","status-publish","hentry"],"jetpack_shortlink":"https:\/\/wp.me\/P6TujZ-gD","jetpack-related-posts":[{"id":1029,"url":"https:\/\/www.gojuryu93.com\/?page_id=1029","url_meta":{"origin":1031,"position":0},"title":"Les tarifs","author":"Team-Goju","date":"18 juin 2015","format":false,"excerpt":"\u00a0 \u00a0 Attention le site n'\u00e9tant plus mis \u00e0 jour contacter les responsables du club pour toutes informations. \u00a0 \u00a0 Saison 2017 - 2018 \u00a0 Karat\u00e9 enfants - \u00e0 partir de 6 ans Kobudo enfants - \u00e0 partir de\u00a0 9 ans \u00a0 \u00a0 Cotisation et licence* + assurance\u00a0 >>>> 167\u2026","rel":"","context":"Article similaire","block_context":{"text":"Article similaire","link":""},"img":{"alt_text":"bouton_tarif3","src":"https:\/\/i0.wp.com\/www.gojuryu93.com\/wp-content\/uploads\/2015\/06\/bouton_tarif3-300x106.jpg?resize=350%2C200","width":350,"height":200,"srcset":"https:\/\/i0.wp.com\/www.gojuryu93.com\/wp-content\/uploads\/2015\/06\/bouton_tarif3-300x106.jpg?resize=350%2C200 1x, https:\/\/i0.wp.com\/www.gojuryu93.com\/wp-content\/uploads\/2015\/06\/bouton_tarif3-300x106.jpg?resize=525%2C300 1.5x"},"classes":[]},{"id":1082,"url":"https:\/\/www.gojuryu93.com\/?page_id=1082","url_meta":{"origin":1031,"position":1},"title":"Copyrights","author":"Team-Goju","date":"13 juillet 2015","format":false,"excerpt":"\u00a0 \u00a0 Tous les textes, photographies et documents pr\u00e9sents sur ce site sont propri\u00e9t\u00e9s de leurs auteurs respectifs et du Karat\u00e9 Club de Tremblay-en-France. Les images d\u2019illustrations sont trouv\u00e9es sur des sites de r\u00e9f\u00e9rencements d'images libres de droits, si par hasard une des\u00a0 images fait l'objet d'un droits d'auteurs, il\u2026","rel":"","context":"Article similaire","block_context":{"text":"Article similaire","link":""},"img":{"alt_text":"","src":"https:\/\/i0.wp.com\/www.gojuryu93.com\/wp-content\/uploads\/2015\/10\/logo-gojuryu-trembaly-300x293.png?resize=350%2C200","width":350,"height":200},"classes":[]},{"id":1375,"url":"https:\/\/www.gojuryu93.com\/?page_id=1375","url_meta":{"origin":1031,"position":2},"title":"R\u00e9glement","author":"Team-Goju","date":"12 d\u00e9cembre 2015","format":false,"excerpt":"R\u00e8glement int\u00e9rieur \u00a0 L'association GOJU-RYU est affili\u00e9e \u00e0 la F\u00e9d\u00e9ration Fran\u00e7aise de Karat\u00e9 et Disciplines associ\u00e9es, ce qui rend obligatoire chaque ann\u00e9e sportive la prise d'une licence aupr\u00e8s de cette f\u00e9d\u00e9ration. L'enseignant\u00a0 est le seul responsable de la continuit\u00e9 du style de l'association. pour notre association le style GOJU-RYU. L'enseignant\u2026","rel":"","context":"Article similaire","block_context":{"text":"Article similaire","link":""},"img":{"alt_text":"R\u00e9glement int\u00e9rieur","src":"https:\/\/i0.wp.com\/www.gojuryu93.com\/wp-content\/uploads\/2015\/12\/R%C3%A9glement-int%C3%A9rieur.jpg?resize=350%2C200","width":350,"height":200},"classes":[]},{"id":1027,"url":"https:\/\/www.gojuryu93.com\/?page_id=1027","url_meta":{"origin":1031,"position":3},"title":"Le club","author":"Team-Goju","date":"18 juin 2015","format":false,"excerpt":"Le Karat\u00e9 Club de Tremblay-en-France est en perp\u00e9tuelle croissance et accentue son action vers la promotion du karat\u00e9 Goju-Ryu, dont il est le seul repr\u00e9sentant dans le d\u00e9partement de la Seine-Saint-Denis et aussi du Kobudo dans la pure tradition d'Okinawa. Vous retrouverez en cliquant sur les liens ci-dessous toutes les\u2026","rel":"","context":"Article similaire","block_context":{"text":"Article similaire","link":""},"img":{"alt_text":"","src":"","width":0,"height":0},"classes":[]},{"id":713,"url":"https:\/\/www.gojuryu93.com\/?page_id=713","url_meta":{"origin":1031,"position":4},"title":"Le Karat\u00e9 Goju-ryu","author":"Team-Goju","date":"11 novembre 2015","format":false,"excerpt":"Le g\u00f4j\u00fb-ry\u00fb est un art de combat d'Okinawa, issus de la province du Fujian en Chine du Sud. Le style goju-ryu a \u00e9t\u00e9 cr\u00e9\u00e9 par Miyagi Ch\u00f4jun sur les bases de celui que Higaonna Kanry\u00f4 ramena de Chine. Le nom de cette \u00c9cole de karat\u00e9 refl\u00e8te ses caract\u00e9ristiques, force et\u2026","rel":"","context":"Article similaire","block_context":{"text":"Article similaire","link":""},"img":{"alt_text":"Chojun_Miyagi","src":"https:\/\/i0.wp.com\/www.gojuryu93.com\/wp-content\/uploads\/2015\/06\/Chojun_Miyagi.jpg?resize=350%2C200","width":350,"height":200},"classes":[]},{"id":699,"url":"https:\/\/www.gojuryu93.com\/?page_id=699","url_meta":{"origin":1031,"position":5},"title":"Les cours","author":"Team-Goju","date":"10 juin 2015","format":false,"excerpt":"\u00a0 Pour tous renseignements contacter : M. BIANCARDINI Henri au 06 15 99 57 32 \u00a0 Les cours : KARAT\u00c9 ENFANTS (\u00e0 partir de 6-7 ans) D\u00e9butants et Confirm\u00e9s Jeudi\u00a0 de 18h \u00e0 19h15 Dojo des Cottages Dimanche\u00a0 de 10h30 \u00e0 11h45 Dojo Thierry Ngninteng KOBUDO ENFANTS (\u00e0 partir de\u2026","rel":"","context":"Article similaire","block_context":{"text":"Article similaire","link":""},"img":{"alt_text":"","src":"https:\/\/i0.wp.com\/www.gojuryu93.com\/wp-content\/uploads\/2015\/06\/Flyer-Gogu-2016-217x300.png?resize=350%2C200","width":350,"height":200},"classes":[]}],"jetpack_sharing_enabled":true,"_links":{"self":[{"href":"https:\/\/www.gojuryu93.com\/index.php?rest_route=\/wp\/v2\/pages\/1031","targetHints":{"allow":["GET"]}}],"collection":[{"href":"https:\/\/www.gojuryu93.com\/index.php?rest_route=\/wp\/v2\/pages"}],"about":[{"href":"https:\/\/www.gojuryu93.com\/index.php?rest_route=\/wp\/v2\/types\/page"}],"author":[{"embeddable":true,"href":"https:\/\/www.gojuryu93.com\/index.php?rest_route=\/wp\/v2\/users\/1"}],"replies":[{"embeddable":true,"href":"https:\/\/www.gojuryu93.com\/index.php?rest_route=%2Fwp%2Fv2%2Fcomments&post=1031"}],"version-history":[{"count":0,"href":"https:\/\/www.gojuryu93.com\/index.php?rest_route=\/wp\/v2\/pages\/1031\/revisions"}],"wp:attachment":[{"href":"https:\/\/www.gojuryu93.com\/index.php?rest_route=%2Fwp%2Fv2%2Fmedia&parent=1031"}],"curies":[{"name":"wp","href":"https:\/\/api.w.org\/{rel}","templated":true}]}}