{"id":1033,"date":"2015-11-02T11:26:41","date_gmt":"2015-11-02T10:26:41","guid":{"rendered":"http:\/\/82.67.161.76\/Gojuryu93Com\/?page_id=1033"},"modified":"2017-07-02T11:37:32","modified_gmt":"2017-07-02T10:37:32","slug":"lequipe","status":"publish","type":"page","link":"https:\/\/www.gojuryu93.com\/?page_id=1033","title":{"rendered":"L&#8217;\u00e9quipe"},"content":{"rendered":"<h2><img data-recalc-dims=\"1\" loading=\"lazy\" decoding=\"async\" data-attachment-id=\"1472\" data-permalink=\"https:\/\/www.gojuryu93.com\/?attachment_id=1472\" data-orig-file=\"https:\/\/i0.wp.com\/www.gojuryu93.com\/wp-content\/uploads\/2015\/11\/groupe-travail-puzzle.png?fit=372%2C286&amp;ssl=1\" data-orig-size=\"372,286\" data-comments-opened=\"0\" data-image-meta=\"{&quot;aperture&quot;:&quot;0&quot;,&quot;credit&quot;:&quot;&quot;,&quot;camera&quot;:&quot;&quot;,&quot;caption&quot;:&quot;&quot;,&quot;created_timestamp&quot;:&quot;0&quot;,&quot;copyright&quot;:&quot;&quot;,&quot;focal_length&quot;:&quot;0&quot;,&quot;iso&quot;:&quot;0&quot;,&quot;shutter_speed&quot;:&quot;0&quot;,&quot;title&quot;:&quot;&quot;,&quot;orientation&quot;:&quot;0&quot;}\" data-image-title=\"groupe-travail-puzzle\" data-image-description=\"\" data-image-caption=\"\" data-large-file=\"https:\/\/i0.wp.com\/www.gojuryu93.com\/wp-content\/uploads\/2015\/11\/groupe-travail-puzzle.png?fit=372%2C286&amp;ssl=1\" class=\"aligncenter size-medium wp-image-1472\" src=\"https:\/\/i0.wp.com\/www.gojuryu93.com\/wp-content\/uploads\/2015\/11\/groupe-travail-puzzle.png?resize=300%2C231\" alt=\"groupe-travail-puzzle\" height=\"231\" width=\"300\" srcset=\"https:\/\/i0.wp.com\/www.gojuryu93.com\/wp-content\/uploads\/2015\/11\/groupe-travail-puzzle.png?resize=300%2C231&amp;ssl=1 300w, https:\/\/i0.wp.com\/www.gojuryu93.com\/wp-content\/uploads\/2015\/11\/groupe-travail-puzzle.png?w=372&amp;ssl=1 372w\" sizes=\"auto, (max-width: 300px) 100vw, 300px\" \/><\/h2>\n<table style=\"height: 1203px;\" width=\"753\">\n<tbody>\n<tr>\n<td>\n<h2 style=\"text-align: center;\"><strong>Les Professeurs<br \/>\n<\/strong><\/h2>\n<\/td>\n<td>&nbsp;<\/td>\n<td>&nbsp;<\/td>\n<\/tr>\n<tr>\n<td style=\"text-align: center;\"><span style=\"text-decoration: underline; font-size: 24px; color: #3366ff;\"><strong>Karat\u00e9<\/strong><\/span><\/td>\n<td>&nbsp;<\/td>\n<td>&nbsp;<\/td>\n<\/tr>\n<tr>\n<td style=\"text-align: center;\">&nbsp;<\/td>\n<td style=\"text-align: center;\">&nbsp;<\/td>\n<td>&nbsp;<\/td>\n<\/tr>\n<tr>\n<td style=\"text-align: center;\"><strong><img data-recalc-dims=\"1\" loading=\"lazy\" decoding=\"async\" data-attachment-id=\"2966\" data-permalink=\"https:\/\/www.gojuryu93.com\/?attachment_id=2966\" data-orig-file=\"https:\/\/i0.wp.com\/www.gojuryu93.com\/wp-content\/uploads\/2015\/11\/Eric-photo-identit%C3%A9.jpg?fit=361%2C499&amp;ssl=1\" data-orig-size=\"361,499\" data-comments-opened=\"0\" data-image-meta=\"{&quot;aperture&quot;:&quot;0&quot;,&quot;credit&quot;:&quot;&quot;,&quot;camera&quot;:&quot;&quot;,&quot;caption&quot;:&quot;&quot;,&quot;created_timestamp&quot;:&quot;0&quot;,&quot;copyright&quot;:&quot;&quot;,&quot;focal_length&quot;:&quot;0&quot;,&quot;iso&quot;:&quot;0&quot;,&quot;shutter_speed&quot;:&quot;0&quot;,&quot;title&quot;:&quot;&quot;,&quot;orientation&quot;:&quot;0&quot;}\" data-image-title=\"Eric photo identit\u00e9\" data-image-description=\"\" data-image-caption=\"\" data-large-file=\"https:\/\/i0.wp.com\/www.gojuryu93.com\/wp-content\/uploads\/2015\/11\/Eric-photo-identit%C3%A9.jpg?fit=361%2C499&amp;ssl=1\" class=\"aligncenter wp-image-2966 \" src=\"https:\/\/i0.wp.com\/www.gojuryu93.com\/wp-content\/uploads\/2015\/11\/Eric-photo-identit%C3%A9.jpg?resize=108%2C149\" alt=\"\" height=\"149\" width=\"108\" srcset=\"https:\/\/i0.wp.com\/www.gojuryu93.com\/wp-content\/uploads\/2015\/11\/Eric-photo-identit%C3%A9.jpg?resize=217%2C300&amp;ssl=1 217w, https:\/\/i0.wp.com\/www.gojuryu93.com\/wp-content\/uploads\/2015\/11\/Eric-photo-identit%C3%A9.jpg?w=361&amp;ssl=1 361w\" sizes=\"auto, (max-width: 108px) 100vw, 108px\" \/><\/strong><strong>Eric Vidal &#8211; <\/strong>4<sup> \u00e8me<\/sup> Dan &#8211; DIF<\/td>\n<td style=\"text-align: center;\">&nbsp;<\/td>\n<td>&nbsp;<\/td>\n<\/tr>\n<tr>\n<td style=\"text-align: center;\"><strong><img data-recalc-dims=\"1\" loading=\"lazy\" decoding=\"async\" data-attachment-id=\"2967\" data-permalink=\"https:\/\/www.gojuryu93.com\/?attachment_id=2967\" data-orig-file=\"https:\/\/i0.wp.com\/www.gojuryu93.com\/wp-content\/uploads\/2015\/11\/Olivier-photo-identit%C3%A9.jpg?fit=373%2C506&amp;ssl=1\" data-orig-size=\"373,506\" data-comments-opened=\"0\" data-image-meta=\"{&quot;aperture&quot;:&quot;0&quot;,&quot;credit&quot;:&quot;&quot;,&quot;camera&quot;:&quot;&quot;,&quot;caption&quot;:&quot;&quot;,&quot;created_timestamp&quot;:&quot;0&quot;,&quot;copyright&quot;:&quot;&quot;,&quot;focal_length&quot;:&quot;0&quot;,&quot;iso&quot;:&quot;0&quot;,&quot;shutter_speed&quot;:&quot;0&quot;,&quot;title&quot;:&quot;&quot;,&quot;orientation&quot;:&quot;0&quot;}\" data-image-title=\"Olivier photo identit\u00e9\" data-image-description=\"\" data-image-caption=\"\" data-large-file=\"https:\/\/i0.wp.com\/www.gojuryu93.com\/wp-content\/uploads\/2015\/11\/Olivier-photo-identit%C3%A9.jpg?fit=373%2C506&amp;ssl=1\" class=\"aligncenter wp-image-2967 \" src=\"https:\/\/i0.wp.com\/www.gojuryu93.com\/wp-content\/uploads\/2015\/11\/Olivier-photo-identit%C3%A9.jpg?resize=108%2C147\" alt=\"\" height=\"147\" width=\"108\" srcset=\"https:\/\/i0.wp.com\/www.gojuryu93.com\/wp-content\/uploads\/2015\/11\/Olivier-photo-identit%C3%A9.jpg?resize=221%2C300&amp;ssl=1 221w, https:\/\/i0.wp.com\/www.gojuryu93.com\/wp-content\/uploads\/2015\/11\/Olivier-photo-identit%C3%A9.jpg?w=373&amp;ssl=1 373w\" sizes=\"auto, (max-width: 108px) 100vw, 108px\" \/>Olivier Chaumont<\/strong> &#8211; 4<sup> \u00e8me <\/sup>Dan &#8211; DIF &#8211; Directeur technique Karat\u00e9<\/td>\n<td style=\"text-align: center;\">&nbsp;<\/td>\n<td>&nbsp;<\/td>\n<\/tr>\n<tr>\n<td style=\"text-align: center;\"><strong><img data-recalc-dims=\"1\" loading=\"lazy\" decoding=\"async\" data-attachment-id=\"1718\" data-permalink=\"https:\/\/www.gojuryu93.com\/?attachment_id=1718\" data-orig-file=\"https:\/\/i0.wp.com\/www.gojuryu93.com\/wp-content\/uploads\/2015\/11\/H-Biancardinni.png?fit=227%2C293&amp;ssl=1\" data-orig-size=\"227,293\" data-comments-opened=\"0\" data-image-meta=\"{&quot;aperture&quot;:&quot;0&quot;,&quot;credit&quot;:&quot;&quot;,&quot;camera&quot;:&quot;&quot;,&quot;caption&quot;:&quot;&quot;,&quot;created_timestamp&quot;:&quot;0&quot;,&quot;copyright&quot;:&quot;&quot;,&quot;focal_length&quot;:&quot;0&quot;,&quot;iso&quot;:&quot;0&quot;,&quot;shutter_speed&quot;:&quot;0&quot;,&quot;title&quot;:&quot;&quot;,&quot;orientation&quot;:&quot;0&quot;}\" data-image-title=\"H-Biancardinni\" data-image-description=\"\" data-image-caption=\"\" data-large-file=\"https:\/\/i0.wp.com\/www.gojuryu93.com\/wp-content\/uploads\/2015\/11\/H-Biancardinni.png?fit=227%2C293&amp;ssl=1\" class=\"aligncenter wp-image-1718\" src=\"https:\/\/i0.wp.com\/www.gojuryu93.com\/wp-content\/uploads\/2015\/11\/H-Biancardinni.png?resize=108%2C139\" alt=\"H-Biancardinni\" height=\"139\" width=\"108\"><\/strong><strong>Henri Biancardini<\/strong> &#8211; 2<sup>\u00e8me<\/sup> Dan &#8211; DIF<\/td>\n<td style=\"text-align: center;\">&nbsp;<\/td>\n<td>&nbsp;<\/td>\n<\/tr>\n<tr>\n<td style=\"text-align: center;\"><span style=\"text-decoration: underline; color: #3366ff;\"><span style=\"font-size: 24px;\"><strong>Kobudo<\/strong><\/span><\/span><\/td>\n<td style=\"text-align: center;\">&nbsp;<\/td>\n<td>&nbsp;<\/td>\n<\/tr>\n<tr>\n<td style=\"text-align: center;\">&nbsp;<\/td>\n<td style=\"text-align: center;\">&nbsp;<\/td>\n<td>&nbsp;<\/td>\n<\/tr>\n<tr>\n<td style=\"text-align: center;\">\n<div><strong><img data-recalc-dims=\"1\" loading=\"lazy\" decoding=\"async\" data-attachment-id=\"1723\" data-permalink=\"https:\/\/www.gojuryu93.com\/?attachment_id=1723\" data-orig-file=\"https:\/\/i0.wp.com\/www.gojuryu93.com\/wp-content\/uploads\/2015\/11\/Daniel_rd.png?fit=160%2C219&amp;ssl=1\" data-orig-size=\"160,219\" data-comments-opened=\"0\" data-image-meta=\"{&quot;aperture&quot;:&quot;0&quot;,&quot;credit&quot;:&quot;&quot;,&quot;camera&quot;:&quot;&quot;,&quot;caption&quot;:&quot;&quot;,&quot;created_timestamp&quot;:&quot;0&quot;,&quot;copyright&quot;:&quot;&quot;,&quot;focal_length&quot;:&quot;0&quot;,&quot;iso&quot;:&quot;0&quot;,&quot;shutter_speed&quot;:&quot;0&quot;,&quot;title&quot;:&quot;&quot;,&quot;orientation&quot;:&quot;0&quot;}\" data-image-title=\"Daniel_rd\" data-image-description=\"\" data-image-caption=\"\" data-large-file=\"https:\/\/i0.wp.com\/www.gojuryu93.com\/wp-content\/uploads\/2015\/11\/Daniel_rd.png?fit=160%2C219&amp;ssl=1\" class=\"aligncenter wp-image-1723\" src=\"https:\/\/i0.wp.com\/www.gojuryu93.com\/wp-content\/uploads\/2015\/11\/Daniel_rd.png?resize=108%2C148\" alt=\"Daniel_rd\" height=\"148\" width=\"108\">Daniel Derweduez<\/strong> &#8211;&nbsp; 4<sup>\u00e8me<\/sup> Dan &#8211; DIF &#8211; Directeur technique Kobudo<\/div>\n<\/td>\n<td style=\"text-align: center;\">&nbsp;<\/td>\n<td>&nbsp;<\/td>\n<\/tr>\n<tr>\n<td style=\"text-align: center;\">\n<h2 style=\"text-align: center;\"><strong>Bureau Directeur<\/strong><\/h2>\n<\/td>\n<td style=\"text-align: center;\">&nbsp;<\/td>\n<td>&nbsp;<\/td>\n<\/tr>\n<tr>\n<td style=\"text-align: center;\">\n<div>\n<div><strong><img data-recalc-dims=\"1\" loading=\"lazy\" decoding=\"async\" data-attachment-id=\"1718\" data-permalink=\"https:\/\/www.gojuryu93.com\/?attachment_id=1718\" data-orig-file=\"https:\/\/i0.wp.com\/www.gojuryu93.com\/wp-content\/uploads\/2015\/11\/H-Biancardinni.png?fit=227%2C293&amp;ssl=1\" data-orig-size=\"227,293\" data-comments-opened=\"0\" data-image-meta=\"{&quot;aperture&quot;:&quot;0&quot;,&quot;credit&quot;:&quot;&quot;,&quot;camera&quot;:&quot;&quot;,&quot;caption&quot;:&quot;&quot;,&quot;created_timestamp&quot;:&quot;0&quot;,&quot;copyright&quot;:&quot;&quot;,&quot;focal_length&quot;:&quot;0&quot;,&quot;iso&quot;:&quot;0&quot;,&quot;shutter_speed&quot;:&quot;0&quot;,&quot;title&quot;:&quot;&quot;,&quot;orientation&quot;:&quot;0&quot;}\" data-image-title=\"H-Biancardinni\" data-image-description=\"\" data-image-caption=\"\" data-large-file=\"https:\/\/i0.wp.com\/www.gojuryu93.com\/wp-content\/uploads\/2015\/11\/H-Biancardinni.png?fit=227%2C293&amp;ssl=1\" class=\"aligncenter wp-image-1718\" src=\"https:\/\/i0.wp.com\/www.gojuryu93.com\/wp-content\/uploads\/2015\/11\/H-Biancardinni.png?resize=108%2C139\" alt=\"H-Biancardinni\" height=\"139\" width=\"108\">BIANCARDINI HENRI<\/strong> &#8211; <span style=\"font-size: 14px;\">PR\u00c9SIDENT<\/span><\/div>\n<\/div>\n<\/td>\n<td style=\"text-align: center;\">&nbsp;<\/td>\n<td>&nbsp;<\/td>\n<\/tr>\n<tr>\n<td style=\"text-align: center;\">\n<div><strong><img data-recalc-dims=\"1\" loading=\"lazy\" decoding=\"async\" data-attachment-id=\"2950\" data-permalink=\"https:\/\/www.gojuryu93.com\/?attachment_id=2950\" data-orig-file=\"https:\/\/i0.wp.com\/www.gojuryu93.com\/wp-content\/uploads\/2015\/11\/Agnes-P.jpg?fit=412%2C577&amp;ssl=1\" data-orig-size=\"412,577\" data-comments-opened=\"0\" data-image-meta=\"{&quot;aperture&quot;:&quot;4&quot;,&quot;credit&quot;:&quot;2011-BMKDO-ACTU.&quot;,&quot;camera&quot;:&quot;Canon EOS 60D&quot;,&quot;caption&quot;:&quot;&quot;,&quot;created_timestamp&quot;:&quot;1459594207&quot;,&quot;copyright&quot;:&quot;&quot;,&quot;focal_length&quot;:&quot;17&quot;,&quot;iso&quot;:&quot;2500&quot;,&quot;shutter_speed&quot;:&quot;0.003125&quot;,&quot;title&quot;:&quot;&quot;,&quot;orientation&quot;:&quot;1&quot;}\" data-image-title=\"Agnes-P\" data-image-description=\"\" data-image-caption=\"\" data-large-file=\"https:\/\/i0.wp.com\/www.gojuryu93.com\/wp-content\/uploads\/2015\/11\/Agnes-P.jpg?fit=412%2C577&amp;ssl=1\" class=\"aligncenter wp-image-2950\" src=\"https:\/\/i0.wp.com\/www.gojuryu93.com\/wp-content\/uploads\/2015\/11\/Agnes-P.jpg?resize=107%2C150\" alt=\"\" height=\"150\" width=\"107\" srcset=\"https:\/\/i0.wp.com\/www.gojuryu93.com\/wp-content\/uploads\/2015\/11\/Agnes-P.jpg?resize=214%2C300&amp;ssl=1 214w, https:\/\/i0.wp.com\/www.gojuryu93.com\/wp-content\/uploads\/2015\/11\/Agnes-P.jpg?w=412&amp;ssl=1 412w\" sizes=\"auto, (max-width: 107px) 100vw, 107px\" \/>AGN\u00c8S PINOT \u2013<\/strong>&nbsp;SECR\u00c9TAIRE G\u00c9N\u00c9RAL<\/div>\n<\/td>\n<td style=\"text-align: center;\">&nbsp;<\/td>\n<td>&nbsp;<\/td>\n<\/tr>\n<tr>\n<td style=\"text-align: center;\"><strong><strong><img data-recalc-dims=\"1\" loading=\"lazy\" decoding=\"async\" data-attachment-id=\"2966\" data-permalink=\"https:\/\/www.gojuryu93.com\/?attachment_id=2966\" data-orig-file=\"https:\/\/i0.wp.com\/www.gojuryu93.com\/wp-content\/uploads\/2015\/11\/Eric-photo-identit%C3%A9.jpg?fit=361%2C499&amp;ssl=1\" data-orig-size=\"361,499\" data-comments-opened=\"0\" data-image-meta=\"{&quot;aperture&quot;:&quot;0&quot;,&quot;credit&quot;:&quot;&quot;,&quot;camera&quot;:&quot;&quot;,&quot;caption&quot;:&quot;&quot;,&quot;created_timestamp&quot;:&quot;0&quot;,&quot;copyright&quot;:&quot;&quot;,&quot;focal_length&quot;:&quot;0&quot;,&quot;iso&quot;:&quot;0&quot;,&quot;shutter_speed&quot;:&quot;0&quot;,&quot;title&quot;:&quot;&quot;,&quot;orientation&quot;:&quot;0&quot;}\" data-image-title=\"Eric photo identit\u00e9\" data-image-description=\"\" data-image-caption=\"\" data-large-file=\"https:\/\/i0.wp.com\/www.gojuryu93.com\/wp-content\/uploads\/2015\/11\/Eric-photo-identit%C3%A9.jpg?fit=361%2C499&amp;ssl=1\" class=\"aligncenter wp-image-2966\" src=\"https:\/\/i0.wp.com\/www.gojuryu93.com\/wp-content\/uploads\/2015\/11\/Eric-photo-identit%C3%A9.jpg?resize=108%2C149\" alt=\"\" height=\"149\" width=\"108\" srcset=\"https:\/\/i0.wp.com\/www.gojuryu93.com\/wp-content\/uploads\/2015\/11\/Eric-photo-identit%C3%A9.jpg?resize=217%2C300&amp;ssl=1 217w, https:\/\/i0.wp.com\/www.gojuryu93.com\/wp-content\/uploads\/2015\/11\/Eric-photo-identit%C3%A9.jpg?w=361&amp;ssl=1 361w\" sizes=\"auto, (max-width: 108px) 100vw, 108px\" \/><\/strong><\/strong><\/p>\n<div><strong>VIDAL ERIC<\/strong> &#8211; <span style=\"font-size: 14px;\">TR\u00c9SORIER G\u00c9N\u00c9RAL<\/span><\/div>\n<\/td>\n<td style=\"text-align: center;\">&nbsp;<\/td>\n<td>&nbsp;<\/td>\n<\/tr>\n<tr>\n<td style=\"text-align: center;\"><strong><img data-recalc-dims=\"1\" loading=\"lazy\" decoding=\"async\" data-attachment-id=\"2614\" data-permalink=\"https:\/\/www.gojuryu93.com\/?attachment_id=2614\" data-orig-file=\"https:\/\/i0.wp.com\/www.gojuryu93.com\/wp-content\/uploads\/2015\/11\/KALA-DENIS.jpg?fit=124%2C161&amp;ssl=1\" data-orig-size=\"124,161\" data-comments-opened=\"0\" data-image-meta=\"{&quot;aperture&quot;:&quot;0&quot;,&quot;credit&quot;:&quot;&quot;,&quot;camera&quot;:&quot;&quot;,&quot;caption&quot;:&quot;&quot;,&quot;created_timestamp&quot;:&quot;0&quot;,&quot;copyright&quot;:&quot;&quot;,&quot;focal_length&quot;:&quot;0&quot;,&quot;iso&quot;:&quot;0&quot;,&quot;shutter_speed&quot;:&quot;0&quot;,&quot;title&quot;:&quot;&quot;,&quot;orientation&quot;:&quot;0&quot;}\" data-image-title=\"kala-denis\" data-image-description=\"\" data-image-caption=\"\" data-large-file=\"https:\/\/i0.wp.com\/www.gojuryu93.com\/wp-content\/uploads\/2015\/11\/KALA-DENIS.jpg?fit=124%2C161&amp;ssl=1\" class=\"aligncenter wp-image-2614\" src=\"https:\/\/i0.wp.com\/www.gojuryu93.com\/wp-content\/uploads\/2015\/11\/KALA-DENIS.jpg?resize=108%2C140\" alt=\"\" height=\"140\" width=\"108\">KALA DENIS &#8211; <\/strong><span style=\"font-size: 14px;\">ADJOINT AU SECR\u00c9TARIAT<\/span><\/td>\n<td style=\"text-align: center;\">&nbsp;<\/td>\n<td>&nbsp;<\/td>\n<\/tr>\n<tr>\n<td style=\"text-align: center;\">\n<div>\n<div><strong><img data-recalc-dims=\"1\" loading=\"lazy\" decoding=\"async\" data-attachment-id=\"2967\" data-permalink=\"https:\/\/www.gojuryu93.com\/?attachment_id=2967\" data-orig-file=\"https:\/\/i0.wp.com\/www.gojuryu93.com\/wp-content\/uploads\/2015\/11\/Olivier-photo-identit%C3%A9.jpg?fit=373%2C506&amp;ssl=1\" data-orig-size=\"373,506\" data-comments-opened=\"0\" data-image-meta=\"{&quot;aperture&quot;:&quot;0&quot;,&quot;credit&quot;:&quot;&quot;,&quot;camera&quot;:&quot;&quot;,&quot;caption&quot;:&quot;&quot;,&quot;created_timestamp&quot;:&quot;0&quot;,&quot;copyright&quot;:&quot;&quot;,&quot;focal_length&quot;:&quot;0&quot;,&quot;iso&quot;:&quot;0&quot;,&quot;shutter_speed&quot;:&quot;0&quot;,&quot;title&quot;:&quot;&quot;,&quot;orientation&quot;:&quot;0&quot;}\" data-image-title=\"Olivier photo identit\u00e9\" data-image-description=\"\" data-image-caption=\"\" data-large-file=\"https:\/\/i0.wp.com\/www.gojuryu93.com\/wp-content\/uploads\/2015\/11\/Olivier-photo-identit%C3%A9.jpg?fit=373%2C506&amp;ssl=1\" class=\"aligncenter wp-image-2967 \" src=\"https:\/\/i0.wp.com\/www.gojuryu93.com\/wp-content\/uploads\/2015\/11\/Olivier-photo-identit%C3%A9.jpg?resize=100%2C136\" alt=\"\" height=\"136\" width=\"100\" srcset=\"https:\/\/i0.wp.com\/www.gojuryu93.com\/wp-content\/uploads\/2015\/11\/Olivier-photo-identit%C3%A9.jpg?resize=221%2C300&amp;ssl=1 221w, https:\/\/i0.wp.com\/www.gojuryu93.com\/wp-content\/uploads\/2015\/11\/Olivier-photo-identit%C3%A9.jpg?w=373&amp;ssl=1 373w\" sizes=\"auto, (max-width: 100px) 100vw, 100px\" \/>CHAUMONT OLIVIER&nbsp; &#8211;&nbsp;<\/strong><span style=\"font-size: 14px;\"> DIRECTEUR TECHNIQUE KARAT\u00c9<\/span><\/div>\n<\/div>\n<\/td>\n<td style=\"text-align: center;\">&nbsp;<\/td>\n<td>&nbsp;<\/td>\n<\/tr>\n<tr>\n<td style=\"text-align: center;\">&nbsp;<strong><img data-recalc-dims=\"1\" loading=\"lazy\" decoding=\"async\" data-attachment-id=\"1723\" data-permalink=\"https:\/\/www.gojuryu93.com\/?attachment_id=1723\" data-orig-file=\"https:\/\/i0.wp.com\/www.gojuryu93.com\/wp-content\/uploads\/2015\/11\/Daniel_rd.png?fit=160%2C219&amp;ssl=1\" data-orig-size=\"160,219\" data-comments-opened=\"0\" data-image-meta=\"{&quot;aperture&quot;:&quot;0&quot;,&quot;credit&quot;:&quot;&quot;,&quot;camera&quot;:&quot;&quot;,&quot;caption&quot;:&quot;&quot;,&quot;created_timestamp&quot;:&quot;0&quot;,&quot;copyright&quot;:&quot;&quot;,&quot;focal_length&quot;:&quot;0&quot;,&quot;iso&quot;:&quot;0&quot;,&quot;shutter_speed&quot;:&quot;0&quot;,&quot;title&quot;:&quot;&quot;,&quot;orientation&quot;:&quot;0&quot;}\" data-image-title=\"Daniel_rd\" data-image-description=\"\" data-image-caption=\"\" data-large-file=\"https:\/\/i0.wp.com\/www.gojuryu93.com\/wp-content\/uploads\/2015\/11\/Daniel_rd.png?fit=160%2C219&amp;ssl=1\" class=\"aligncenter wp-image-1723\" src=\"https:\/\/i0.wp.com\/www.gojuryu93.com\/wp-content\/uploads\/2015\/11\/Daniel_rd.png?resize=108%2C148\" alt=\"Daniel_rd\" height=\"148\" width=\"108\"><\/strong><strong>DANIEL DERWEDUEZ <\/strong>&#8211; <span style=\"font-size: 14px;\">DIRECTEUR TECHNIQUE KOBUDO<\/span><\/td>\n<td style=\"text-align: center;\">&nbsp;<\/td>\n<td>&nbsp;<\/td>\n<\/tr>\n<tr>\n<td style=\"text-align: center;\">\n<h2 style=\"text-align: center;\">&nbsp;<\/h2>\n<h2 style=\"text-align: center;\"><strong>Intervenants<\/strong><\/h2>\n<h4 style=\"text-align: center;\"><span style=\"color: #00ccff;\"><span style=\"text-decoration: underline;\"><strong><span style=\"color: #3366ff; text-decoration: underline;\">Juges &#8211; Arbitres <\/span><\/strong><\/span><strong><br \/>\n<\/strong><\/span><\/h4>\n<\/td>\n<td style=\"text-align: center;\">&nbsp;<\/td>\n<td>&nbsp;<\/td>\n<\/tr>\n<tr>\n<td style=\"text-align: center;\"><strong><img data-recalc-dims=\"1\" loading=\"lazy\" decoding=\"async\" data-attachment-id=\"1719\" data-permalink=\"https:\/\/www.gojuryu93.com\/?attachment_id=1719\" data-orig-file=\"https:\/\/i0.wp.com\/www.gojuryu93.com\/wp-content\/uploads\/2015\/11\/Photo-non-disponible.jpg?fit=231%2C232&amp;ssl=1\" data-orig-size=\"231,232\" data-comments-opened=\"0\" data-image-meta=\"{&quot;aperture&quot;:&quot;0&quot;,&quot;credit&quot;:&quot;&quot;,&quot;camera&quot;:&quot;&quot;,&quot;caption&quot;:&quot;&quot;,&quot;created_timestamp&quot;:&quot;0&quot;,&quot;copyright&quot;:&quot;&quot;,&quot;focal_length&quot;:&quot;0&quot;,&quot;iso&quot;:&quot;0&quot;,&quot;shutter_speed&quot;:&quot;0&quot;,&quot;title&quot;:&quot;&quot;,&quot;orientation&quot;:&quot;0&quot;}\" data-image-title=\"Photo-non-disponible\" data-image-description=\"\" data-image-caption=\"\" data-large-file=\"https:\/\/i0.wp.com\/www.gojuryu93.com\/wp-content\/uploads\/2015\/11\/Photo-non-disponible.jpg?fit=231%2C232&amp;ssl=1\" class=\"aligncenter wp-image-1719\" src=\"https:\/\/i0.wp.com\/www.gojuryu93.com\/wp-content\/uploads\/2015\/11\/Photo-non-disponible.jpg?resize=108%2C108\" alt=\"\" height=\"108\" width=\"108\" srcset=\"https:\/\/i0.wp.com\/www.gojuryu93.com\/wp-content\/uploads\/2015\/11\/Photo-non-disponible.jpg?w=231&amp;ssl=1 231w, https:\/\/i0.wp.com\/www.gojuryu93.com\/wp-content\/uploads\/2015\/11\/Photo-non-disponible.jpg?resize=150%2C150&amp;ssl=1 150w, https:\/\/i0.wp.com\/www.gojuryu93.com\/wp-content\/uploads\/2015\/11\/Photo-non-disponible.jpg?resize=50%2C50&amp;ssl=1 50w\" sizes=\"auto, (max-width: 108px) 100vw, 108px\" \/><\/strong><span style=\"font-size: 14px;\"><br \/>\n<\/span><\/td>\n<td style=\"text-align: center;\">&nbsp;<\/td>\n<td>&nbsp;<\/td>\n<\/tr>\n<tr>\n<td style=\"text-align: center;\">&nbsp;<\/td>\n<td style=\"text-align: center;\">&nbsp;<\/td>\n<td>&nbsp;<\/td>\n<\/tr>\n<\/tbody>\n<\/table>\n<p>&nbsp;<\/p>\n","protected":false},"excerpt":{"rendered":"<p>Les Professeurs &nbsp; &nbsp; Karat\u00e9 &nbsp; &nbsp; &nbsp; &nbsp; &nbsp; Eric Vidal &#8211; 4 \u00e8me Dan &#8211; DIF &nbsp; &nbsp; Olivier Chaumont &#8211; 4 \u00e8me Dan &#8211; DIF &#8211; Directeur technique Karat\u00e9 &nbsp; &nbsp; Henri Biancardini &#8211; 2\u00e8me Dan &#8211; DIF &nbsp; &nbsp; Kobudo &nbsp; &nbsp; &nbsp; &nbsp; &nbsp; Daniel Derweduez &#8211;&nbsp; 4\u00e8me Dan &#8211; [&hellip;]<\/p>\n","protected":false},"author":1,"featured_media":0,"parent":0,"menu_order":0,"comment_status":"closed","ping_status":"closed","template":"","meta":{"_exactmetrics_skip_tracking":false,"_exactmetrics_sitenote_active":false,"_exactmetrics_sitenote_note":"","_exactmetrics_sitenote_category":0,"ngg_post_thumbnail":0,"footnotes":""},"class_list":["post-1033","page","type-page","status-publish","hentry"],"jetpack_shortlink":"https:\/\/wp.me\/P6TujZ-gF","jetpack-related-posts":[{"id":1656,"url":"https:\/\/www.gojuryu93.com\/?page_id=1656","url_meta":{"origin":1033,"position":0},"title":"Revue de presses","author":"Team-Goju","date":"18 f\u00e9vrier 2016","format":false,"excerpt":"\u00a0 \u00a0 On parle de nous dans la presse locale ou sur le Net. Retrouvez sur cette page divers articles ou sites internet ou nous sommes cit\u00e9s. Il vous suffira de cliquer sur les images pour acc\u00e9der aux publications. \u00a0 \u00a0","rel":"","context":"Article similaire","block_context":{"text":"Article similaire","link":""},"img":{"alt_text":"Revue-de-presse","src":"https:\/\/i0.wp.com\/www.gojuryu93.com\/wp-content\/uploads\/2016\/02\/Revue-de-presse-300x200.png?resize=350%2C200","width":350,"height":200},"classes":[]},{"id":1027,"url":"https:\/\/www.gojuryu93.com\/?page_id=1027","url_meta":{"origin":1033,"position":1},"title":"Le club","author":"Team-Goju","date":"18 juin 2015","format":false,"excerpt":"Le Karat\u00e9 Club de Tremblay-en-France est en perp\u00e9tuelle croissance et accentue son action vers la promotion du karat\u00e9 Goju-Ryu, dont il est le seul repr\u00e9sentant dans le d\u00e9partement de la Seine-Saint-Denis et aussi du Kobudo dans la pure tradition d'Okinawa. Vous retrouverez en cliquant sur les liens ci-dessous toutes les\u2026","rel":"","context":"Article similaire","block_context":{"text":"Article similaire","link":""},"img":{"alt_text":"","src":"","width":0,"height":0},"classes":[]},{"id":716,"url":"https:\/\/www.gojuryu93.com\/?page_id=716","url_meta":{"origin":1033,"position":2},"title":"Le Kobudo","author":"Team-Goju","date":"11 juin 2015","format":false,"excerpt":"\u00a0 Kobudo signifie litt\u00e9ralement \u00ab Art martial ancien \u00bb mais \u00e9galement \u00ab Art d'un comportement spirituel vis-\u00e0-vis du combat \u00bb. Le Kobudod'Okinawa a connu une \u00e9volution parall\u00e8le au Karat\u00e9. \u00a0 Ces techniques sont arriv\u00e9es jusqu'\u00e0 nous gr\u00e2ce \u00e0 Ma\u00eetre Shinko MATAYOSHI et son fils Shinpo. N\u00e9 en 1888 dans la\u2026","rel":"","context":"Article similaire","block_context":{"text":"Article similaire","link":""},"img":{"alt_text":"Kobudo_W01","src":"https:\/\/i0.wp.com\/www.gojuryu93.com\/wp-content\/uploads\/2015\/06\/Kobudo_W01-246x300.jpg?resize=350%2C200","width":350,"height":200},"classes":[]},{"id":1339,"url":"https:\/\/www.gojuryu93.com\/?page_id=1339","url_meta":{"origin":1033,"position":3},"title":"Historique du club","author":"Team-Goju","date":"6 d\u00e9cembre 2015","format":false,"excerpt":"Le Karat\u00e9 Club de Tremblay-en-France est en perp\u00e9tuelle croissance et accentue son action vers la promotion du karat\u00e9 Goju-Ryu, dont il est le seul repr\u00e9sentant dans le d\u00e9partement de la Seine-Saint-Denis et aussi du Kobudo dans la pure tradition d\u2019Okinawa. Notre club fut fond\u00e9 en 1967, par Daniel DJADEL. A\u2026","rel":"","context":"Article similaire","block_context":{"text":"Article similaire","link":""},"img":{"alt_text":"Toguchi_karatemag_1969","src":"https:\/\/i0.wp.com\/www.gojuryu93.com\/wp-content\/uploads\/2015\/12\/Toguchi_karatemag_1969.png?resize=350%2C200","width":350,"height":200},"classes":[]},{"id":699,"url":"https:\/\/www.gojuryu93.com\/?page_id=699","url_meta":{"origin":1033,"position":4},"title":"Les cours","author":"Team-Goju","date":"10 juin 2015","format":false,"excerpt":"\u00a0 Pour tous renseignements contacter : M. BIANCARDINI Henri au 06 15 99 57 32 \u00a0 Les cours : KARAT\u00c9 ENFANTS (\u00e0 partir de 6-7 ans) D\u00e9butants et Confirm\u00e9s Jeudi\u00a0 de 18h \u00e0 19h15 Dojo des Cottages Dimanche\u00a0 de 10h30 \u00e0 11h45 Dojo Thierry Ngninteng KOBUDO ENFANTS (\u00e0 partir de\u2026","rel":"","context":"Article similaire","block_context":{"text":"Article similaire","link":""},"img":{"alt_text":"","src":"https:\/\/i0.wp.com\/www.gojuryu93.com\/wp-content\/uploads\/2015\/06\/Flyer-Gogu-2016-217x300.png?resize=350%2C200","width":350,"height":200},"classes":[]},{"id":740,"url":"https:\/\/www.gojuryu93.com\/?page_id=740","url_meta":{"origin":1033,"position":5},"title":"Contact et Localisation","author":"Team-Goju","date":"12 juin 2015","format":false,"excerpt":"Nous contacter : Pr\u00e9sident 06 15 99 57 32 \u00a0 karateclub.tremblayenfrance@gmail.com \u00a0 Dojo des Cottages : Angle 33\/35 rue Hector Berlioz - 93 290 Tremblay-en-France LUNDI Kobudo enfants - 18 h 15 \u00e0 19 h 30 Karat\u00e9 adultes - 19 h 30 \u00e0 21 h 30 JEUDI Karat\u00e9 enfants -\u2026","rel":"","context":"Article similaire","block_context":{"text":"Article similaire","link":""},"img":{"alt_text":"","src":"","width":0,"height":0},"classes":[]}],"jetpack_sharing_enabled":true,"_links":{"self":[{"href":"https:\/\/www.gojuryu93.com\/index.php?rest_route=\/wp\/v2\/pages\/1033","targetHints":{"allow":["GET"]}}],"collection":[{"href":"https:\/\/www.gojuryu93.com\/index.php?rest_route=\/wp\/v2\/pages"}],"about":[{"href":"https:\/\/www.gojuryu93.com\/index.php?rest_route=\/wp\/v2\/types\/page"}],"author":[{"embeddable":true,"href":"https:\/\/www.gojuryu93.com\/index.php?rest_route=\/wp\/v2\/users\/1"}],"replies":[{"embeddable":true,"href":"https:\/\/www.gojuryu93.com\/index.php?rest_route=%2Fwp%2Fv2%2Fcomments&post=1033"}],"version-history":[{"count":0,"href":"https:\/\/www.gojuryu93.com\/index.php?rest_route=\/wp\/v2\/pages\/1033\/revisions"}],"wp:attachment":[{"href":"https:\/\/www.gojuryu93.com\/index.php?rest_route=%2Fwp%2Fv2%2Fmedia&parent=1033"}],"curies":[{"name":"wp","href":"https:\/\/api.w.org\/{rel}","templated":true}]}}