{"id":1056,"date":"2015-07-11T00:07:43","date_gmt":"2015-07-10T22:07:43","guid":{"rendered":"http:\/\/82.67.161.76\/Gojuryu93Com\/?page_id=1056"},"modified":"2016-12-12T12:19:01","modified_gmt":"2016-12-12T11:19:01","slug":"passage-de-grade-enfant","status":"publish","type":"page","link":"https:\/\/www.gojuryu93.com\/?page_id=1056","title":{"rendered":"Passage de grade Enfant"},"content":{"rendered":"<p>Retrouvez sur cette page les kihons et listes de katas demand\u00e9s par le Karat\u00e9 Club de Tremblay-en-France lors des passages de grades de la ceinture jaune \u00e0 la ceinture marron pour les enfants.<\/p>\n<p>Pour ceux qui d\u00e9sirent les travailler \u00e0 la maison, vous pourrez t\u00e9l\u00e9charger l\u2019ensemble des kihons&nbsp; en cliquant sur le bouton.<\/p>\n<p style=\"text-align: center;\"><a class=\"maxbutton-21 maxbutton maxbutton-kihons-gojuryu-kids\" target=\"_blank\" rel=\"noopener\" href=\"http:\/\/www.gojuryu93.com\/wp-content\/uploads\/2016\/11\/kihons 2016-2017\/PASSAGE DE GRADES ENFANTS.pdf\"><span class='mb-text'>T\u00e9l\u00e9charger les kihons Passages de grades enfants<\/span><\/a><\/p>\n<p style=\"text-align: center;\">&nbsp;<\/p>\n<div id=\"attachment_1497\" style=\"width: 153px\" class=\"wp-caption aligncenter\"><img data-recalc-dims=\"1\" loading=\"lazy\" decoding=\"async\" aria-describedby=\"caption-attachment-1497\" data-attachment-id=\"1497\" data-permalink=\"https:\/\/www.gojuryu93.com\/?attachment_id=1497\" data-orig-file=\"https:\/\/i0.wp.com\/www.gojuryu93.com\/wp-content\/uploads\/2015\/07\/white-karat%C3%A9.jpg?fit=253%2C250&amp;ssl=1\" data-orig-size=\"253,250\" data-comments-opened=\"0\" data-image-meta=\"{&quot;aperture&quot;:&quot;0&quot;,&quot;credit&quot;:&quot;&quot;,&quot;camera&quot;:&quot;&quot;,&quot;caption&quot;:&quot;&quot;,&quot;created_timestamp&quot;:&quot;0&quot;,&quot;copyright&quot;:&quot;&quot;,&quot;focal_length&quot;:&quot;0&quot;,&quot;iso&quot;:&quot;0&quot;,&quot;shutter_speed&quot;:&quot;0&quot;,&quot;title&quot;:&quot;&quot;,&quot;orientation&quot;:&quot;0&quot;}\" data-image-title=\"white karat\u00e9\" data-image-description=\"\" data-image-caption=\"&lt;p&gt;6e Kyu Ceinture blanche&lt;\/p&gt;\n\" data-large-file=\"https:\/\/i0.wp.com\/www.gojuryu93.com\/wp-content\/uploads\/2015\/07\/white-karat%C3%A9.jpg?fit=253%2C250&amp;ssl=1\" class=\" wp-image-1497\" src=\"https:\/\/i0.wp.com\/www.gojuryu93.com\/wp-content\/uploads\/2015\/07\/white-karat%C3%A9.jpg?resize=143%2C141\" alt=\"6e Kyu Ceinture blanche\" width=\"143\" height=\"141\" srcset=\"https:\/\/i0.wp.com\/www.gojuryu93.com\/wp-content\/uploads\/2015\/07\/white-karat%C3%A9.jpg?w=253&amp;ssl=1 253w, https:\/\/i0.wp.com\/www.gojuryu93.com\/wp-content\/uploads\/2015\/07\/white-karat%C3%A9.jpg?resize=50%2C50&amp;ssl=1 50w\" sizes=\"auto, (max-width: 143px) 100vw, 143px\" \/><p id=\"caption-attachment-1497\" class=\"wp-caption-text\">6e Kyu Ceinture blanche<\/p><\/div>\n<h4>BLANC KYU<\/h4>\n<p>Kata : (un kata libre)<\/p>\n<ul>\n<li>fukyu kata da\u00ef ichi<\/li>\n<\/ul>\n<p>Kihon :<\/p>\n<ul>\n<li>Zenkutsu dachi gedan bara\u00ef<\/li>\n<li>Zenkutsu dachi Jodan age uk\u00e9<\/li>\n<li>Renogi dachi (petite Position) o\u00ef tsuki<\/li>\n<li>Renogi dachi (petite Position) gyaku tsuki<\/li>\n<li>Zenkutsu dachi ma\u00eb ger<\/li>\n<\/ul>\n<div id=\"attachment_1370\" style=\"width: 160px\" class=\"wp-caption aligncenter\"><img data-recalc-dims=\"1\" loading=\"lazy\" decoding=\"async\" aria-describedby=\"caption-attachment-1370\" data-attachment-id=\"1370\" data-permalink=\"https:\/\/www.gojuryu93.com\/?attachment_id=1370\" data-orig-file=\"https:\/\/i0.wp.com\/www.gojuryu93.com\/wp-content\/uploads\/2015\/07\/yellow-e1483194264660.png?fit=112%2C149&amp;ssl=1\" data-orig-size=\"112,149\" data-comments-opened=\"0\" data-image-meta=\"{&quot;aperture&quot;:&quot;0&quot;,&quot;credit&quot;:&quot;&quot;,&quot;camera&quot;:&quot;&quot;,&quot;caption&quot;:&quot;&quot;,&quot;created_timestamp&quot;:&quot;0&quot;,&quot;copyright&quot;:&quot;&quot;,&quot;focal_length&quot;:&quot;0&quot;,&quot;iso&quot;:&quot;0&quot;,&quot;shutter_speed&quot;:&quot;0&quot;,&quot;title&quot;:&quot;&quot;,&quot;orientation&quot;:&quot;0&quot;}\" data-image-title=\"yellow\" data-image-description=\"\" data-image-caption=\"&lt;p&gt;5e kyu Ceinture jaune&lt;\/p&gt;\n\" data-large-file=\"https:\/\/i0.wp.com\/www.gojuryu93.com\/wp-content\/uploads\/2015\/07\/yellow-e1483194264660.png?fit=112%2C149&amp;ssl=1\" class=\"size-full wp-image-1370\" src=\"https:\/\/i0.wp.com\/www.gojuryu93.com\/wp-content\/uploads\/2015\/07\/yellow.png?resize=150%2C113\" alt=\"5e kyu Ceinture jaune\" width=\"150\" height=\"113\"><p id=\"caption-attachment-1370\" class=\"wp-caption-text\">5e kyu Ceinture jaune<\/p><\/div>\n<h4>JAUNE<\/h4>\n<p>Kata : (un kata libre)<\/p>\n<ul>\n<li>fukyu kata da\u00ef ichi<\/li>\n<li>gekisai da\u00ef ichi<\/li>\n<\/ul>\n<p>Kihon :<\/p>\n<ul>\n<li>Zenkutsu dachi jodan age uk\u00e9<\/li>\n<li>Shiko dachi gedan bara\u00ef<\/li>\n<li>Sanchin dachi uchi uk\u00e9 + gyaku tsuki + o\u00ef tsuki<\/li>\n<li>Zenkutsu dachi&nbsp; ma\u00eb geri + uchi uk\u00e9<\/li>\n<li>Zenkutsu dachi&nbsp; ma\u00eb empi<\/li>\n<\/ul>\n<h4>JAUNE KYU<\/h4>\n<p>Kata : (un kata libre)<\/p>\n<ul>\n<li>fukyu kata da\u00ef ichi<\/li>\n<li>gekisai da\u00ef ichi<\/li>\n<li>gekisai da\u00ef ni<\/li>\n<\/ul>\n<p>Kihon :<\/p>\n<ul>\n<li>enkutsu dachi Jodan age uk\u00e9 + gyaku tsuki + uchi uk\u00e9<\/li>\n<li>Shiko dachi gedan bara\u00ef + gyaku tsuki + uchi uk\u00e9<\/li>\n<li>Sanchin dachi kake uk\u00e9 + gyaku tsuki + uchi uk\u00e9<\/li>\n<li>Zenkutsu dachi ma\u00eb geri + uchi uk\u00e9<\/li>\n<li>Zenkutsu dachi Mawashi geri + uchi uk\u00e9<\/li>\n<\/ul>\n<div id=\"attachment_1372\" style=\"width: 160px\" class=\"wp-caption aligncenter\"><img data-recalc-dims=\"1\" loading=\"lazy\" decoding=\"async\" aria-describedby=\"caption-attachment-1372\" data-attachment-id=\"1372\" data-permalink=\"https:\/\/www.gojuryu93.com\/?attachment_id=1372\" data-orig-file=\"https:\/\/i0.wp.com\/www.gojuryu93.com\/wp-content\/uploads\/2015\/07\/orange-e1483194310986.png?fit=113%2C150&amp;ssl=1\" data-orig-size=\"113,150\" data-comments-opened=\"0\" data-image-meta=\"{&quot;aperture&quot;:&quot;0&quot;,&quot;credit&quot;:&quot;&quot;,&quot;camera&quot;:&quot;&quot;,&quot;caption&quot;:&quot;&quot;,&quot;created_timestamp&quot;:&quot;0&quot;,&quot;copyright&quot;:&quot;&quot;,&quot;focal_length&quot;:&quot;0&quot;,&quot;iso&quot;:&quot;0&quot;,&quot;shutter_speed&quot;:&quot;0&quot;,&quot;title&quot;:&quot;&quot;,&quot;orientation&quot;:&quot;0&quot;}\" data-image-title=\"orange\" data-image-description=\"\" data-image-caption=\"\" data-large-file=\"https:\/\/i0.wp.com\/www.gojuryu93.com\/wp-content\/uploads\/2015\/07\/orange-e1483194310986.png?fit=113%2C150&amp;ssl=1\" class=\"wp-image-1372 size-full\" src=\"https:\/\/i0.wp.com\/www.gojuryu93.com\/wp-content\/uploads\/2015\/07\/orange.png?resize=150%2C113\" alt=\"orange\" width=\"150\" height=\"113\"><p id=\"caption-attachment-1372\" class=\"wp-caption-text\">4e kyu Ceinture Orange<\/p><\/div>\n<h4>ORANGE<\/h4>\n<p>Kata : (un kata libre et un kata impos\u00e9)<\/p>\n<ul>\n<li>gekisai da\u00ef ichi<\/li>\n<li>gekisai da\u00ef ni<\/li>\n<li>sa\u00effa<\/li>\n<\/ul>\n<p>Kihon :<\/p>\n<ul>\n<li>Sanchin dachi Jodan age uk\u00e9 + gyaku tsuki + kake uk\u00e9<\/li>\n<li>Shiko dachi gedan bara\u00ef + gyaku tsuki + kake uk\u00e9<\/li>\n<li>Neko achi dachi mawachi uk\u00e9<\/li>\n<li>Zenkutsu dachi ma\u00eb geri + uchi uk\u00e9<\/li>\n<li>Zenkutsu dachi&nbsp; ma\u00eb geri + ayumi achi Mawashi geri (sur 2 pas)<\/li>\n<\/ul>\n<h4>ORANGE KYU<\/h4>\n<p>Kata : (un kata libre et un kata impos\u00e9)<\/p>\n<ul>\n<li>gekisai da\u00ef ichi<\/li>\n<li>gekisai da\u00ef ni<\/li>\n<li>sa\u00effa<\/li>\n<\/ul>\n<p>Kihon :<\/p>\n<ul>\n<li>Zenkutsu dachi ma\u00eb geri + gedan bara\u00ef \/ iki achi, zenkutsu dachi uchi uke + gyaku tsuki<\/li>\n<li>Neko achi dachi kake uke + (jambe avant) ma\u00eb geri \/ ayumi achi, Zenkutsu dachi jodan age uk\u00e9<\/li>\n<li>Shiko dachi (45\u00b0) kake uke + gyaku tsuki + uchi uke \/ iki achi, zenkutsu dachi gedan bara\u00ef + mawachi geri<\/li>\n<li>Sanchin dachi + kake uke + isa geri (pos\u00e9 devant) + emp<\/li>\n<\/ul>\n<div id=\"attachment_1496\" style=\"width: 160px\" class=\"wp-caption aligncenter\"><img data-recalc-dims=\"1\" loading=\"lazy\" decoding=\"async\" aria-describedby=\"caption-attachment-1496\" data-attachment-id=\"1496\" data-permalink=\"https:\/\/www.gojuryu93.com\/?attachment_id=1496\" data-orig-file=\"https:\/\/i0.wp.com\/www.gojuryu93.com\/wp-content\/uploads\/2015\/07\/green-1-e1483195000194.png?fit=113%2C150&amp;ssl=1\" data-orig-size=\"113,150\" data-comments-opened=\"0\" data-image-meta=\"{&quot;aperture&quot;:&quot;0&quot;,&quot;credit&quot;:&quot;&quot;,&quot;camera&quot;:&quot;&quot;,&quot;caption&quot;:&quot;&quot;,&quot;created_timestamp&quot;:&quot;0&quot;,&quot;copyright&quot;:&quot;&quot;,&quot;focal_length&quot;:&quot;0&quot;,&quot;iso&quot;:&quot;0&quot;,&quot;shutter_speed&quot;:&quot;0&quot;,&quot;title&quot;:&quot;&quot;,&quot;orientation&quot;:&quot;0&quot;}\" data-image-title=\"green\" data-image-description=\"\" data-image-caption=\"&lt;p&gt;Ceinture verte&lt;\/p&gt;\n\" data-large-file=\"https:\/\/i0.wp.com\/www.gojuryu93.com\/wp-content\/uploads\/2015\/07\/green-1-e1483195000194.png?fit=113%2C150&amp;ssl=1\" class=\"size-full wp-image-1496\" src=\"https:\/\/i0.wp.com\/www.gojuryu93.com\/wp-content\/uploads\/2015\/07\/green-1.png?resize=150%2C113\" alt=\"Ceinture verte\" width=\"150\" height=\"113\"><p id=\"caption-attachment-1496\" class=\"wp-caption-text\">3e Kyu Ceinture verte<\/p><\/div>\n<h4>VERT<\/h4>\n<p>Kata : (un kata libre et un kata impos\u00e9)<\/p>\n<ul>\n<li>gekisai da\u00ef ni<\/li>\n<li>sa\u00effa<\/li>\n<li>seiyunchin<\/li>\n<\/ul>\n<p>Kihon :<\/p>\n<ul>\n<li>Iki achi, Sanchin dachi Jodan age uke \/ ayumi achi, Sanchin dachi o\u00ef tsuki \/ iki achi, Shiko dachi (45\u00b0) gedan bara\u00ef + gyaku tsuki<\/li>\n<li>Shiko dachi uraken, passage avec la jambe avant en&nbsp; Zenkutsu dachi gyaku tsuki + uchi uke<\/li>\n<li>Neko achi dachi mawachi uke \/ ayumi achi mawachi geri (pos\u00e9 devant)<\/li>\n<\/ul>\n<h4>VERT KYU<\/h4>\n<p>Kata : (un kata libre et un kata impos\u00e9)<\/p>\n<ul>\n<li>gekisai da\u00ef ichi<\/li>\n<li>gekisai da\u00ef ni<\/li>\n<li>sa\u00effa<\/li>\n<\/ul>\n<p>Bunka\u00ef :<\/p>\n<ul>\n<li>Gekisai da\u00ef ichi (un cot\u00e9)<\/li>\n<\/ul>\n<p>Kihon :<\/p>\n<ul>\n<li>Ayumi achi ma\u00eb geri Zenkutsu + ma\u00eb empi + uraken + gedan bara\u00ef + gyaku tsuki<\/li>\n<li>Neko achi dachi + shuto uchi \/ (jambe avant) ma\u00eb geri \/ iki achi neko achi dachi + mawachi uke<\/li>\n<li>Shiko dachi + aito uke + kakete uke + gyaku ikite<\/li>\n<\/ul>\n<div id=\"attachment_1486\" style=\"width: 160px\" class=\"wp-caption aligncenter\"><img data-recalc-dims=\"1\" loading=\"lazy\" decoding=\"async\" aria-describedby=\"caption-attachment-1486\" data-attachment-id=\"1486\" data-permalink=\"https:\/\/www.gojuryu93.com\/?attachment_id=1486\" data-orig-file=\"https:\/\/i0.wp.com\/www.gojuryu93.com\/wp-content\/uploads\/2015\/07\/blue.png?fit=150%2C113&amp;ssl=1\" data-orig-size=\"150,113\" data-comments-opened=\"0\" data-image-meta=\"{&quot;aperture&quot;:&quot;0&quot;,&quot;credit&quot;:&quot;&quot;,&quot;camera&quot;:&quot;&quot;,&quot;caption&quot;:&quot;&quot;,&quot;created_timestamp&quot;:&quot;0&quot;,&quot;copyright&quot;:&quot;&quot;,&quot;focal_length&quot;:&quot;0&quot;,&quot;iso&quot;:&quot;0&quot;,&quot;shutter_speed&quot;:&quot;0&quot;,&quot;title&quot;:&quot;&quot;,&quot;orientation&quot;:&quot;0&quot;}\" data-image-title=\"blue\" data-image-description=\"\" data-image-caption=\"&lt;p&gt;2e Kyu&lt;\/p&gt;\n\" data-large-file=\"https:\/\/i0.wp.com\/www.gojuryu93.com\/wp-content\/uploads\/2015\/07\/blue.png?fit=150%2C113&amp;ssl=1\" class=\"size-full wp-image-1486\" src=\"https:\/\/i0.wp.com\/www.gojuryu93.com\/wp-content\/uploads\/2015\/07\/blue.png?resize=150%2C113\" alt=\"2e kyu\" width=\"150\" height=\"113\"><p id=\"caption-attachment-1486\" class=\"wp-caption-text\">2e Kyu Ceinture bleue<\/p><\/div>\n<h4>BLEU<\/h4>\n<p>Kata : (un kata libre et un kata impos\u00e9)<\/p>\n<ul>\n<li>sa\u00effa<\/li>\n<li>seiyunchin<\/li>\n<li>sisochin<\/li>\n<\/ul>\n<p>Bunka\u00ef :<\/p>\n<ul>\n<li>Gekisai da\u00ef ichi (complet)<\/li>\n<\/ul>\n<p>Technique \u00e0 deux :<\/p>\n<ul>\n<li>O\u00ef tsuki jodan<\/li>\n<li>O\u00ef tsuki shudan<\/li>\n<li>Ma\u00eb geri<\/li>\n<\/ul>\n<p>Kihon :<\/p>\n<ul>\n<li>Zenkutsu dachi ma\u00eb geri + mawachi geri + yoko geri \/ iki achi zenkutsu dachi gedan bara\u00ef<\/li>\n<li>Sanchin dachi uchi uke \/ ayumi achi shiko dachi uratsuki + uraken + gedan bara\u00ef<\/li>\n<li>Neko achi dachi osa\u00e9 uchi gyaku nukite + ayumi achi, ma\u00eb geri (en zenkutsu dachi) +ma\u00eb empi<\/li>\n<\/ul>\n<h4>BLEU KYU<\/h4>\n<p>Kata : (un kata libre et un kata impos\u00e9)<\/p>\n<ul>\n<li>sa\u00effa<\/li>\n<li>seiyunchin<\/li>\n<li>sisochin<\/li>\n<\/ul>\n<p>Bunka\u00ef :<\/p>\n<ul>\n<li>Gekisai da\u00ef ichi (complet)<\/li>\n<\/ul>\n<p>Technique \u00e0 deux :<\/p>\n<ul>\n<li>O\u00ef tsuki jodan<\/li>\n<li>O\u00ef tsuki shudan<\/li>\n<li>Ma\u00eb geri<\/li>\n<\/ul>\n<p>Kihon ippon kumite :<\/p>\n<ul>\n<li>O\u00ef tsuki jodan<\/li>\n<li>O\u00ef tsuki shudan<\/li>\n<li>Ma\u00eb geri<\/li>\n<\/ul>\n<p>Kihon :<\/p>\n<ul>\n<li>Zenkutsu dachi ma\u00eb geri, sans poser mawachi geri + gyaku tsuki +uchi uke + gyaku ma\u00eb empi<\/li>\n<li>Sanchin dachi uchi uke \/ gyaku tsuki + o\u00ef tsuki \/ iki achi neko achi dachi + ma\u00eb geri jambe avant pos\u00e9 devant<\/li>\n<\/ul>\n<div id=\"attachment_1368\" style=\"width: 160px\" class=\"wp-caption aligncenter\"><img data-recalc-dims=\"1\" loading=\"lazy\" decoding=\"async\" aria-describedby=\"caption-attachment-1368\" data-attachment-id=\"1368\" data-permalink=\"https:\/\/www.gojuryu93.com\/?attachment_id=1368\" data-orig-file=\"https:\/\/i0.wp.com\/www.gojuryu93.com\/wp-content\/uploads\/2015\/07\/brown-e1483195498180.png?fit=113%2C150&amp;ssl=1\" data-orig-size=\"113,150\" data-comments-opened=\"0\" data-image-meta=\"{&quot;aperture&quot;:&quot;0&quot;,&quot;credit&quot;:&quot;&quot;,&quot;camera&quot;:&quot;&quot;,&quot;caption&quot;:&quot;&quot;,&quot;created_timestamp&quot;:&quot;0&quot;,&quot;copyright&quot;:&quot;&quot;,&quot;focal_length&quot;:&quot;0&quot;,&quot;iso&quot;:&quot;0&quot;,&quot;shutter_speed&quot;:&quot;0&quot;,&quot;title&quot;:&quot;&quot;,&quot;orientation&quot;:&quot;0&quot;}\" data-image-title=\"brown\" data-image-description=\"\" data-image-caption=\"&lt;p&gt;Premier Kyu Ceinture MARRON&lt;\/p&gt;\n\" data-large-file=\"https:\/\/i0.wp.com\/www.gojuryu93.com\/wp-content\/uploads\/2015\/07\/brown-e1483195498180.png?fit=113%2C150&amp;ssl=1\" class=\"size-full wp-image-1368\" src=\"https:\/\/i0.wp.com\/www.gojuryu93.com\/wp-content\/uploads\/2015\/07\/brown.png?resize=150%2C113\" alt=\"Premier Kyu Ceinture MARRON\" width=\"150\" height=\"113\"><p id=\"caption-attachment-1368\" class=\"wp-caption-text\">Premier Kyu Ceinture MARRON<\/p><\/div>\n<h4>MARRON<\/h4>\n<p>Kata : (un kata libre et un kata impos\u00e9)<\/p>\n<ul>\n<li>gekisai da\u00ef ichi<\/li>\n<li>gekisai da\u00ef ni<\/li>\n<li>sa\u00effa<\/li>\n<li>seiyunchin<\/li>\n<li>sisochin<\/li>\n<\/ul>\n<p>Bunka\u00ef :<\/p>\n<ul>\n<li>Gekisai da\u00ef ichi (complet + recherche de distance)<\/li>\n<\/ul>\n<p>Technique \u00e0 deux :<\/p>\n<ul>\n<li>O\u00ef tsuki jodan<\/li>\n<li>O\u00ef tsuki shudan<\/li>\n<li>Ma\u00eb geri<\/li>\n<li>Mawachi geri<\/li>\n<\/ul>\n<p>Kihon ippon kumite :<\/p>\n<ul>\n<li>O\u00ef tsuki jodan<\/li>\n<li>O\u00ef tsuki shudan<\/li>\n<li>Ma\u00eb geri<\/li>\n<li>Mawachi geri Jyu<\/li>\n<\/ul>\n<p>&nbsp;<\/p>\n<p>&nbsp;<\/p>\n<p style=\"text-align: center;\"><a class=\"maxbutton-6 maxbutton maxbutton-en-savoir-plus-karate\" rel=\"nofollow noopener\" href=\"\/?page_id=1058\"><span class='mb-text'>Passages de grades adultes<\/span><\/a>&nbsp;&nbsp;&nbsp;&nbsp;&nbsp;&nbsp;&nbsp;&nbsp;&nbsp;&nbsp;&nbsp;&nbsp;&nbsp;&nbsp;&nbsp;&nbsp;&nbsp;&nbsp;&nbsp;&nbsp;&nbsp;&nbsp;&nbsp;&nbsp;&nbsp;&nbsp;&nbsp;&nbsp;&nbsp;&nbsp;&nbsp;&nbsp;&nbsp;&nbsp;&nbsp;&nbsp;&nbsp;&nbsp;&nbsp;&nbsp;&nbsp;&nbsp;&nbsp;&nbsp;&nbsp;&nbsp;&nbsp;&nbsp;&nbsp;&nbsp;&nbsp;&nbsp;&nbsp;&nbsp;&nbsp;&nbsp;&nbsp;&nbsp;&nbsp;&nbsp;&nbsp;&nbsp;&nbsp;&nbsp;&nbsp;&nbsp;&nbsp;&nbsp;&nbsp;&nbsp;&nbsp;&nbsp;&nbsp;&nbsp;&nbsp;&nbsp;&nbsp;&nbsp;&nbsp;&nbsp;&nbsp;&nbsp;&nbsp;&nbsp;&nbsp; <a class=\"maxbutton-12 maxbutton maxbutton-comment-mettre-ma-ceinture-de-karate\" rel=\"nofollow noopener\" href=\"\/?page_id=1499\"><span class='mb-text'>Comment mettre ma ceinture de karat\u00e9 ?<\/span><\/a><\/p>\n","protected":false},"excerpt":{"rendered":"<p>Retrouvez sur cette page les kihons et listes de katas demand\u00e9s par le Karat\u00e9 Club de Tremblay-en-France lors des passages de grades de la ceinture jaune \u00e0 la ceinture marron pour les enfants. Pour ceux qui d\u00e9sirent les travailler \u00e0 la maison, vous pourrez t\u00e9l\u00e9charger l\u2019ensemble des kihons&nbsp; en cliquant sur le bouton. &nbsp; BLANC [&hellip;]<\/p>\n","protected":false},"author":1,"featured_media":0,"parent":0,"menu_order":0,"comment_status":"closed","ping_status":"closed","template":"","meta":{"_exactmetrics_skip_tracking":false,"_exactmetrics_sitenote_active":false,"_exactmetrics_sitenote_note":"","_exactmetrics_sitenote_category":0,"ngg_post_thumbnail":0,"footnotes":""},"class_list":["post-1056","page","type-page","status-publish","hentry"],"jetpack_shortlink":"https:\/\/wp.me\/P6TujZ-h2","jetpack-related-posts":[{"id":1058,"url":"https:\/\/www.gojuryu93.com\/?page_id=1058","url_meta":{"origin":1056,"position":0},"title":"Passage de grade Adultes","author":"Team-Goju","date":"11 juillet 2015","format":false,"excerpt":"Retrouvez sur cette page les kihons et listes de katas demand\u00e9s par le Karat\u00e9 Club de Tremblay-en-France lors des passages de grades de la ceinture jaune \u00e0 la ceinture marron. Pour ceux qui d\u00e9sirent les travailler \u00e0 la maison, vous pourrez t\u00e9l\u00e9charger l'ensemble des kihons\u00a0 en cliquant sur le bouton.\u2026","rel":"","context":"Article similaire","block_context":{"text":"Article similaire","link":""},"img":{"alt_text":"5e kyu Ceinture jaune","src":"https:\/\/i0.wp.com\/www.gojuryu93.com\/wp-content\/uploads\/2015\/07\/yellow.png?resize=350%2C200","width":350,"height":200},"classes":[]},{"id":1063,"url":"https:\/\/www.gojuryu93.com\/?page_id=1063","url_meta":{"origin":1056,"position":1},"title":"Passage de grades Kobudo","author":"Team-Goju","date":"11 juillet 2015","format":false,"excerpt":"Lors des passages de grades kobudo traditionnel, un certain nombre de pratiques et techniques sont requises pour pouvoir obtenir le grade souhait\u00e9. Les techniques demand\u00e9es sont pr\u00e9sentes dans le tableau r\u00e9capitulatif pr\u00e9sent sur cette page et en r\u00e9f\u00e9rence \u00e0 ce qui est demand\u00e9 par la Ligue Oshuka\u00ef France pour le\u2026","rel":"","context":"Article similaire","block_context":{"text":"Article similaire","link":""},"img":{"alt_text":"5e kyu Ceinture jaune","src":"https:\/\/i0.wp.com\/www.gojuryu93.com\/wp-content\/uploads\/2015\/07\/yellow-e1483194264660.png?resize=350%2C200","width":350,"height":200},"classes":[]},{"id":1054,"url":"https:\/\/www.gojuryu93.com\/?page_id=1054","url_meta":{"origin":1056,"position":2},"title":"Les KATAS","author":"Team-Goju","date":"11 juillet 2015","format":false,"excerpt":"Il n\u2019y a pas de kata \u00ab facile \u00bb ! Ils comportent tous leurs propres difficult\u00e9s. Ces difficult\u00e9s ne sont pas seulement propres \u00e0 chaque kata mais aussi \u00e0 chaque individu qui veut le ma\u00eetriser. Un kata peut pr\u00e9senter des obstacles diff\u00e9rents selon la personnalit\u00e9 du pratiquant qui l\u2019aborde. Un\u2026","rel":"","context":"Article similaire","block_context":{"text":"Article similaire","link":""},"img":{"alt_text":"","src":"","width":0,"height":0},"classes":[]},{"id":1052,"url":"https:\/\/www.gojuryu93.com\/?page_id=1052","url_meta":{"origin":1056,"position":3},"title":"Les frappes","author":"Team-Goju","date":"11 juillet 2015","format":false,"excerpt":"\u00a0ATEMI : Coup frapp\u00e9 sur le corps (ate - mi) Nous allons d\u00e9crire dans cette page les parties du corps avec lesquelles on peut porter des coups en Goju-ryu. Pour quelques unes d'entre-elles,\u00a0 en illustration la fa\u00e7on de proc\u00e9der. Nous expliquerons \u00e9galement, succinctement, le pourquoi de cette frappe et son\u2026","rel":"","context":"Article similaire","block_context":{"text":"Article similaire","link":""},"img":{"alt_text":"211","src":"https:\/\/i0.wp.com\/www.gojuryu93.com\/wp-content\/uploads\/2015\/07\/211.png?resize=350%2C200","width":350,"height":200},"classes":[]},{"id":1339,"url":"https:\/\/www.gojuryu93.com\/?page_id=1339","url_meta":{"origin":1056,"position":4},"title":"Historique du club","author":"Team-Goju","date":"6 d\u00e9cembre 2015","format":false,"excerpt":"Le Karat\u00e9 Club de Tremblay-en-France est en perp\u00e9tuelle croissance et accentue son action vers la promotion du karat\u00e9 Goju-Ryu, dont il est le seul repr\u00e9sentant dans le d\u00e9partement de la Seine-Saint-Denis et aussi du Kobudo dans la pure tradition d\u2019Okinawa. Notre club fut fond\u00e9 en 1967, par Daniel DJADEL. A\u2026","rel":"","context":"Article similaire","block_context":{"text":"Article similaire","link":""},"img":{"alt_text":"Toguchi_karatemag_1969","src":"https:\/\/i0.wp.com\/www.gojuryu93.com\/wp-content\/uploads\/2015\/12\/Toguchi_karatemag_1969.png?resize=350%2C200","width":350,"height":200},"classes":[]},{"id":1375,"url":"https:\/\/www.gojuryu93.com\/?page_id=1375","url_meta":{"origin":1056,"position":5},"title":"R\u00e9glement","author":"Team-Goju","date":"12 d\u00e9cembre 2015","format":false,"excerpt":"R\u00e8glement int\u00e9rieur \u00a0 L'association GOJU-RYU est affili\u00e9e \u00e0 la F\u00e9d\u00e9ration Fran\u00e7aise de Karat\u00e9 et Disciplines associ\u00e9es, ce qui rend obligatoire chaque ann\u00e9e sportive la prise d'une licence aupr\u00e8s de cette f\u00e9d\u00e9ration. L'enseignant\u00a0 est le seul responsable de la continuit\u00e9 du style de l'association. pour notre association le style GOJU-RYU. L'enseignant\u2026","rel":"","context":"Article similaire","block_context":{"text":"Article similaire","link":""},"img":{"alt_text":"R\u00e9glement int\u00e9rieur","src":"https:\/\/i0.wp.com\/www.gojuryu93.com\/wp-content\/uploads\/2015\/12\/R%C3%A9glement-int%C3%A9rieur.jpg?resize=350%2C200","width":350,"height":200},"classes":[]}],"jetpack_sharing_enabled":true,"_links":{"self":[{"href":"https:\/\/www.gojuryu93.com\/index.php?rest_route=\/wp\/v2\/pages\/1056","targetHints":{"allow":["GET"]}}],"collection":[{"href":"https:\/\/www.gojuryu93.com\/index.php?rest_route=\/wp\/v2\/pages"}],"about":[{"href":"https:\/\/www.gojuryu93.com\/index.php?rest_route=\/wp\/v2\/types\/page"}],"author":[{"embeddable":true,"href":"https:\/\/www.gojuryu93.com\/index.php?rest_route=\/wp\/v2\/users\/1"}],"replies":[{"embeddable":true,"href":"https:\/\/www.gojuryu93.com\/index.php?rest_route=%2Fwp%2Fv2%2Fcomments&post=1056"}],"version-history":[{"count":0,"href":"https:\/\/www.gojuryu93.com\/index.php?rest_route=\/wp\/v2\/pages\/1056\/revisions"}],"wp:attachment":[{"href":"https:\/\/www.gojuryu93.com\/index.php?rest_route=%2Fwp%2Fv2%2Fmedia&parent=1056"}],"curies":[{"name":"wp","href":"https:\/\/api.w.org\/{rel}","templated":true}]}}