{"id":1058,"date":"2015-07-11T00:09:23","date_gmt":"2015-07-10T22:09:23","guid":{"rendered":"http:\/\/82.67.161.76\/Gojuryu93Com\/?page_id=1058"},"modified":"2017-01-22T21:36:47","modified_gmt":"2017-01-22T20:36:47","slug":"passage-de-grade-adulte","status":"publish","type":"page","link":"https:\/\/www.gojuryu93.com\/?page_id=1058","title":{"rendered":"Passage de grade Adultes"},"content":{"rendered":"<p style=\"text-align: left;\">Retrouvez sur cette page les kihons et listes de katas demand\u00e9s par le Karat\u00e9 Club de Tremblay-en-France lors des passages de grades de la ceinture jaune \u00e0 la ceinture marron.<\/p>\n<p style=\"text-align: left;\">Pour ceux qui d\u00e9sirent les travailler \u00e0 la maison, vous pourrez t\u00e9l\u00e9charger l&#8217;ensemble des kihons&nbsp; en cliquant sur le bouton.<\/p>\n<p style=\"text-align: center;\">&nbsp;&nbsp;<a class=\"maxbutton-17 maxbutton maxbutton-kihons-gojuryu\" target=\"_blank\" rel=\"noopener\" href=\"http:\/\/www.gojuryu93.com\/wp-content\/uploads\/2016\/11\/kihons 2016-2017\/PASSAGE DE GRADES ADULTES.pdf\"><span class='mb-text'>T\u00e9l\u00e9charger les kihons Passages de grades adultes<\/span><\/a><br \/>\n&nbsp;&nbsp;<\/p>\n<div id=\"attachment_1370\" style=\"width: 160px\" class=\"wp-caption aligncenter\"><img data-recalc-dims=\"1\" loading=\"lazy\" decoding=\"async\" aria-describedby=\"caption-attachment-1370\" data-attachment-id=\"1370\" data-permalink=\"https:\/\/www.gojuryu93.com\/?attachment_id=1370\" data-orig-file=\"https:\/\/i0.wp.com\/www.gojuryu93.com\/wp-content\/uploads\/2015\/07\/yellow-e1483194264660.png?fit=112%2C149&amp;ssl=1\" data-orig-size=\"112,149\" data-comments-opened=\"0\" data-image-meta=\"{&quot;aperture&quot;:&quot;0&quot;,&quot;credit&quot;:&quot;&quot;,&quot;camera&quot;:&quot;&quot;,&quot;caption&quot;:&quot;&quot;,&quot;created_timestamp&quot;:&quot;0&quot;,&quot;copyright&quot;:&quot;&quot;,&quot;focal_length&quot;:&quot;0&quot;,&quot;iso&quot;:&quot;0&quot;,&quot;shutter_speed&quot;:&quot;0&quot;,&quot;title&quot;:&quot;&quot;,&quot;orientation&quot;:&quot;0&quot;}\" data-image-title=\"yellow\" data-image-description=\"\" data-image-caption=\"&lt;p&gt;5e kyu Ceinture jaune&lt;\/p&gt;\n\" data-large-file=\"https:\/\/i0.wp.com\/www.gojuryu93.com\/wp-content\/uploads\/2015\/07\/yellow-e1483194264660.png?fit=112%2C149&amp;ssl=1\" class=\"size-full wp-image-1370\" src=\"https:\/\/i0.wp.com\/www.gojuryu93.com\/wp-content\/uploads\/2015\/07\/yellow.png?resize=150%2C113\" alt=\"5e kyu Ceinture jaune\" width=\"150\" height=\"113\"><p id=\"caption-attachment-1370\" class=\"wp-caption-text\">5e kyu Ceinture jaune<\/p><\/div>\n<p>Kata :<\/p>\n<ul>\n<li>Gekisai da\u00ef ichi<\/li>\n<\/ul>\n<p>Bunka\u00ef :<\/p>\n<ul>\n<li>un seul cot\u00e9<\/li>\n<\/ul>\n<p>Kihon :<\/p>\n<ul>\n<li>Sanchin dachi +uchi uke +gyaku tsuki +ma\u00eb geri pos\u00e9 devant, Ma\u00eb empi +gyaku tsuki<\/li>\n<li>Iki achi, sanchin dachi jodan age uke \/ yori achi fudo dachi gyaku tsuki \/ iki achi, shiko dachi +gedan bara\u00ef gyaku tsuki<\/li>\n<\/ul>\n<p>Technique \u00e0 deux :<\/p>\n<p>Technique correctement ex\u00e9cut\u00e9e (distance+kim\u00e9+d\u00e9termination+contr\u00f4le)<\/p>\n<ul>\n<li>Ma\u00eb geri jambe arri\u00e8re pos\u00e9 derri\u00e8re O\u00ef tsuki jodan Yori achi gyaku tsuki shudan<\/li>\n<\/ul>\n<p>&nbsp;<\/p>\n<div id=\"attachment_1372\" style=\"width: 160px\" class=\"wp-caption aligncenter\"><img data-recalc-dims=\"1\" loading=\"lazy\" decoding=\"async\" aria-describedby=\"caption-attachment-1372\" data-attachment-id=\"1372\" data-permalink=\"https:\/\/www.gojuryu93.com\/?attachment_id=1372\" data-orig-file=\"https:\/\/i0.wp.com\/www.gojuryu93.com\/wp-content\/uploads\/2015\/07\/orange-e1483194310986.png?fit=113%2C150&amp;ssl=1\" data-orig-size=\"113,150\" data-comments-opened=\"0\" data-image-meta=\"{&quot;aperture&quot;:&quot;0&quot;,&quot;credit&quot;:&quot;&quot;,&quot;camera&quot;:&quot;&quot;,&quot;caption&quot;:&quot;&quot;,&quot;created_timestamp&quot;:&quot;0&quot;,&quot;copyright&quot;:&quot;&quot;,&quot;focal_length&quot;:&quot;0&quot;,&quot;iso&quot;:&quot;0&quot;,&quot;shutter_speed&quot;:&quot;0&quot;,&quot;title&quot;:&quot;&quot;,&quot;orientation&quot;:&quot;0&quot;}\" data-image-title=\"orange\" data-image-description=\"\" data-image-caption=\"\" data-large-file=\"https:\/\/i0.wp.com\/www.gojuryu93.com\/wp-content\/uploads\/2015\/07\/orange-e1483194310986.png?fit=113%2C150&amp;ssl=1\" class=\"wp-image-1372 size-full\" src=\"https:\/\/i0.wp.com\/www.gojuryu93.com\/wp-content\/uploads\/2015\/07\/orange.png?resize=150%2C113\" alt=\"orange\" width=\"150\" height=\"113\"><p id=\"caption-attachment-1372\" class=\"wp-caption-text\">4e kyu Ceinture orange<\/p><\/div>\n<p>Kata : un libre<\/p>\n<ul>\n<li>Gekisai da\u00ef ichi<\/li>\n<li>Gekisai da\u00ef ni<\/li>\n<\/ul>\n<p>Bunka\u00ef :<\/p>\n<ul>\n<li>de Gekisai da\u00ef ichi (complet des deux cot\u00e9)<\/li>\n<\/ul>\n<p>Kihon :<\/p>\n<ul>\n<li>Sanchin dachi kake uke \/ iki achi, kake uke +achi bara\u00ef (balayage jambe avant) shuto uchi \/ iki achi, neko achi dachi (45\u00b0) mawachi uke + passage zenkutsu dachi avec la jambe avant uraken<\/li>\n<li>Zenkutsu dachi ma\u00eb geri +gyaku tsuki \/ yori achi kisami mawachi geri + gyaku tsuki<\/li>\n<\/ul>\n<p>Technique \u00e0 deux :<\/p>\n<p>Technique correctement ex\u00e9cut\u00e9e (distance+kim\u00e9+d\u00e9termination+contr\u00f4le)<\/p>\n<ul>\n<li>ma\u00eb geri jambe arri\u00e8re pos\u00e9 derri\u00e8re ma\u00eb geri jambe avant pos\u00e9 devant + reprise distance<\/li>\n<li>O\u00ef tsuki jodan gyaku tsuki shudan<\/li>\n<\/ul>\n<h4>&nbsp;<\/h4>\n<div id=\"attachment_1487\" style=\"width: 160px\" class=\"wp-caption aligncenter\"><img data-recalc-dims=\"1\" loading=\"lazy\" decoding=\"async\" aria-describedby=\"caption-attachment-1487\" data-attachment-id=\"1487\" data-permalink=\"https:\/\/www.gojuryu93.com\/?attachment_id=1487\" data-orig-file=\"https:\/\/i0.wp.com\/www.gojuryu93.com\/wp-content\/uploads\/2015\/07\/green.png?fit=150%2C113&amp;ssl=1\" data-orig-size=\"150,113\" data-comments-opened=\"0\" data-image-meta=\"{&quot;aperture&quot;:&quot;0&quot;,&quot;credit&quot;:&quot;&quot;,&quot;camera&quot;:&quot;&quot;,&quot;caption&quot;:&quot;&quot;,&quot;created_timestamp&quot;:&quot;0&quot;,&quot;copyright&quot;:&quot;&quot;,&quot;focal_length&quot;:&quot;0&quot;,&quot;iso&quot;:&quot;0&quot;,&quot;shutter_speed&quot;:&quot;0&quot;,&quot;title&quot;:&quot;&quot;,&quot;orientation&quot;:&quot;0&quot;}\" data-image-title=\"green\" data-image-description=\"\" data-image-caption=\"&lt;p&gt;3e kyu&lt;\/p&gt;\n\" data-large-file=\"https:\/\/i0.wp.com\/www.gojuryu93.com\/wp-content\/uploads\/2015\/07\/green.png?fit=150%2C113&amp;ssl=1\" class=\"size-full wp-image-1487\" src=\"https:\/\/i0.wp.com\/www.gojuryu93.com\/wp-content\/uploads\/2015\/07\/green.png?resize=150%2C113\" alt=\"3e kyu\" width=\"150\" height=\"113\"><p id=\"caption-attachment-1487\" class=\"wp-caption-text\">3e kyu ceinture verte<\/p><\/div>\n<p>Kata : un libre un impos\u00e9<\/p>\n<ul>\n<li>Gekisai da\u00ef ichi<\/li>\n<li>Gekisai da\u00ef ni<\/li>\n<li>Sa\u00effa<\/li>\n<\/ul>\n<p>Bunka\u00ef :<\/p>\n<ul>\n<li>de Gekisai da\u00ef ni + une s\u00e9quence de sa\u00effa<\/li>\n<\/ul>\n<p>Kihon :<\/p>\n<ul>\n<li>Zenkutsu dachi o\u00ef tsuki shudan \/ achi bara\u00ef, (jambe avant) tetsui + saisi + gyaku ura tsuki \/ iki achi, shiko dachi (45\u00b0) gedan bara\u00ef<\/li>\n<li>Yori achi, Zenkutsu dachi gyaku tsuki \/iki achi, shiko dachi (en lin\u00e9aire) soto uke \/ sugi achi, yoko geri (pos\u00e9 devant) + passage zenkutsu dachi avec la jambe avant gyaku tsuki<\/li>\n<\/ul>\n<p>Technique \u00e0 deux :<\/p>\n<p>Technique correctement ex\u00e9cut\u00e9e (distance+kim\u00e9+d\u00e9termination+contr\u00f4le)<\/p>\n<ul>\n<li>ma\u00eb geri jambe arri\u00e8re pos\u00e9 derri\u00e8re ma\u00eb geri jambe avant pos\u00e9 devant + reprise distance<\/li>\n<li>O\u00ef tsuki jodan gyaku tsuki shudan mawachi geri jambe arri\u00e8re pos\u00e9 derri\u00e8re<\/li>\n<\/ul>\n<p>&nbsp;<\/p>\n<div id=\"attachment_1486\" style=\"width: 160px\" class=\"wp-caption aligncenter\"><img data-recalc-dims=\"1\" loading=\"lazy\" decoding=\"async\" aria-describedby=\"caption-attachment-1486\" data-attachment-id=\"1486\" data-permalink=\"https:\/\/www.gojuryu93.com\/?attachment_id=1486\" data-orig-file=\"https:\/\/i0.wp.com\/www.gojuryu93.com\/wp-content\/uploads\/2015\/07\/blue.png?fit=150%2C113&amp;ssl=1\" data-orig-size=\"150,113\" data-comments-opened=\"0\" data-image-meta=\"{&quot;aperture&quot;:&quot;0&quot;,&quot;credit&quot;:&quot;&quot;,&quot;camera&quot;:&quot;&quot;,&quot;caption&quot;:&quot;&quot;,&quot;created_timestamp&quot;:&quot;0&quot;,&quot;copyright&quot;:&quot;&quot;,&quot;focal_length&quot;:&quot;0&quot;,&quot;iso&quot;:&quot;0&quot;,&quot;shutter_speed&quot;:&quot;0&quot;,&quot;title&quot;:&quot;&quot;,&quot;orientation&quot;:&quot;0&quot;}\" data-image-title=\"blue\" data-image-description=\"\" data-image-caption=\"&lt;p&gt;2e Kyu&lt;\/p&gt;\n\" data-large-file=\"https:\/\/i0.wp.com\/www.gojuryu93.com\/wp-content\/uploads\/2015\/07\/blue.png?fit=150%2C113&amp;ssl=1\" class=\"size-full wp-image-1486\" src=\"https:\/\/i0.wp.com\/www.gojuryu93.com\/wp-content\/uploads\/2015\/07\/blue.png?resize=150%2C113\" alt=\"2e kyu\" width=\"150\" height=\"113\"><p id=\"caption-attachment-1486\" class=\"wp-caption-text\">2e Kyu ceinture bleue<\/p><\/div>\n<p>Kata : un libre un impos\u00e9<\/p>\n<ul>\n<li>Gekisai da\u00ef ichi<\/li>\n<li>Gekisai da\u00ef ni<\/li>\n<li>Sa\u00effa<\/li>\n<li>seiyunchin<\/li>\n<\/ul>\n<p>Bunka\u00ef :<\/p>\n<ul>\n<li>sa\u00effa en mouvement (forme combat)<\/li>\n<\/ul>\n<p>Kihon :<\/p>\n<ul>\n<li>Iki achi, sanchin dachi kake uke + gyaku shote shudan \/ iki achi, neko achi dachi mawachi uke \/ osa\u00e9 uke, zenkutsu dachi gyaku tsuki<\/li>\n<li>Neko achi dachi shuto uke +ma\u00eb geri (jambe avant pos\u00e9 devant) \/ iki achi, mawachi geri jambe avant \/ mawari achi, uchiro geri + gyaku tsuki<\/li>\n<\/ul>\n<p>Technique \u00e0 deux :<\/p>\n<p>Technique correctement ex\u00e9cut\u00e9e (distance+kim\u00e9+d\u00e9termination+contr\u00f4le)<\/p>\n<ul>\n<li>ma\u00eb geri jambe arri\u00e8re pos\u00e9 derri\u00e8re ma\u00eb geri jambe avant pos\u00e9 devant + reprise distance<\/li>\n<li>O\u00ef tsuki jodan gyaku tsuki shudan mawachi geri jambe arri\u00e8re pos\u00e9 derri\u00e8re mawachi geri jambe avant + reprise distance<\/li>\n<\/ul>\n<p>Jyu kumite :<\/p>\n<ul>\n<li>une minute<\/li>\n<\/ul>\n<p>&nbsp;<\/p>\n<p>&nbsp;<\/p>\n<div id=\"attachment_1368\" style=\"width: 160px\" class=\"wp-caption aligncenter\"><img data-recalc-dims=\"1\" loading=\"lazy\" decoding=\"async\" aria-describedby=\"caption-attachment-1368\" data-attachment-id=\"1368\" data-permalink=\"https:\/\/www.gojuryu93.com\/?attachment_id=1368\" data-orig-file=\"https:\/\/i0.wp.com\/www.gojuryu93.com\/wp-content\/uploads\/2015\/07\/brown-e1483195498180.png?fit=113%2C150&amp;ssl=1\" data-orig-size=\"113,150\" data-comments-opened=\"0\" data-image-meta=\"{&quot;aperture&quot;:&quot;0&quot;,&quot;credit&quot;:&quot;&quot;,&quot;camera&quot;:&quot;&quot;,&quot;caption&quot;:&quot;&quot;,&quot;created_timestamp&quot;:&quot;0&quot;,&quot;copyright&quot;:&quot;&quot;,&quot;focal_length&quot;:&quot;0&quot;,&quot;iso&quot;:&quot;0&quot;,&quot;shutter_speed&quot;:&quot;0&quot;,&quot;title&quot;:&quot;&quot;,&quot;orientation&quot;:&quot;0&quot;}\" data-image-title=\"brown\" data-image-description=\"\" data-image-caption=\"&lt;p&gt;Premier Kyu Ceinture MARRON&lt;\/p&gt;\n\" data-large-file=\"https:\/\/i0.wp.com\/www.gojuryu93.com\/wp-content\/uploads\/2015\/07\/brown-e1483195498180.png?fit=113%2C150&amp;ssl=1\" class=\"size-full wp-image-1368\" src=\"https:\/\/i0.wp.com\/www.gojuryu93.com\/wp-content\/uploads\/2015\/07\/brown.png?resize=150%2C113\" alt=\"Premier Kyu Ceinture MARRON\" width=\"150\" height=\"113\"><p id=\"caption-attachment-1368\" class=\"wp-caption-text\">Premier Kyu Ceinture MARRON<\/p><\/div>\n<h4>Kata : un libre deux impos\u00e9<\/h4>\n<ul>\n<li>Gekisai da\u00ef ichi<\/li>\n<li>Gekisai da\u00ef ni<\/li>\n<li>Sa\u00effa<\/li>\n<li>Seiyunchin<\/li>\n<li>Sanchin (avec contr\u00f4le)<\/li>\n<\/ul>\n<p>Bunka\u00ef :<\/p>\n<ul>\n<li>sur le kata libre avec imposition des techniques<\/li>\n<\/ul>\n<p>Kihon :<\/p>\n<ul>\n<li>O\u00ef tsuki jodan en zenkutsu dachi + gyaku tsuki nukite + (m\u00eame bras) gyaku kake uke \/ ayumi achi, ura mawachi geri pos\u00e9 devant en zenkutsu dachi gyaku tsuki<\/li>\n<li>Shiko dachi gedan bara\u00ef \/ kisami mawachi geri (pos\u00e9 derri\u00e8re)neko achi dachi aishu + passage jambe avant en zenkutsu dachi + jodan gyaku tensho<\/li>\n<\/ul>\n<p>Technique \u00e0 deux :<\/p>\n<p>Technique correctement ex\u00e9cut\u00e9e (distance+kim\u00e9+d\u00e9termination+contr\u00f4le)<\/p>\n<ul>\n<li>ma\u00eb geri jambe arri\u00e8re pos\u00e9 derri\u00e8re<\/li>\n<li>ma\u00eb geri jambe avant pos\u00e9 devant + reprise distance<\/li>\n<li>O\u00ef tsuki jodan gyaku tsuki shudan<\/li>\n<li>mawachi geri jambe arri\u00e8re pos\u00e9 derri\u00e8re<\/li>\n<li>mawachi geri jambe avant + reprise distance<\/li>\n<\/ul>\n<p>Kihon ippon kumite :<\/p>\n<ul>\n<li>(5 attaques)<\/li>\n<\/ul>\n<p>Jyu ippon kumite :<\/p>\n<ul>\n<li>sur deux attaques (une de point une de jambe)<\/li>\n<\/ul>\n<p>Jyu kumite :<\/p>\n<ul>\n<li>(2x1min) avec changement de partenaire<\/li>\n<\/ul>\n<p>&nbsp;<\/p>\n<p style=\"text-align: center;\"><a class=\"maxbutton-5 maxbutton maxbutton-en-savoir-plus-karate\" href=\"\/?page_id=1054\"><span class='mb-text'>Les Katas<\/span><\/a> &nbsp;&nbsp;&nbsp;&nbsp;&nbsp;&nbsp;&nbsp;&nbsp;&nbsp;&nbsp;&nbsp;&nbsp;&nbsp;&nbsp;&nbsp;&nbsp;&nbsp;&nbsp;&nbsp;&nbsp;&nbsp;&nbsp;&nbsp;&nbsp;&nbsp;&nbsp;&nbsp;&nbsp;&nbsp;&nbsp;&nbsp;&nbsp;&nbsp;&nbsp;&nbsp;&nbsp;&nbsp;&nbsp;&nbsp;&nbsp;&nbsp;&nbsp; &nbsp; &nbsp; &nbsp; &nbsp; &nbsp; &nbsp; &nbsp; &nbsp; &nbsp; &nbsp; &nbsp; &nbsp; &nbsp; &nbsp; &nbsp; &nbsp; &nbsp; &nbsp; &nbsp; &nbsp; &nbsp; &nbsp; &nbsp; &nbsp;&nbsp; <a class=\"maxbutton-7 maxbutton maxbutton-en-savoir-plus-karate\" rel=\"nofollow noopener\" href=\"\/?page_id=1056\"><span class='mb-text'>Passages de grades enfants<\/span><\/a><\/p>\n","protected":false},"excerpt":{"rendered":"<p>Retrouvez sur cette page les kihons et listes de katas demand\u00e9s par le Karat\u00e9 Club de Tremblay-en-France lors des passages de grades de la ceinture jaune \u00e0 la ceinture marron. Pour ceux qui d\u00e9sirent les travailler \u00e0 la maison, vous pourrez t\u00e9l\u00e9charger l&#8217;ensemble des kihons&nbsp; en cliquant sur le bouton. &nbsp;&nbsp; &nbsp;&nbsp; Kata : Gekisai [&hellip;]<\/p>\n","protected":false},"author":1,"featured_media":0,"parent":0,"menu_order":0,"comment_status":"closed","ping_status":"closed","template":"","meta":{"_exactmetrics_skip_tracking":false,"_exactmetrics_sitenote_active":false,"_exactmetrics_sitenote_note":"","_exactmetrics_sitenote_category":0,"ngg_post_thumbnail":0,"footnotes":""},"class_list":["post-1058","page","type-page","status-publish","hentry"],"jetpack_shortlink":"https:\/\/wp.me\/P6TujZ-h4","jetpack-related-posts":[{"id":1056,"url":"https:\/\/www.gojuryu93.com\/?page_id=1056","url_meta":{"origin":1058,"position":0},"title":"Passage de grade Enfant","author":"Team-Goju","date":"11 juillet 2015","format":false,"excerpt":"Retrouvez sur cette page les kihons et listes de katas demand\u00e9s par le Karat\u00e9 Club de Tremblay-en-France lors des passages de grades de la ceinture jaune \u00e0 la ceinture marron pour les enfants. Pour ceux qui d\u00e9sirent les travailler \u00e0 la maison, vous pourrez t\u00e9l\u00e9charger l\u2019ensemble des kihons\u00a0 en cliquant\u2026","rel":"","context":"Article similaire","block_context":{"text":"Article similaire","link":""},"img":{"alt_text":"6e Kyu Ceinture blanche","src":"https:\/\/i0.wp.com\/www.gojuryu93.com\/wp-content\/uploads\/2015\/07\/white-karat%C3%A9.jpg?resize=350%2C200","width":350,"height":200},"classes":[]},{"id":1063,"url":"https:\/\/www.gojuryu93.com\/?page_id=1063","url_meta":{"origin":1058,"position":1},"title":"Passage de grades Kobudo","author":"Team-Goju","date":"11 juillet 2015","format":false,"excerpt":"Lors des passages de grades kobudo traditionnel, un certain nombre de pratiques et techniques sont requises pour pouvoir obtenir le grade souhait\u00e9. Les techniques demand\u00e9es sont pr\u00e9sentes dans le tableau r\u00e9capitulatif pr\u00e9sent sur cette page et en r\u00e9f\u00e9rence \u00e0 ce qui est demand\u00e9 par la Ligue Oshuka\u00ef France pour le\u2026","rel":"","context":"Article similaire","block_context":{"text":"Article similaire","link":""},"img":{"alt_text":"5e kyu Ceinture jaune","src":"https:\/\/i0.wp.com\/www.gojuryu93.com\/wp-content\/uploads\/2015\/07\/yellow-e1483194264660.png?resize=350%2C200","width":350,"height":200},"classes":[]},{"id":1052,"url":"https:\/\/www.gojuryu93.com\/?page_id=1052","url_meta":{"origin":1058,"position":2},"title":"Les frappes","author":"Team-Goju","date":"11 juillet 2015","format":false,"excerpt":"\u00a0ATEMI : Coup frapp\u00e9 sur le corps (ate - mi) Nous allons d\u00e9crire dans cette page les parties du corps avec lesquelles on peut porter des coups en Goju-ryu. Pour quelques unes d'entre-elles,\u00a0 en illustration la fa\u00e7on de proc\u00e9der. Nous expliquerons \u00e9galement, succinctement, le pourquoi de cette frappe et son\u2026","rel":"","context":"Article similaire","block_context":{"text":"Article similaire","link":""},"img":{"alt_text":"211","src":"https:\/\/i0.wp.com\/www.gojuryu93.com\/wp-content\/uploads\/2015\/07\/211.png?resize=350%2C200","width":350,"height":200},"classes":[]},{"id":1375,"url":"https:\/\/www.gojuryu93.com\/?page_id=1375","url_meta":{"origin":1058,"position":3},"title":"R\u00e9glement","author":"Team-Goju","date":"12 d\u00e9cembre 2015","format":false,"excerpt":"R\u00e8glement int\u00e9rieur \u00a0 L'association GOJU-RYU est affili\u00e9e \u00e0 la F\u00e9d\u00e9ration Fran\u00e7aise de Karat\u00e9 et Disciplines associ\u00e9es, ce qui rend obligatoire chaque ann\u00e9e sportive la prise d'une licence aupr\u00e8s de cette f\u00e9d\u00e9ration. L'enseignant\u00a0 est le seul responsable de la continuit\u00e9 du style de l'association. pour notre association le style GOJU-RYU. L'enseignant\u2026","rel":"","context":"Article similaire","block_context":{"text":"Article similaire","link":""},"img":{"alt_text":"R\u00e9glement int\u00e9rieur","src":"https:\/\/i0.wp.com\/www.gojuryu93.com\/wp-content\/uploads\/2015\/12\/R%C3%A9glement-int%C3%A9rieur.jpg?resize=350%2C200","width":350,"height":200},"classes":[]},{"id":1339,"url":"https:\/\/www.gojuryu93.com\/?page_id=1339","url_meta":{"origin":1058,"position":4},"title":"Historique du club","author":"Team-Goju","date":"6 d\u00e9cembre 2015","format":false,"excerpt":"Le Karat\u00e9 Club de Tremblay-en-France est en perp\u00e9tuelle croissance et accentue son action vers la promotion du karat\u00e9 Goju-Ryu, dont il est le seul repr\u00e9sentant dans le d\u00e9partement de la Seine-Saint-Denis et aussi du Kobudo dans la pure tradition d\u2019Okinawa. Notre club fut fond\u00e9 en 1967, par Daniel DJADEL. A\u2026","rel":"","context":"Article similaire","block_context":{"text":"Article similaire","link":""},"img":{"alt_text":"Toguchi_karatemag_1969","src":"https:\/\/i0.wp.com\/www.gojuryu93.com\/wp-content\/uploads\/2015\/12\/Toguchi_karatemag_1969.png?resize=350%2C200","width":350,"height":200},"classes":[]},{"id":1054,"url":"https:\/\/www.gojuryu93.com\/?page_id=1054","url_meta":{"origin":1058,"position":5},"title":"Les KATAS","author":"Team-Goju","date":"11 juillet 2015","format":false,"excerpt":"Il n\u2019y a pas de kata \u00ab facile \u00bb ! Ils comportent tous leurs propres difficult\u00e9s. Ces difficult\u00e9s ne sont pas seulement propres \u00e0 chaque kata mais aussi \u00e0 chaque individu qui veut le ma\u00eetriser. Un kata peut pr\u00e9senter des obstacles diff\u00e9rents selon la personnalit\u00e9 du pratiquant qui l\u2019aborde. Un\u2026","rel":"","context":"Article similaire","block_context":{"text":"Article similaire","link":""},"img":{"alt_text":"","src":"","width":0,"height":0},"classes":[]}],"jetpack_sharing_enabled":true,"_links":{"self":[{"href":"https:\/\/www.gojuryu93.com\/index.php?rest_route=\/wp\/v2\/pages\/1058","targetHints":{"allow":["GET"]}}],"collection":[{"href":"https:\/\/www.gojuryu93.com\/index.php?rest_route=\/wp\/v2\/pages"}],"about":[{"href":"https:\/\/www.gojuryu93.com\/index.php?rest_route=\/wp\/v2\/types\/page"}],"author":[{"embeddable":true,"href":"https:\/\/www.gojuryu93.com\/index.php?rest_route=\/wp\/v2\/users\/1"}],"replies":[{"embeddable":true,"href":"https:\/\/www.gojuryu93.com\/index.php?rest_route=%2Fwp%2Fv2%2Fcomments&post=1058"}],"version-history":[{"count":0,"href":"https:\/\/www.gojuryu93.com\/index.php?rest_route=\/wp\/v2\/pages\/1058\/revisions"}],"wp:attachment":[{"href":"https:\/\/www.gojuryu93.com\/index.php?rest_route=%2Fwp%2Fv2%2Fmedia&parent=1058"}],"curies":[{"name":"wp","href":"https:\/\/api.w.org\/{rel}","templated":true}]}}