{"id":1063,"date":"2015-07-11T00:15:49","date_gmt":"2015-07-10T22:15:49","guid":{"rendered":"http:\/\/82.67.161.76\/Gojuryu93Com\/?page_id=1063"},"modified":"2016-12-31T17:22:33","modified_gmt":"2016-12-31T16:22:33","slug":"passage-de-grade-kobudo","status":"publish","type":"page","link":"https:\/\/www.gojuryu93.com\/?page_id=1063","title":{"rendered":"Passage de grades Kobudo"},"content":{"rendered":"<p>Lors des passages de grades kobudo traditionnel, un certain nombre de pratiques et techniques sont requises pour pouvoir obtenir le grade souhait\u00e9.<\/p>\n<p>Les techniques demand\u00e9es sont pr\u00e9sentes dans le tableau r\u00e9capitulatif pr\u00e9sent sur cette page et en r\u00e9f\u00e9rence \u00e0 ce qui est demand\u00e9 par la <a href=\"http:\/\/www.oshukai-paris.fr\/kobudo\/passages-de-grade-kobudo-couleur\/\">Ligue Oshuka\u00ef France pour le passage des grades de couleurs.<\/a><\/p>\n<p>Le passage de chaque grade permet l&#8217;acc\u00e8s \u00e0 la pratique d&#8217;une nouvelle arme qui sera n\u00e9cessaire pour le passage de grade suivant.<\/p>\n<p>A l&#8217;issue du passage du 1er Kyu (ceinture marron) vous serez pr\u00eat pour le passage vers le premier Dan ceinture Noire Kobudo et votre professeur vous indiquera alors les d\u00e9marches \u00e0 effectuer pour vous pr\u00e9senter \u00e0 l&#8217;examen.<\/p>\n<table class=\"alignleft\" style=\"height: 998px; border-color: #050000; width: 1100px;\" border=\"6\">\n<thead>\n<tr style=\"height: 41px; border-color: #e60e0e; background-color: #e1e5f0;\">\n<td style=\"width: 200.667px; height: 41px; text-align: center;\" colspan=\"2\">\n<div id=\"stcpDiv\"><span style=\"font-size: 16px;\"><strong>Grade<\/strong><\/span><\/div>\n<\/td>\n<td style=\"width: 90.3333px; height: 41px; text-align: center;\"><span style=\"font-size: 16px;\"><strong>Conditions<br \/>\n<\/strong><\/span><\/td>\n<td style=\"width: 140.433px; height: 41px; text-align: center;\"><span style=\"font-size: 16px;\"><strong>BO<\/strong><\/span><\/td>\n<td style=\"width: 134.133px; height: 41px; text-align: center;\">\n<div id=\"stcpDiv\"><span style=\"font-size: 16px;\"><strong>SAI<\/strong><\/span><\/div>\n<\/td>\n<td style=\"width: 117.7px; height: 41px; text-align: center;\">\n<div id=\"stcpDiv\"><span style=\"font-size: 16px;\"><strong>TUNKUWA (Tonfa)<\/strong><\/span><\/div>\n<\/td>\n<td style=\"width: 126.9px; height: 41px; text-align: center;\">\n<div id=\"stcpDiv\"><span style=\"font-size: 16px;\"><strong>NUNCHAKU<\/strong><\/span><\/div>\n<\/td>\n<\/tr>\n<\/thead>\n<tbody>\n<tr style=\"height: 105px;\">\n<td style=\"width: 70px; height: 105px;\"><img data-recalc-dims=\"1\" loading=\"lazy\" decoding=\"async\" data-attachment-id=\"1370\" data-permalink=\"https:\/\/www.gojuryu93.com\/?attachment_id=1370\" data-orig-file=\"https:\/\/i0.wp.com\/www.gojuryu93.com\/wp-content\/uploads\/2015\/07\/yellow-e1483194264660.png?fit=112%2C149&amp;ssl=1\" data-orig-size=\"112,149\" data-comments-opened=\"0\" data-image-meta=\"{&quot;aperture&quot;:&quot;0&quot;,&quot;credit&quot;:&quot;&quot;,&quot;camera&quot;:&quot;&quot;,&quot;caption&quot;:&quot;&quot;,&quot;created_timestamp&quot;:&quot;0&quot;,&quot;copyright&quot;:&quot;&quot;,&quot;focal_length&quot;:&quot;0&quot;,&quot;iso&quot;:&quot;0&quot;,&quot;shutter_speed&quot;:&quot;0&quot;,&quot;title&quot;:&quot;&quot;,&quot;orientation&quot;:&quot;0&quot;}\" data-image-title=\"yellow\" data-image-description=\"\" data-image-caption=\"&lt;p&gt;5e kyu Ceinture jaune&lt;\/p&gt;\n\" data-large-file=\"https:\/\/i0.wp.com\/www.gojuryu93.com\/wp-content\/uploads\/2015\/07\/yellow-e1483194264660.png?fit=112%2C149&amp;ssl=1\" class=\"img-responsive wp-image-1370 aligncenter\" src=\"https:\/\/i0.wp.com\/www.gojuryu93.com\/wp-content\/uploads\/2015\/07\/yellow-e1483194264660.png?resize=70%2C93\" alt=\"5e kyu Ceinture jaune\" width=\"70\" height=\"93\"><\/td>\n<td style=\"width: 82.6667px; height: 105px;\"><span style=\"font-size: 12px;\"><strong>Cinqui\u00e8me Kyu Ceinture JAUNE<\/strong><\/span><\/td>\n<td style=\"width: 90.3333px; height: 105px;\"><span style=\"font-size: 12px;\">Minimum 3 mois de pratique<\/span><\/td>\n<td style=\"width: 140.433px; height: 105px;\">\n<ul>\n<li><span style=\"font-size: 12px;\">Bo hojoundo ichi<\/span><\/li>\n<li><span style=\"font-size: 12px;\">Bo kihon ichi<\/span><\/li>\n<li><span style=\"font-size: 12px;\">Kumi Bo ichi<\/span><\/li>\n<li><span style=\"font-size: 12px;\">ou kata kumiwaza<\/span><\/li>\n<\/ul>\n<\/td>\n<td style=\"width: 134.133px; height: 105px;\">&nbsp;<\/td>\n<td style=\"width: 117.7px; height: 105px;\">&nbsp;<\/td>\n<td style=\"width: 126.9px; height: 105px;\">&nbsp;<\/td>\n<\/tr>\n<tr style=\"height: 130.917px;\">\n<td style=\"width: 70px; height: 130.917px; text-align: left;\"><img data-recalc-dims=\"1\" loading=\"lazy\" decoding=\"async\" data-attachment-id=\"1372\" data-permalink=\"https:\/\/www.gojuryu93.com\/?attachment_id=1372\" data-orig-file=\"https:\/\/i0.wp.com\/www.gojuryu93.com\/wp-content\/uploads\/2015\/07\/orange-e1483194310986.png?fit=113%2C150&amp;ssl=1\" data-orig-size=\"113,150\" data-comments-opened=\"0\" data-image-meta=\"{&quot;aperture&quot;:&quot;0&quot;,&quot;credit&quot;:&quot;&quot;,&quot;camera&quot;:&quot;&quot;,&quot;caption&quot;:&quot;&quot;,&quot;created_timestamp&quot;:&quot;0&quot;,&quot;copyright&quot;:&quot;&quot;,&quot;focal_length&quot;:&quot;0&quot;,&quot;iso&quot;:&quot;0&quot;,&quot;shutter_speed&quot;:&quot;0&quot;,&quot;title&quot;:&quot;&quot;,&quot;orientation&quot;:&quot;0&quot;}\" data-image-title=\"orange\" data-image-description=\"\" data-image-caption=\"\" data-large-file=\"https:\/\/i0.wp.com\/www.gojuryu93.com\/wp-content\/uploads\/2015\/07\/orange-e1483194310986.png?fit=113%2C150&amp;ssl=1\" class=\"img-responsive aligncenter wp-image-1372 \" src=\"https:\/\/i0.wp.com\/www.gojuryu93.com\/wp-content\/uploads\/2015\/07\/orange-e1483194310986.png?resize=70%2C93\" alt=\"orange\" width=\"70\" height=\"93\"><\/td>\n<td style=\"width: 82.6667px; height: 130.917px;\"><span style=\"font-size: 12px;\"><strong>Quatri\u00e8me Kyu Ceinture ORANGE<\/strong><\/span><\/td>\n<td style=\"width: 90.3333px; height: 130.917px;\"><span style=\"font-size: 12px;\">Minimum 3 mois apr\u00e8s le cinqui\u00e8me Kyu<\/span><\/td>\n<td style=\"width: 140.433px; height: 130.917px;\">\n<ul>\n<li><span style=\"font-size: 12px;\">Bo hojoundo ni<\/span><\/li>\n<li><span style=\"font-size: 12px;\">Bo kihon ni<\/span><\/li>\n<li><span style=\"font-size: 12px;\">Kumi bo ni<\/span><\/li>\n<li><span style=\"font-size: 12px;\">ou kata kumiwaza<\/span><\/li>\n<\/ul>\n<\/td>\n<td style=\"width: 134.133px; height: 130.917px;\">\n<ul>\n<li><span style=\"font-size: 12px;\">Sai hojoundo ichi<\/span><\/li>\n<\/ul>\n<\/td>\n<td style=\"width: 117.7px; height: 130.917px;\">&nbsp;<\/td>\n<td style=\"width: 126.9px; height: 130.917px;\">&nbsp;<\/td>\n<\/tr>\n<tr style=\"height: 144px;\">\n<td style=\"width: 70px; height: 144px; text-align: left;\"><img data-recalc-dims=\"1\" loading=\"lazy\" decoding=\"async\" data-attachment-id=\"1496\" data-permalink=\"https:\/\/www.gojuryu93.com\/?attachment_id=1496\" data-orig-file=\"https:\/\/i0.wp.com\/www.gojuryu93.com\/wp-content\/uploads\/2015\/07\/green-1-e1483195000194.png?fit=113%2C150&amp;ssl=1\" data-orig-size=\"113,150\" data-comments-opened=\"0\" data-image-meta=\"{&quot;aperture&quot;:&quot;0&quot;,&quot;credit&quot;:&quot;&quot;,&quot;camera&quot;:&quot;&quot;,&quot;caption&quot;:&quot;&quot;,&quot;created_timestamp&quot;:&quot;0&quot;,&quot;copyright&quot;:&quot;&quot;,&quot;focal_length&quot;:&quot;0&quot;,&quot;iso&quot;:&quot;0&quot;,&quot;shutter_speed&quot;:&quot;0&quot;,&quot;title&quot;:&quot;&quot;,&quot;orientation&quot;:&quot;0&quot;}\" data-image-title=\"green\" data-image-description=\"\" data-image-caption=\"&lt;p&gt;Ceinture verte&lt;\/p&gt;\n\" data-large-file=\"https:\/\/i0.wp.com\/www.gojuryu93.com\/wp-content\/uploads\/2015\/07\/green-1-e1483195000194.png?fit=113%2C150&amp;ssl=1\" class=\"aligncenter wp-image-1496 \" src=\"https:\/\/i0.wp.com\/www.gojuryu93.com\/wp-content\/uploads\/2015\/07\/green-1-e1483195000194.png?resize=70%2C93\" width=\"70\" height=\"93\"><\/td>\n<td style=\"width: 82.6667px; height: 144px;\"><span style=\"font-size: 12px;\"><strong>Troisi\u00e8me Kyu Ceinture VERTE<\/strong><\/span><\/td>\n<td style=\"width: 90.3333px; height: 144px;\"><span style=\"font-size: 12px;\">Minimum 6 mois apr\u00e8s le quatri\u00e8me Kyu<\/span><\/td>\n<td style=\"width: 140.433px; height: 144px;\">\n<ul>\n<li><span style=\"font-size: 12px;\">Bo hojoundo san<\/span><\/li>\n<\/ul>\n<\/td>\n<td style=\"width: 134.133px; height: 144px;\">\n<ul>\n<li><span style=\"font-size: 12px;\">Sai hojoundo ni<\/span><\/li>\n<li><span style=\"font-size: 12px;\">Sai kihon ichi<\/span><\/li>\n<\/ul>\n<\/td>\n<td style=\"width: 117.7px; height: 144px;\">\n<ul>\n<li><span style=\"font-size: 12px;\">Tunkuwa hojoundo ichi<\/span><\/li>\n<\/ul>\n<\/td>\n<td style=\"width: 126.9px; height: 144px;\"><span style=\"font-size: 12px;\">&nbsp;<\/span><\/td>\n<\/tr>\n<tr style=\"height: 120px;\">\n<td style=\"width: 70px; height: 120px;\"><img data-recalc-dims=\"1\" loading=\"lazy\" decoding=\"async\" data-attachment-id=\"2727\" data-permalink=\"https:\/\/www.gojuryu93.com\/?attachment_id=2727\" data-orig-file=\"https:\/\/i0.wp.com\/www.gojuryu93.com\/wp-content\/uploads\/2016\/12\/blue-e1483195463385.png?fit=113%2C150&amp;ssl=1\" data-orig-size=\"113,150\" data-comments-opened=\"0\" data-image-meta=\"{&quot;aperture&quot;:&quot;0&quot;,&quot;credit&quot;:&quot;&quot;,&quot;camera&quot;:&quot;&quot;,&quot;caption&quot;:&quot;&quot;,&quot;created_timestamp&quot;:&quot;0&quot;,&quot;copyright&quot;:&quot;&quot;,&quot;focal_length&quot;:&quot;0&quot;,&quot;iso&quot;:&quot;0&quot;,&quot;shutter_speed&quot;:&quot;0&quot;,&quot;title&quot;:&quot;&quot;,&quot;orientation&quot;:&quot;0&quot;}\" data-image-title=\"blue\" data-image-description=\"\" data-image-caption=\"\" data-large-file=\"https:\/\/i0.wp.com\/www.gojuryu93.com\/wp-content\/uploads\/2016\/12\/blue-e1483195463385.png?fit=113%2C150&amp;ssl=1\" class=\"aligncenter wp-image-2727 \" src=\"https:\/\/i0.wp.com\/www.gojuryu93.com\/wp-content\/uploads\/2016\/12\/blue-e1483195463385.png?resize=70%2C93\" width=\"70\" height=\"93\"><\/td>\n<td style=\"width: 82.6667px; height: 120px;\"><span style=\"font-size: 12px;\"><strong>Deuxi\u00e8me Kyu Ceinture BLEUE <\/strong><\/span><\/td>\n<td style=\"width: 90.3333px; height: 120px;\"><span style=\"font-size: 12px;\">Minimum 6 mois apr\u00e8s le troisi\u00e8me Kyu<\/span><\/td>\n<td style=\"width: 140.433px; height: 120px;\">\n<ul>\n<li><span style=\"font-size: 12px;\">Kumi bo san<\/span><\/li>\n<\/ul>\n<\/td>\n<td style=\"width: 134.133px; height: 120px;\">\n<ul>\n<li><span style=\"font-size: 12px;\">Sai bunkai kihon ichi<\/span><\/li>\n<\/ul>\n<\/td>\n<td style=\"width: 117.7px; height: 120px;\">\n<ul>\n<li><span style=\"font-size: 12px;\">Tunkuwa kihon ichi<\/span><\/li>\n<\/ul>\n<\/td>\n<td style=\"width: 126.9px; height: 120px;\">\n<ul>\n<li><span style=\"font-size: 12px;\">Nunchaku hojoundo ichi<\/span><\/li>\n<\/ul>\n<\/td>\n<\/tr>\n<tr style=\"height: 120px;\">\n<td style=\"width: 70px; height: 120px;\"><img data-recalc-dims=\"1\" loading=\"lazy\" decoding=\"async\" data-attachment-id=\"1368\" data-permalink=\"https:\/\/www.gojuryu93.com\/?attachment_id=1368\" data-orig-file=\"https:\/\/i0.wp.com\/www.gojuryu93.com\/wp-content\/uploads\/2015\/07\/brown-e1483195498180.png?fit=113%2C150&amp;ssl=1\" data-orig-size=\"113,150\" data-comments-opened=\"0\" data-image-meta=\"{&quot;aperture&quot;:&quot;0&quot;,&quot;credit&quot;:&quot;&quot;,&quot;camera&quot;:&quot;&quot;,&quot;caption&quot;:&quot;&quot;,&quot;created_timestamp&quot;:&quot;0&quot;,&quot;copyright&quot;:&quot;&quot;,&quot;focal_length&quot;:&quot;0&quot;,&quot;iso&quot;:&quot;0&quot;,&quot;shutter_speed&quot;:&quot;0&quot;,&quot;title&quot;:&quot;&quot;,&quot;orientation&quot;:&quot;0&quot;}\" data-image-title=\"brown\" data-image-description=\"\" data-image-caption=\"&lt;p&gt;Premier Kyu Ceinture MARRON&lt;\/p&gt;\n\" data-large-file=\"https:\/\/i0.wp.com\/www.gojuryu93.com\/wp-content\/uploads\/2015\/07\/brown-e1483195498180.png?fit=113%2C150&amp;ssl=1\" class=\"img-responsive wp-image-1368 aligncenter\" src=\"https:\/\/i0.wp.com\/www.gojuryu93.com\/wp-content\/uploads\/2015\/07\/brown-e1483195498180.png?resize=70%2C93\" alt=\"Premier Kyu Ceinture MARRON\" width=\"70\" height=\"93\"><\/td>\n<td style=\"width: 82.6667px; height: 120px;\"><span style=\"font-size: 12px;\"><strong>Premier Kyu Ceinture MARRON <\/strong><\/span><\/td>\n<td style=\"width: 90.3333px; height: 120px;\"><span style=\"font-size: 12px;\">Minimum 6 mois apr\u00e8s le deuxi\u00e8me Kyu<\/span><\/td>\n<td style=\"width: 140.433px; height: 120px;\">\n<ul>\n<li><span style=\"font-size: 12px;\">Shushi no kon<\/span><\/li>\n<\/ul>\n<\/td>\n<td style=\"width: 134.133px; height: 120px;\">\n<ul>\n<li><span style=\"font-size: 12px;\">Matayoshi no sai dai ichi<\/span><\/li>\n<\/ul>\n<\/td>\n<td style=\"width: 117.7px; height: 120px;\">\n<ul>\n<li><span style=\"font-size: 12px;\">Tunkuwa kihon ichi kata kumiwaza<\/span><\/li>\n<\/ul>\n<\/td>\n<td style=\"width: 126.9px; height: 120px;\">\n<ul>\n<li><span style=\"font-size: 12px;\">Nunchaku hojoundo ni<\/span><\/li>\n<\/ul>\n<\/td>\n<\/tr>\n<\/tbody>\n<\/table>\n<p>&nbsp;<\/p>\n<p style=\"text-align: center;\"><a class=\"maxbutton-13 maxbutton maxbutton-kobudo-les-armes\" rel=\"nofollow noopener\" href=\"\/?page_id=1060\"><span class='mb-text'>Kobudo : Les armes<\/span><\/a>&nbsp;&nbsp;&nbsp;&nbsp;&nbsp;&nbsp;&nbsp;&nbsp;&nbsp;&nbsp;&nbsp;&nbsp;&nbsp;&nbsp;&nbsp;&nbsp;&nbsp;&nbsp;&nbsp;&nbsp;&nbsp;&nbsp;&nbsp;&nbsp;&nbsp;&nbsp;&nbsp;&nbsp;&nbsp;&nbsp;&nbsp;&nbsp;&nbsp;&nbsp;&nbsp;&nbsp;&nbsp;&nbsp;&nbsp;&nbsp;&nbsp;&nbsp;&nbsp;&nbsp;&nbsp;&nbsp;&nbsp;&nbsp;&nbsp;&nbsp;&nbsp;&nbsp;&nbsp;&nbsp;&nbsp;&nbsp;&nbsp;&nbsp;&nbsp;&nbsp;&nbsp;&nbsp;&nbsp;&nbsp;&nbsp;&nbsp;&nbsp;&nbsp;&nbsp;&nbsp;&nbsp;&nbsp;&nbsp;&nbsp;&nbsp;&nbsp;&nbsp;&nbsp;&nbsp;&nbsp;&nbsp;&nbsp;&nbsp;&nbsp;&nbsp;&nbsp;&nbsp;&nbsp;&nbsp;&nbsp; <a class=\"maxbutton-8 maxbutton maxbutton-retour-a-l-acceuil\" href=\"http:\/\/www.gojuryu93.com\/\"><span class='mb-text'>Retour \u00e0 Acceuil<\/span><\/a><\/p>\n","protected":false},"excerpt":{"rendered":"<p>Lors des passages de grades kobudo traditionnel, un certain nombre de pratiques et techniques sont requises pour pouvoir obtenir le grade souhait\u00e9. Les techniques demand\u00e9es sont pr\u00e9sentes dans le tableau r\u00e9capitulatif pr\u00e9sent sur cette page et en r\u00e9f\u00e9rence \u00e0 ce qui est demand\u00e9 par la Ligue Oshuka\u00ef France pour le passage des grades de couleurs. [&hellip;]<\/p>\n","protected":false},"author":1,"featured_media":0,"parent":0,"menu_order":0,"comment_status":"closed","ping_status":"closed","template":"","meta":{"_exactmetrics_skip_tracking":false,"_exactmetrics_sitenote_active":false,"_exactmetrics_sitenote_note":"","_exactmetrics_sitenote_category":0,"ngg_post_thumbnail":0,"footnotes":""},"class_list":["post-1063","page","type-page","status-publish","hentry"],"jetpack_shortlink":"https:\/\/wp.me\/P6TujZ-h9","jetpack-related-posts":[{"id":1058,"url":"https:\/\/www.gojuryu93.com\/?page_id=1058","url_meta":{"origin":1063,"position":0},"title":"Passage de grade Adultes","author":"Team-Goju","date":"11 juillet 2015","format":false,"excerpt":"Retrouvez sur cette page les kihons et listes de katas demand\u00e9s par le Karat\u00e9 Club de Tremblay-en-France lors des passages de grades de la ceinture jaune \u00e0 la ceinture marron. Pour ceux qui d\u00e9sirent les travailler \u00e0 la maison, vous pourrez t\u00e9l\u00e9charger l'ensemble des kihons\u00a0 en cliquant sur le bouton.\u2026","rel":"","context":"Article similaire","block_context":{"text":"Article similaire","link":""},"img":{"alt_text":"5e kyu Ceinture jaune","src":"https:\/\/i0.wp.com\/www.gojuryu93.com\/wp-content\/uploads\/2015\/07\/yellow.png?resize=350%2C200","width":350,"height":200},"classes":[]},{"id":1339,"url":"https:\/\/www.gojuryu93.com\/?page_id=1339","url_meta":{"origin":1063,"position":1},"title":"Historique du club","author":"Team-Goju","date":"6 d\u00e9cembre 2015","format":false,"excerpt":"Le Karat\u00e9 Club de Tremblay-en-France est en perp\u00e9tuelle croissance et accentue son action vers la promotion du karat\u00e9 Goju-Ryu, dont il est le seul repr\u00e9sentant dans le d\u00e9partement de la Seine-Saint-Denis et aussi du Kobudo dans la pure tradition d\u2019Okinawa. Notre club fut fond\u00e9 en 1967, par Daniel DJADEL. A\u2026","rel":"","context":"Article similaire","block_context":{"text":"Article similaire","link":""},"img":{"alt_text":"Toguchi_karatemag_1969","src":"https:\/\/i0.wp.com\/www.gojuryu93.com\/wp-content\/uploads\/2015\/12\/Toguchi_karatemag_1969.png?resize=350%2C200","width":350,"height":200},"classes":[]},{"id":1056,"url":"https:\/\/www.gojuryu93.com\/?page_id=1056","url_meta":{"origin":1063,"position":2},"title":"Passage de grade Enfant","author":"Team-Goju","date":"11 juillet 2015","format":false,"excerpt":"Retrouvez sur cette page les kihons et listes de katas demand\u00e9s par le Karat\u00e9 Club de Tremblay-en-France lors des passages de grades de la ceinture jaune \u00e0 la ceinture marron pour les enfants. Pour ceux qui d\u00e9sirent les travailler \u00e0 la maison, vous pourrez t\u00e9l\u00e9charger l\u2019ensemble des kihons\u00a0 en cliquant\u2026","rel":"","context":"Article similaire","block_context":{"text":"Article similaire","link":""},"img":{"alt_text":"6e Kyu Ceinture blanche","src":"https:\/\/i0.wp.com\/www.gojuryu93.com\/wp-content\/uploads\/2015\/07\/white-karat%C3%A9.jpg?resize=350%2C200","width":350,"height":200},"classes":[]},{"id":267,"url":"https:\/\/www.gojuryu93.com\/?page_id=267","url_meta":{"origin":1063,"position":3},"title":"Pourquoi pratiquer le Karat\u00e9 Goju-Ryu","author":"Team-Goju","date":"6 novembre 2015","format":false,"excerpt":"Acqu\u00e9rir une bonne condition physique. Avoir une meilleure connaissance de soi. Apporter un bon \u00e9quilibre mental. \u00c9viter les d\u00e9rives de la violence. Transformer l'agressivit\u00e9 en \u00e9nergie positive. Aider \u00e0 la concentration. Apprendre la patience. G\u00e9rer le stress et l'angoisse. Contr\u00f4ler des \u00e9motions. Canaliser l\u2019\u00e9nergie. Inculquer la courtoisie, le respect, la\u2026","rel":"","context":"Article similaire","block_context":{"text":"Article similaire","link":""},"img":{"alt_text":"Pourquoi pratiquer","src":"https:\/\/i0.wp.com\/www.gojuryu93.com\/wp-content\/uploads\/2015\/06\/Stage-Federal-Zenei-OSHIRO_21-03-2015__0611-e1446835661448-190x300.jpg?resize=350%2C200","width":350,"height":200},"classes":[]},{"id":1375,"url":"https:\/\/www.gojuryu93.com\/?page_id=1375","url_meta":{"origin":1063,"position":4},"title":"R\u00e9glement","author":"Team-Goju","date":"12 d\u00e9cembre 2015","format":false,"excerpt":"R\u00e8glement int\u00e9rieur \u00a0 L'association GOJU-RYU est affili\u00e9e \u00e0 la F\u00e9d\u00e9ration Fran\u00e7aise de Karat\u00e9 et Disciplines associ\u00e9es, ce qui rend obligatoire chaque ann\u00e9e sportive la prise d'une licence aupr\u00e8s de cette f\u00e9d\u00e9ration. L'enseignant\u00a0 est le seul responsable de la continuit\u00e9 du style de l'association. pour notre association le style GOJU-RYU. L'enseignant\u2026","rel":"","context":"Article similaire","block_context":{"text":"Article similaire","link":""},"img":{"alt_text":"R\u00e9glement int\u00e9rieur","src":"https:\/\/i0.wp.com\/www.gojuryu93.com\/wp-content\/uploads\/2015\/12\/R%C3%A9glement-int%C3%A9rieur.jpg?resize=350%2C200","width":350,"height":200},"classes":[]},{"id":716,"url":"https:\/\/www.gojuryu93.com\/?page_id=716","url_meta":{"origin":1063,"position":5},"title":"Le Kobudo","author":"Team-Goju","date":"11 juin 2015","format":false,"excerpt":"\u00a0 Kobudo signifie litt\u00e9ralement \u00ab Art martial ancien \u00bb mais \u00e9galement \u00ab Art d'un comportement spirituel vis-\u00e0-vis du combat \u00bb. Le Kobudod'Okinawa a connu une \u00e9volution parall\u00e8le au Karat\u00e9. \u00a0 Ces techniques sont arriv\u00e9es jusqu'\u00e0 nous gr\u00e2ce \u00e0 Ma\u00eetre Shinko MATAYOSHI et son fils Shinpo. N\u00e9 en 1888 dans la\u2026","rel":"","context":"Article similaire","block_context":{"text":"Article similaire","link":""},"img":{"alt_text":"Kobudo_W01","src":"https:\/\/i0.wp.com\/www.gojuryu93.com\/wp-content\/uploads\/2015\/06\/Kobudo_W01-246x300.jpg?resize=350%2C200","width":350,"height":200},"classes":[]}],"jetpack_sharing_enabled":true,"_links":{"self":[{"href":"https:\/\/www.gojuryu93.com\/index.php?rest_route=\/wp\/v2\/pages\/1063","targetHints":{"allow":["GET"]}}],"collection":[{"href":"https:\/\/www.gojuryu93.com\/index.php?rest_route=\/wp\/v2\/pages"}],"about":[{"href":"https:\/\/www.gojuryu93.com\/index.php?rest_route=\/wp\/v2\/types\/page"}],"author":[{"embeddable":true,"href":"https:\/\/www.gojuryu93.com\/index.php?rest_route=\/wp\/v2\/users\/1"}],"replies":[{"embeddable":true,"href":"https:\/\/www.gojuryu93.com\/index.php?rest_route=%2Fwp%2Fv2%2Fcomments&post=1063"}],"version-history":[{"count":0,"href":"https:\/\/www.gojuryu93.com\/index.php?rest_route=\/wp\/v2\/pages\/1063\/revisions"}],"wp:attachment":[{"href":"https:\/\/www.gojuryu93.com\/index.php?rest_route=%2Fwp%2Fv2%2Fmedia&parent=1063"}],"curies":[{"name":"wp","href":"https:\/\/api.w.org\/{rel}","templated":true}]}}