{"id":1065,"date":"2015-07-11T00:19:23","date_gmt":"2015-07-10T22:19:23","guid":{"rendered":"http:\/\/82.67.161.76\/Gojuryu93Com\/?page_id=1065"},"modified":"2018-10-29T15:34:13","modified_gmt":"2018-10-29T14:34:13","slug":"les-rituels-de-politesse","status":"publish","type":"page","link":"https:\/\/www.gojuryu93.com\/?page_id=1065","title":{"rendered":"Les rituels de politesse"},"content":{"rendered":"<h1 style=\"text-align: center;\" align=\"center\"><span style=\"color: #e2341d;\">RITUELS ET FORMULES DE POLITESSE<\/span><\/h1>\n<p style=\"margin-bottom: 12pt;\">Inclus dans la pratique du Gojuryu sont les rituels et formules de politesse habituelles dans la soci\u00e9t\u00e9 japonaise.<br \/>\nIl peut sembler ridicule (vue que tout le monde n&#8217;est pas japonais) d&#8217;utiliser tous ces rituels! Nous les estimons utiles en premier lieu car ils t\u00e9moignent du respect qui est d\u00fb \u00e0 tout individu et aussi, par ce qu&#8217;ils induisent, \u00e0 long terme, une bonne mentalit\u00e9 de travail.<br \/>\nAinsi il convient de s&#8217;habituer \u00e0 utiliser une bonne tenue et une formulation verbale correcte<\/p>\n<h1 style=\"text-align: center;\" align=\"center\"><span style=\"color: #e2341d;\">SALUTATIONS DU D\u00c9BUT ET FIN DE COURS<\/span><\/h1>\n<p><img data-recalc-dims=\"1\" loading=\"lazy\" decoding=\"async\" data-attachment-id=\"3352\" data-permalink=\"https:\/\/www.gojuryu93.com\/?attachment_id=3352\" data-orig-file=\"https:\/\/i0.wp.com\/www.gojuryu93.com\/wp-content\/uploads\/2018\/10\/salut.jpg?fit=265%2C400&amp;ssl=1\" data-orig-size=\"265,400\" data-comments-opened=\"0\" data-image-meta=\"{&quot;aperture&quot;:&quot;0&quot;,&quot;credit&quot;:&quot;&quot;,&quot;camera&quot;:&quot;&quot;,&quot;caption&quot;:&quot;&quot;,&quot;created_timestamp&quot;:&quot;0&quot;,&quot;copyright&quot;:&quot;&quot;,&quot;focal_length&quot;:&quot;0&quot;,&quot;iso&quot;:&quot;0&quot;,&quot;shutter_speed&quot;:&quot;0&quot;,&quot;title&quot;:&quot;&quot;,&quot;orientation&quot;:&quot;0&quot;}\" data-image-title=\"salut\" data-image-description=\"\" data-image-caption=\"\" data-large-file=\"https:\/\/i0.wp.com\/www.gojuryu93.com\/wp-content\/uploads\/2018\/10\/salut.jpg?fit=265%2C400&amp;ssl=1\" class=\"aligncenter  wp-image-3352\" src=\"https:\/\/i0.wp.com\/www.gojuryu93.com\/wp-content\/uploads\/2018\/10\/salut.jpg?resize=322%2C485\" alt=\"\" width=\"322\" height=\"485\" srcset=\"https:\/\/i0.wp.com\/www.gojuryu93.com\/wp-content\/uploads\/2018\/10\/salut.jpg?resize=199%2C300&amp;ssl=1 199w, https:\/\/i0.wp.com\/www.gojuryu93.com\/wp-content\/uploads\/2018\/10\/salut.jpg?w=265&amp;ssl=1 265w\" sizes=\"auto, (max-width: 322px) 100vw, 322px\" \/><\/p>\n<h1>&nbsp;<\/h1>\n<p><span style=\"color: red;\">SEIZA :<\/span> &#8220;Assis&#8221; correctement, d\u00e9tendu, fesses sur les talons, dos droit, mains sur les cuisses, regarder devant soi un point sur le sol \u00e0 environ 3m, en silence et sans bouger.<\/p>\n<p><span style=\"color: red;\">MOKUTSO :<\/span> &#8220;Concentration&#8221;. Pr\u00e9parez-vous mentalement \u00e0 suivre un entra\u00eenement et \u00e0 donner le meilleur de vous, si c&#8217;est le d\u00e9but du cours. S&#8217;il s&#8217;agit de la fin du cours, pr\u00e9parez-vous au retour \u00e0 la &#8220;vie normale&#8221;.<br \/>\nApr\u00e8s quelques secondes la personne qui donne les instructions dira:<br \/>\n<span style=\"color: red;\">NAORE OU YAME :<\/span> &#8220;Fin&#8221; Pour signaler que le moment de concentration est arriv\u00e9 \u00e0 sa fin.<br \/>\nAu cas o\u00f9, pour mieux vous concentrer,&nbsp; vous avez ferm\u00e9 les yeux, ouvrez-les \u00e0 ce moment-l\u00e0.<\/p>\n<p>&nbsp;<\/p>\n<div style=\"width: 650px\" class=\"wp-caption aligncenter\"><img loading=\"lazy\" decoding=\"async\" src=\"http:\/\/www.google.fr\/url?source=imglanding&amp;ct=img&amp;q=http:\/\/pages.videotron.com\/shotokan\/images\/salut.jpg&amp;sa=X&amp;ei=jahDVYfxF8j1aqOzgOAH&amp;ved=0CAkQ8wc4xwI&amp;usg=AFQjCNEDgQ2Hye7QjEqSgNjKVEoiu9H4Fg\" alt=\"\" width=\"640\" height=\"214\"><p class=\"wp-caption-text\">Le rituel du salut marque le respects envers le tatamis, les professeurs et les pratiquants<\/p><\/div>\n<p>&nbsp;<\/p>\n<h1 style=\"text-align: center;\" align=\"center\">SHOMEN NI REI<\/h1>\n<h1 align=\"center\">&nbsp;<\/h1>\n<div style=\"width: 557px\" class=\"wp-caption aligncenter\"><img data-recalc-dims=\"1\" loading=\"lazy\" decoding=\"async\" src=\"https:\/\/i0.wp.com\/shudokandojo.com\/images\/poklon%201.jpg?resize=547%2C129\" alt=\"Source : shudokandojo.com\" width=\"547\" height=\"129\" align=\"left\"><p class=\"wp-caption-text\">Seiza vue de profil : Avancez les deux mains &#8211; Inclinez-vous bien<\/p><\/div>\n<p>&nbsp;<\/p>\n<p>&nbsp;<\/p>\n<p>&nbsp;<\/p>\n<p>&nbsp;<\/p>\n<p style=\"text-align: center;\"><a class=\"maxbutton-1 maxbutton maxbutton-en-savoir-plus-karate\" rel=\"nofollow noopener\" href=\"\/?page_id=713\"><span class='mb-text'>Le karat\u00e9 Goju-Ryu - Historique<\/span><\/a>&nbsp;&nbsp;&nbsp;&nbsp;&nbsp;&nbsp;&nbsp;&nbsp;&nbsp;&nbsp;&nbsp;&nbsp;&nbsp;&nbsp;&nbsp;&nbsp;&nbsp;&nbsp;&nbsp;&nbsp;&nbsp;&nbsp;&nbsp;&nbsp;&nbsp;&nbsp;&nbsp;&nbsp;&nbsp;&nbsp;&nbsp;&nbsp;&nbsp;&nbsp;&nbsp;&nbsp;&nbsp;&nbsp;&nbsp;&nbsp;&nbsp;&nbsp;&nbsp;&nbsp;&nbsp;&nbsp;&nbsp;&nbsp;&nbsp;&nbsp;&nbsp;&nbsp; &nbsp;&nbsp;&nbsp;&nbsp;&nbsp;&nbsp;&nbsp;&nbsp; &nbsp; &nbsp; &nbsp; &nbsp;&nbsp; &nbsp;&nbsp;&nbsp;&nbsp;&nbsp;&nbsp;&nbsp;&nbsp;&nbsp;&nbsp;&nbsp;&nbsp;&nbsp;&nbsp;&nbsp;&nbsp;&nbsp;&nbsp;&nbsp;&nbsp;&nbsp; <a class=\"maxbutton-4 maxbutton maxbutton-en-savoir-plus-karate\" rel=\"nofollow noopener\" href=\"\/?page_id=1052\"><span class='mb-text'>Les frappes<\/span><\/a><\/p>\n","protected":false},"excerpt":{"rendered":"<p>RITUELS ET FORMULES DE POLITESSE Inclus dans la pratique du Gojuryu sont les rituels et formules de politesse habituelles dans la soci\u00e9t\u00e9 japonaise. Il peut sembler ridicule (vue que tout le monde n&#8217;est pas japonais) d&#8217;utiliser tous ces rituels! Nous les estimons utiles en premier lieu car ils t\u00e9moignent du respect qui est d\u00fb \u00e0 [&hellip;]<\/p>\n","protected":false},"author":1,"featured_media":0,"parent":0,"menu_order":0,"comment_status":"closed","ping_status":"closed","template":"","meta":{"_exactmetrics_skip_tracking":false,"_exactmetrics_sitenote_active":false,"_exactmetrics_sitenote_note":"","_exactmetrics_sitenote_category":0,"ngg_post_thumbnail":0,"footnotes":""},"class_list":["post-1065","page","type-page","status-publish","hentry"],"jetpack_shortlink":"https:\/\/wp.me\/P6TujZ-hb","jetpack-related-posts":[{"id":1375,"url":"https:\/\/www.gojuryu93.com\/?page_id=1375","url_meta":{"origin":1065,"position":0},"title":"R\u00e9glement","author":"Team-Goju","date":"12 d\u00e9cembre 2015","format":false,"excerpt":"R\u00e8glement int\u00e9rieur \u00a0 L'association GOJU-RYU est affili\u00e9e \u00e0 la F\u00e9d\u00e9ration Fran\u00e7aise de Karat\u00e9 et Disciplines associ\u00e9es, ce qui rend obligatoire chaque ann\u00e9e sportive la prise d'une licence aupr\u00e8s de cette f\u00e9d\u00e9ration. L'enseignant\u00a0 est le seul responsable de la continuit\u00e9 du style de l'association. pour notre association le style GOJU-RYU. L'enseignant\u2026","rel":"","context":"Article similaire","block_context":{"text":"Article similaire","link":""},"img":{"alt_text":"R\u00e9glement int\u00e9rieur","src":"https:\/\/i0.wp.com\/www.gojuryu93.com\/wp-content\/uploads\/2015\/12\/R%C3%A9glement-int%C3%A9rieur.jpg?resize=350%2C200","width":350,"height":200},"classes":[]},{"id":1052,"url":"https:\/\/www.gojuryu93.com\/?page_id=1052","url_meta":{"origin":1065,"position":1},"title":"Les frappes","author":"Team-Goju","date":"11 juillet 2015","format":false,"excerpt":"\u00a0ATEMI : Coup frapp\u00e9 sur le corps (ate - mi) Nous allons d\u00e9crire dans cette page les parties du corps avec lesquelles on peut porter des coups en Goju-ryu. Pour quelques unes d'entre-elles,\u00a0 en illustration la fa\u00e7on de proc\u00e9der. Nous expliquerons \u00e9galement, succinctement, le pourquoi de cette frappe et son\u2026","rel":"","context":"Article similaire","block_context":{"text":"Article similaire","link":""},"img":{"alt_text":"211","src":"https:\/\/i0.wp.com\/www.gojuryu93.com\/wp-content\/uploads\/2015\/07\/211.png?resize=350%2C200","width":350,"height":200},"classes":[]},{"id":1084,"url":"https:\/\/www.gojuryu93.com\/?page_id=1084","url_meta":{"origin":1065,"position":2},"title":"Informations l\u00e9gales","author":"Team-Goju","date":"2 novembre 2015","format":false,"excerpt":"Karat\u00e9 Club Goju-ryu de Tremblay-en-France Num\u00e9ro d'agr\u00e9ment F\u00e9d\u00e9ration Fran\u00e7aise de Karat\u00e9\u00a0 et disciplines associ\u00e9es : 930006 Num\u00e9ro de d\u00e9claration d\u2019existence en pr\u00e9fecture : W932002426 Association : GOJU-RYU. No de parution au journal officiel : 19970011 D\u00e9partement (R\u00e9gion) : Seine-Saint-Denis (\u00cele-de-France) Lieu parution : D\u00e9claration \u00e0 la sous-pr\u00e9fecture du Raincy. Objet\u00a0:\u2026","rel":"","context":"Article similaire","block_context":{"text":"Article similaire","link":""},"img":{"alt_text":"logo gojuryu trembaly","src":"https:\/\/i0.wp.com\/www.gojuryu93.com\/wp-content\/uploads\/2015\/10\/logo-gojuryu-trembaly-300x293.png?resize=350%2C200","width":350,"height":200},"classes":[]},{"id":1058,"url":"https:\/\/www.gojuryu93.com\/?page_id=1058","url_meta":{"origin":1065,"position":3},"title":"Passage de grade Adultes","author":"Team-Goju","date":"11 juillet 2015","format":false,"excerpt":"Retrouvez sur cette page les kihons et listes de katas demand\u00e9s par le Karat\u00e9 Club de Tremblay-en-France lors des passages de grades de la ceinture jaune \u00e0 la ceinture marron. Pour ceux qui d\u00e9sirent les travailler \u00e0 la maison, vous pourrez t\u00e9l\u00e9charger l'ensemble des kihons\u00a0 en cliquant sur le bouton.\u2026","rel":"","context":"Article similaire","block_context":{"text":"Article similaire","link":""},"img":{"alt_text":"5e kyu Ceinture jaune","src":"https:\/\/i0.wp.com\/www.gojuryu93.com\/wp-content\/uploads\/2015\/07\/yellow.png?resize=350%2C200","width":350,"height":200},"classes":[]},{"id":1060,"url":"https:\/\/www.gojuryu93.com\/?page_id=1060","url_meta":{"origin":1065,"position":4},"title":"Les armes du Kobudo","author":"Team-Goju","date":"11 juillet 2015","format":false,"excerpt":"Le b\u00e2ton long - bo jutsu Appel\u00e9 \u00e9galement \u00ab Konpo \u00bb \u00e0 Okinawa ou \u00ab Komb\u00f4 \u00bb au Japon, il s'agit d'un b\u00e2ton en ch\u00eane, n\u00e9flier, arec ou kuba (esp\u00e8ce de palmier). Ce sont des arbres solides, originaires de la zone subtropicale d'Okinawa. \u00a0Le milieu du B\u00f4 est plus \u00e9pais\u2026","rel":"","context":"Article similaire","block_context":{"text":"Article similaire","link":""},"img":{"alt_text":"\u00a9 2016 kar\u00e9t\u00e9 Club Tremblay-en-France","src":"https:\/\/i0.wp.com\/www.gojuryu93.com\/wp-content\/uploads\/2015\/07\/bo_jutsu_kobudo_demo_2014-300x178.jpg?resize=350%2C200","width":350,"height":200,"srcset":"https:\/\/i0.wp.com\/www.gojuryu93.com\/wp-content\/uploads\/2015\/07\/bo_jutsu_kobudo_demo_2014-300x178.jpg?resize=350%2C200 1x, https:\/\/i0.wp.com\/www.gojuryu93.com\/wp-content\/uploads\/2015\/07\/bo_jutsu_kobudo_demo_2014-300x178.jpg?resize=525%2C300 1.5x"},"classes":[]},{"id":713,"url":"https:\/\/www.gojuryu93.com\/?page_id=713","url_meta":{"origin":1065,"position":5},"title":"Le Karat\u00e9 Goju-ryu","author":"Team-Goju","date":"11 novembre 2015","format":false,"excerpt":"Le g\u00f4j\u00fb-ry\u00fb est un art de combat d'Okinawa, issus de la province du Fujian en Chine du Sud. Le style goju-ryu a \u00e9t\u00e9 cr\u00e9\u00e9 par Miyagi Ch\u00f4jun sur les bases de celui que Higaonna Kanry\u00f4 ramena de Chine. Le nom de cette \u00c9cole de karat\u00e9 refl\u00e8te ses caract\u00e9ristiques, force et\u2026","rel":"","context":"Article similaire","block_context":{"text":"Article similaire","link":""},"img":{"alt_text":"Chojun_Miyagi","src":"https:\/\/i0.wp.com\/www.gojuryu93.com\/wp-content\/uploads\/2015\/06\/Chojun_Miyagi.jpg?resize=350%2C200","width":350,"height":200},"classes":[]}],"jetpack_sharing_enabled":true,"_links":{"self":[{"href":"https:\/\/www.gojuryu93.com\/index.php?rest_route=\/wp\/v2\/pages\/1065","targetHints":{"allow":["GET"]}}],"collection":[{"href":"https:\/\/www.gojuryu93.com\/index.php?rest_route=\/wp\/v2\/pages"}],"about":[{"href":"https:\/\/www.gojuryu93.com\/index.php?rest_route=\/wp\/v2\/types\/page"}],"author":[{"embeddable":true,"href":"https:\/\/www.gojuryu93.com\/index.php?rest_route=\/wp\/v2\/users\/1"}],"replies":[{"embeddable":true,"href":"https:\/\/www.gojuryu93.com\/index.php?rest_route=%2Fwp%2Fv2%2Fcomments&post=1065"}],"version-history":[{"count":0,"href":"https:\/\/www.gojuryu93.com\/index.php?rest_route=\/wp\/v2\/pages\/1065\/revisions"}],"wp:attachment":[{"href":"https:\/\/www.gojuryu93.com\/index.php?rest_route=%2Fwp%2Fv2%2Fmedia&parent=1065"}],"curies":[{"name":"wp","href":"https:\/\/api.w.org\/{rel}","templated":true}]}}