{"id":1082,"date":"2015-07-13T01:02:02","date_gmt":"2015-07-12T23:02:02","guid":{"rendered":"http:\/\/82.67.161.76\/Gojuryu93Com\/?page_id=1082"},"modified":"2017-12-26T22:23:40","modified_gmt":"2017-12-26T21:23:40","slug":"copyrights","status":"publish","type":"page","link":"https:\/\/www.gojuryu93.com\/?page_id=1082","title":{"rendered":"Copyrights"},"content":{"rendered":"<h1 class=\"entry-title\">&nbsp;<img data-recalc-dims=\"1\" loading=\"lazy\" decoding=\"async\" data-attachment-id=\"13\" data-permalink=\"https:\/\/www.gojuryu93.com\/?attachment_id=13\" data-orig-file=\"https:\/\/i0.wp.com\/www.gojuryu93.com\/wp-content\/uploads\/2015\/10\/logo-gojuryu-trembaly-e1446064435441.png?fit=200%2C196&amp;ssl=1\" data-orig-size=\"200,196\" data-comments-opened=\"0\" data-image-meta=\"{&quot;aperture&quot;:&quot;0&quot;,&quot;credit&quot;:&quot;&quot;,&quot;camera&quot;:&quot;&quot;,&quot;caption&quot;:&quot;&quot;,&quot;created_timestamp&quot;:&quot;0&quot;,&quot;copyright&quot;:&quot;&quot;,&quot;focal_length&quot;:&quot;0&quot;,&quot;iso&quot;:&quot;0&quot;,&quot;shutter_speed&quot;:&quot;0&quot;,&quot;title&quot;:&quot;&quot;,&quot;orientation&quot;:&quot;0&quot;}\" data-image-title=\"logo gojuryu trembaly\" data-image-description=\"\" data-image-caption=\"\" data-large-file=\"https:\/\/i0.wp.com\/www.gojuryu93.com\/wp-content\/uploads\/2015\/10\/logo-gojuryu-trembaly-e1446064435441.png?fit=610%2C597&amp;ssl=1\" class=\"aligncenter size-medium wp-image-13\" src=\"https:\/\/i0.wp.com\/www.gojuryu93.com\/wp-content\/uploads\/2015\/10\/logo-gojuryu-trembaly.png?resize=300%2C293\" alt=\"\" width=\"300\" height=\"293\"><\/h1>\n<div class=\"entry-content\">\n<p>&nbsp;<\/p>\n<p>Tous les textes, photographies et documents pr\u00e9sents sur ce site sont propri\u00e9t\u00e9s de leurs auteurs respectifs et du Karat\u00e9 Club de Tremblay-en-France.<\/p>\n<p>Les images d\u2019illustrations sont trouv\u00e9es sur des sites de r\u00e9f\u00e9rencements d&#8217;images libres de droits, si par hasard une des&nbsp; images fait l&#8217;objet d&#8217;un droits d&#8217;auteurs, il suffira de nous <a href=\"http:\/\/www.gojuryu93.com\/contact\/\">envoyer un simple mail <\/a>ou courrier et nous supprimeront&nbsp; la dite image d\u00e8s que nous en aurons connaissance.&nbsp;<\/p>\n<p>Copies interdites sans autorisation du Karat\u00e9 Club&nbsp; de Tremblay-en-France ou des auteurs.<\/p>\n<p><strong><span id=\"copyright symbol\">\u00a9&nbsp; 2015 \u2013 Karat\u00e9 Club&nbsp; de Tremblay-en-France \u2013 Tous droits r\u00e9serv\u00e9s.<\/span><\/strong><\/p>\n<p>Sonorisation des articles vid\u00e9os et des diaporamas en licence Cr\u00e9ative Common<br \/>\n<a href=\"http:\/\/creativecommons.org\/licenses\/by-nc-sa\/4.0\/\" rel=\"license\"><img data-recalc-dims=\"1\" decoding=\"async\" src=\"https:\/\/i0.wp.com\/i.creativecommons.org\/l\/by-nc-sa\/4.0\/88x31.png?w=610&#038;ssl=1\" alt=\"Licence Creative Commons\"><\/a><br \/>\nCes \u0153uvres sont mises \u00e0 disposition selon les termes de la <a href=\"http:\/\/creativecommons.org\/licenses\/by-nc-sa\/4.0\/\" rel=\"license\">Licence Creative Commons Attribution \u2013 Pas d\u2019Utilisation Commerciale \u2013 Partage dans les M\u00eames Conditions 4.0 International<\/a>.<\/p>\n<\/div>\n","protected":false},"excerpt":{"rendered":"<p>&nbsp; &nbsp; Tous les textes, photographies et documents pr\u00e9sents sur ce site sont propri\u00e9t\u00e9s de leurs auteurs respectifs et du Karat\u00e9 Club de Tremblay-en-France. Les images d\u2019illustrations sont trouv\u00e9es sur des sites de r\u00e9f\u00e9rencements d&#8217;images libres de droits, si par hasard une des&nbsp; images fait l&#8217;objet d&#8217;un droits d&#8217;auteurs, il suffira de nous envoyer un [&hellip;]<\/p>\n","protected":false},"author":1,"featured_media":0,"parent":0,"menu_order":0,"comment_status":"closed","ping_status":"closed","template":"","meta":{"_exactmetrics_skip_tracking":false,"_exactmetrics_sitenote_active":false,"_exactmetrics_sitenote_note":"","_exactmetrics_sitenote_category":0,"ngg_post_thumbnail":0,"footnotes":""},"class_list":["post-1082","page","type-page","status-publish","hentry"],"jetpack_shortlink":"https:\/\/wp.me\/P6TujZ-hs","jetpack-related-posts":[{"id":1079,"url":"https:\/\/www.gojuryu93.com\/?page_id=1079","url_meta":{"origin":1082,"position":0},"title":"Droits \u00e0 l\u2019image","author":"Team-Goju","date":"2 novembre 2015","format":false,"excerpt":"Toutes les personnes repr\u00e9sent\u00e9es sur ce site ou leurs responsables l\u00e9gaux ainsi que les dirigeants clubs ont fourni une autorisation de diffusion des images conform\u00e9ment aux dispositions l\u00e9gales des droits \u00e0 images en France. Ces autorisations sont en possession du karat\u00e9 club Gogu-ryude Tremblay-en-France. Toutes demandes de suppression ou de\u2026","rel":"","context":"Article similaire","block_context":{"text":"Article similaire","link":""},"img":{"alt_text":"","src":"","width":0,"height":0},"classes":[]},{"id":1084,"url":"https:\/\/www.gojuryu93.com\/?page_id=1084","url_meta":{"origin":1082,"position":1},"title":"Informations l\u00e9gales","author":"Team-Goju","date":"2 novembre 2015","format":false,"excerpt":"Karat\u00e9 Club Goju-ryu de Tremblay-en-France Num\u00e9ro d'agr\u00e9ment F\u00e9d\u00e9ration Fran\u00e7aise de Karat\u00e9\u00a0 et disciplines associ\u00e9es : 930006 Num\u00e9ro de d\u00e9claration d\u2019existence en pr\u00e9fecture : W932002426 Association : GOJU-RYU. No de parution au journal officiel : 19970011 D\u00e9partement (R\u00e9gion) : Seine-Saint-Denis (\u00cele-de-France) Lieu parution : D\u00e9claration \u00e0 la sous-pr\u00e9fecture du Raincy. Objet\u00a0:\u2026","rel":"","context":"Article similaire","block_context":{"text":"Article similaire","link":""},"img":{"alt_text":"logo gojuryu trembaly","src":"https:\/\/i0.wp.com\/www.gojuryu93.com\/wp-content\/uploads\/2015\/10\/logo-gojuryu-trembaly-300x293.png?resize=350%2C200","width":350,"height":200},"classes":[]},{"id":1093,"url":"https:\/\/www.gojuryu93.com\/?page_id=1093","url_meta":{"origin":1082,"position":2},"title":"A propos de&#8230;","author":"Team-Goju","date":"13 juillet 2015","format":false,"excerpt":"Retrouvez toutes les informations utiles sur le Karat\u00e9 Club de Tremblay-en-France en cliquant sur les liens ci-dessous : Contacts et localisation. Copyrights. Droits \u00e0 l'image. Informations l\u00e9gales. \u00a0","rel":"","context":"Article similaire","block_context":{"text":"Article similaire","link":""},"img":{"alt_text":"","src":"","width":0,"height":0},"classes":[]},{"id":1027,"url":"https:\/\/www.gojuryu93.com\/?page_id=1027","url_meta":{"origin":1082,"position":3},"title":"Le club","author":"Team-Goju","date":"18 juin 2015","format":false,"excerpt":"Le Karat\u00e9 Club de Tremblay-en-France est en perp\u00e9tuelle croissance et accentue son action vers la promotion du karat\u00e9 Goju-Ryu, dont il est le seul repr\u00e9sentant dans le d\u00e9partement de la Seine-Saint-Denis et aussi du Kobudo dans la pure tradition d'Okinawa. Vous retrouverez en cliquant sur les liens ci-dessous toutes les\u2026","rel":"","context":"Article similaire","block_context":{"text":"Article similaire","link":""},"img":{"alt_text":"","src":"","width":0,"height":0},"classes":[]},{"id":1339,"url":"https:\/\/www.gojuryu93.com\/?page_id=1339","url_meta":{"origin":1082,"position":4},"title":"Historique du club","author":"Team-Goju","date":"6 d\u00e9cembre 2015","format":false,"excerpt":"Le Karat\u00e9 Club de Tremblay-en-France est en perp\u00e9tuelle croissance et accentue son action vers la promotion du karat\u00e9 Goju-Ryu, dont il est le seul repr\u00e9sentant dans le d\u00e9partement de la Seine-Saint-Denis et aussi du Kobudo dans la pure tradition d\u2019Okinawa. Notre club fut fond\u00e9 en 1967, par Daniel DJADEL. A\u2026","rel":"","context":"Article similaire","block_context":{"text":"Article similaire","link":""},"img":{"alt_text":"Toguchi_karatemag_1969","src":"https:\/\/i0.wp.com\/www.gojuryu93.com\/wp-content\/uploads\/2015\/12\/Toguchi_karatemag_1969.png?resize=350%2C200","width":350,"height":200},"classes":[]},{"id":267,"url":"https:\/\/www.gojuryu93.com\/?page_id=267","url_meta":{"origin":1082,"position":5},"title":"Pourquoi pratiquer le Karat\u00e9 Goju-Ryu","author":"Team-Goju","date":"6 novembre 2015","format":false,"excerpt":"Acqu\u00e9rir une bonne condition physique. Avoir une meilleure connaissance de soi. Apporter un bon \u00e9quilibre mental. \u00c9viter les d\u00e9rives de la violence. Transformer l'agressivit\u00e9 en \u00e9nergie positive. Aider \u00e0 la concentration. Apprendre la patience. G\u00e9rer le stress et l'angoisse. Contr\u00f4ler des \u00e9motions. Canaliser l\u2019\u00e9nergie. Inculquer la courtoisie, le respect, la\u2026","rel":"","context":"Article similaire","block_context":{"text":"Article similaire","link":""},"img":{"alt_text":"Pourquoi pratiquer","src":"https:\/\/i0.wp.com\/www.gojuryu93.com\/wp-content\/uploads\/2015\/06\/Stage-Federal-Zenei-OSHIRO_21-03-2015__0611-e1446835661448-190x300.jpg?resize=350%2C200","width":350,"height":200},"classes":[]}],"jetpack_sharing_enabled":true,"_links":{"self":[{"href":"https:\/\/www.gojuryu93.com\/index.php?rest_route=\/wp\/v2\/pages\/1082","targetHints":{"allow":["GET"]}}],"collection":[{"href":"https:\/\/www.gojuryu93.com\/index.php?rest_route=\/wp\/v2\/pages"}],"about":[{"href":"https:\/\/www.gojuryu93.com\/index.php?rest_route=\/wp\/v2\/types\/page"}],"author":[{"embeddable":true,"href":"https:\/\/www.gojuryu93.com\/index.php?rest_route=\/wp\/v2\/users\/1"}],"replies":[{"embeddable":true,"href":"https:\/\/www.gojuryu93.com\/index.php?rest_route=%2Fwp%2Fv2%2Fcomments&post=1082"}],"version-history":[{"count":0,"href":"https:\/\/www.gojuryu93.com\/index.php?rest_route=\/wp\/v2\/pages\/1082\/revisions"}],"wp:attachment":[{"href":"https:\/\/www.gojuryu93.com\/index.php?rest_route=%2Fwp%2Fv2%2Fmedia&parent=1082"}],"curies":[{"name":"wp","href":"https:\/\/api.w.org\/{rel}","templated":true}]}}