{"id":1084,"date":"2015-11-02T01:07:19","date_gmt":"2015-11-02T00:07:19","guid":{"rendered":"http:\/\/82.67.161.76\/Gojuryu93Com\/?page_id=1084"},"modified":"2018-02-21T18:54:00","modified_gmt":"2018-02-21T17:54:00","slug":"1084-2","status":"publish","type":"page","link":"https:\/\/www.gojuryu93.com\/?page_id=1084","title":{"rendered":"Informations l\u00e9gales"},"content":{"rendered":"<div class=\"entry-content\">\n<div class=\"entry-content\">\n<h2>Karat\u00e9 Club Goju-ryu de Tremblay-en-France<a href=\"https:\/\/i0.wp.com\/www.gojuryu93.com\/wp-content\/uploads\/2015\/10\/logo-gojuryu-trembaly-e1446064435441.png\"><img data-recalc-dims=\"1\" loading=\"lazy\" decoding=\"async\" data-attachment-id=\"13\" data-permalink=\"https:\/\/www.gojuryu93.com\/?attachment_id=13\" data-orig-file=\"https:\/\/i0.wp.com\/www.gojuryu93.com\/wp-content\/uploads\/2015\/10\/logo-gojuryu-trembaly-e1446064435441.png?fit=200%2C196&amp;ssl=1\" data-orig-size=\"200,196\" data-comments-opened=\"0\" data-image-meta=\"{&quot;aperture&quot;:&quot;0&quot;,&quot;credit&quot;:&quot;&quot;,&quot;camera&quot;:&quot;&quot;,&quot;caption&quot;:&quot;&quot;,&quot;created_timestamp&quot;:&quot;0&quot;,&quot;copyright&quot;:&quot;&quot;,&quot;focal_length&quot;:&quot;0&quot;,&quot;iso&quot;:&quot;0&quot;,&quot;shutter_speed&quot;:&quot;0&quot;,&quot;title&quot;:&quot;&quot;,&quot;orientation&quot;:&quot;0&quot;}\" data-image-title=\"logo gojuryu trembaly\" data-image-description=\"\" data-image-caption=\"\" data-large-file=\"https:\/\/i0.wp.com\/www.gojuryu93.com\/wp-content\/uploads\/2015\/10\/logo-gojuryu-trembaly-e1446064435441.png?fit=610%2C597&amp;ssl=1\" class=\"wp-image-13 aligncenter\" src=\"https:\/\/i0.wp.com\/www.gojuryu93.com\/wp-content\/uploads\/2015\/10\/logo-gojuryu-trembaly.png?resize=244%2C238\" alt=\"logo gojuryu trembaly\" width=\"244\" height=\"238\"><\/a><\/h2>\n<p>Num\u00e9ro d&#8217;agr\u00e9ment F\u00e9d\u00e9ration Fran\u00e7aise de Karat\u00e9&nbsp; et disciplines associ\u00e9es : <strong>930006<\/strong><\/p>\n<p>Num\u00e9ro de d\u00e9claration d\u2019existence en pr\u00e9fecture : <strong>W932002426<\/strong><\/p>\n<p>Association : <b>GOJU-RYU.<\/b><br \/>\nNo de parution au journal officiel : <b>19970011<\/b><br \/>\nD\u00e9partement (R\u00e9gion) : <b>Seine-Saint-Denis (\u00cele-de-France)<\/b><\/p>\n<p>Lieu parution : <b>D\u00e9claration \u00e0 la sous-pr\u00e9fecture du Raincy<\/b><strong>.<\/strong><\/p>\n<p align=\"LEFT\"><strong>Objet&nbsp;: <\/strong><\/p>\n<p align=\"LEFT\"><em>R\u00e9unir entre elles les personnes qui s\u2019occupent du karat\u00e9 Goju-Ryu et du Ko-Budo d\u2019Okinawa ou qui s\u2019int\u00e9ressent \u00e0 leur d\u00e9veloppement et \u00e0 l\u2019extension de leur influence, hors comp\u00e9titions et intrusion de styles diff\u00e9rents<strong>.<\/strong><\/em><\/p>\n<p align=\"LEFT\"><strong>Si\u00e8ge social&nbsp;:&nbsp;<\/strong><i> 21, rue Cuvier<\/i> &#8211; 93290&nbsp;Tremblay-en-France.<\/p>\n<p align=\"LEFT\"><strong>Date de la d\u00e9claration&nbsp;:<i> <\/i><\/strong><em>10&nbsp;f\u00e9vrier&nbsp;1997.<\/em><\/p>\n<p><strong>Directeur de la publication : <\/strong><\/p>\n<p><em><a href=\"http:\/\/www.gojuryu93.com\/contact\/\">Henri Biancardini<\/a>&nbsp; &#8211; 91, rue du B\u00e9arn &#8211; 93 290 Le Tremblay-en-France<br \/>\n<\/em><\/p>\n<p><strong>Webmasters :<\/strong><\/p>\n<p><em><a href=\"http:\/\/www.gojuryu93.com\/contact\/\">Kala Denis :<\/a> <\/em><\/p>\n<ul style=\"list-style-type: square;\">\n<li><em>(Publications et r\u00e9daction) &#8211; Sites http:\/\/www.gojuryu.com et http:\/\/www.gojuryu93.fr<br \/>\n<\/em><\/li>\n<li>Mod\u00e9rateur de la <a href=\"https:\/\/www.facebook.com\/karateclubtremblayenfrance\/\">page Facebook :<\/a> https:\/\/www.facebook.com\/karateclubtremblayenfrance\/<\/li>\n<\/ul>\n<div class=\"entry-content\">&nbsp;<span style=\"font-size: 16px;\"><strong>Ce site est h\u00e9berg\u00e9 par :<\/strong><\/span><\/div>\n<blockquote>\n<h5><a href=\"https:\/\/www.ovh.com\/fr\/\" target=\"_blank\" rel=\"noopener noreferrer\">OVH<\/a><\/h5>\n<p>SAS au capital de 10&nbsp;059&nbsp;500&nbsp;\u20ac<br \/>\nRCS Lille M\u00e9tropole 424 761 419 00045<br \/>\nCode APE 6202A<br \/>\nN\u00b0 TVA : FR 22 424 761 419<br \/>\nSi\u00e8ge social : 2 rue Kellermann &#8211; 59100 Roubaix &#8211; France.<\/p><\/blockquote>\n<p><strong>Limitation de responsabilit\u00e9 :<\/strong><\/p>\n<ul>\n<li><em>L\u2019utilisateur reconna\u00eet avoir pris connaissance des pr\u00e9sentes conditions d\u2019utilisation et s\u2019engage \u00e0 les respecter.<\/em><\/li>\n<li><em>L\u2019utilisateur du site internet <a href=\"http:\/\/www.gojuryu93.com\/\"><strong>http:\/\/www.gojuryu93.com, des noms de domaines et r\u00e9seaux sociaux rattach\u00e9s <\/strong><\/a>reconna\u00eet disposer de la comp\u00e9tence et des moyens n\u00e9cessaires pour acc\u00e9der et utiliser ce site.<\/em><\/li>\n<li><em>Il reconna\u00eet avoir v\u00e9rifi\u00e9 que la configuration informatique utilis\u00e9e ne contient aucun virus et qu\u2019elle est en parfait \u00e9tat de fonctionnement.<\/em><\/li>\n<li><em>Le <strong>Karat\u00e9 Club Goju-ryu de Tremblay-en-France<\/strong>&nbsp; met tout en \u0153uvre pour offrir aux utilisateurs des informations et\/ou des outils disponibles et v\u00e9rifi\u00e9s mais ne saurait \u00eatre tenue pour responsable des erreurs, d\u2019une absence de disponibilit\u00e9 des fonctionnalit\u00e9s et\/ou de la pr\u00e9sence de virus sur son site.<\/em><\/li>\n<li><em>Les informations fournies par le&nbsp;<strong>Karat\u00e9 Club Goju-ryu de Tremblay-en-France<\/strong> le sont \u00e0 titre indicatif et ne sauraient dispenser l\u2019utilisateur d\u2019une analyse compl\u00e9mentaire et personnalis\u00e9e.<\/em><\/li>\n<li><em>Le <strong>Karat\u00e9 Club Goju-ryu de Tremblay-en-France <\/strong>ne saurait garantir l\u2019exactitude, la compl\u00e9tude, l\u2019actualit\u00e9 des informations diffus\u00e9es sur son site.<\/em><\/li>\n<li><em>En cons\u00e9quence, l\u2019utilisateur reconna\u00eet utiliser ces informations sous sa responsabilit\u00e9 exclusive.<\/em><\/li>\n<\/ul>\n<p><strong>Cookies<\/strong><\/p>\n<ul>\n<li><em>Afin d\u2019analyser et mieux comprendre la fr\u00e9quentation du site par les internautes, le&nbsp;<strong>Karat\u00e9 Club Goju-ryu de Tremblay-en-France<\/strong> utilise Google Analytics et l&#8217;outil statistique Jetpack de WordPress. Ces services utilisent des cookies et transmette au&nbsp;<strong>Karat\u00e9 Club Goju-ryu de Tremblay-en-France<\/strong> des informations sous forme statistiques.<\/em><\/li>\n<li><em>L\u2019utilisateur du site autorise express\u00e9ment l\u2019\u00e9diteur du site \u00e0 r\u00e9aliser le traitement et exploiter ses donn\u00e9es.<\/em><\/li>\n<li><em>L\u2019utilisateur peut s\u2019opposer \u00e0 l\u2019enregistrement des cookies en param\u00e9trant son navigateur de fa\u00e7on \u00e0 ce que ce dernier ne permette pas l\u2019utilisation de cookies.&nbsp;Pour plus d\u2019informations, veuillez vous r\u00e9f\u00e9rer au menu d\u2019aide de votre navigateur internet.<\/em><\/li>\n<li><em>Vous pouvez refuser les cookies de Google Analytics en cliquant sur le lien suivant : <a href=\"https:\/\/tools.google.com\/dlpage\/gaoptout?hl=fr\" target=\"_blank\" rel=\"nofollow noopener noreferrer\">https:\/\/tools.google.com\/dlpage\/gaoptout?hl=fr<\/a><\/em><\/li>\n<li><em>Vous pouvez refuser les cookies de AddThis en cliquant sur le lien suivant : <a href=\"http:\/\/www.addthis.com\/privacy\/opt-out\" target=\"_blank\" rel=\"nofollow noopener noreferrer\">http:\/\/www.addthis.com\/privacy\/opt-out<\/a><\/em><\/li>\n<li><em><strong>Liens hypertextes<\/strong><\/em><br \/>\n<em> Le site peut contenir des liens hypertextes donnant acc\u00e8s \u00e0 d\u2019autres sites sur lesquels le&nbsp;<strong>Karat\u00e9 Club Goju-ryu de Tremblay-en-France<\/strong> n\u2019exerce aucun contr\u00f4le (notamment sites de ligues, d\u00e9partements, etc.).<\/em><\/li>\n<li><em>Le&nbsp;<strong>Karat\u00e9 Club Goju-ryu de Tremblay-en-France<\/strong> invite express\u00e9ment les internautes \u00e0 prendre connaissance des conditions d\u2019utilisation propres \u00e0 ces sites notamment en mati\u00e8re de donn\u00e9es \u00e0 caract\u00e8re personnel. La responsabilit\u00e9 du <strong>Karat\u00e9 Club Goju-ryu de Tremblay-en-France <\/strong>ne saurait \u00eatre engag\u00e9e en cas de pr\u00e9judice occasionn\u00e9 par le contenu, le fonctionnement et l\u2019acc\u00e8s aux sites rattach\u00e9s&nbsp; par des liens hypertextes.<\/em><\/li>\n<li><em>Toute cr\u00e9ation d\u2019un lien hypertexte vers le site du&nbsp;<strong>Karat\u00e9 Club Goju-ryu de Tremblay-en-France<\/strong> est soumise \u00e0 autorisation expresse de l\u2019association.<\/em><\/li>\n<\/ul>\n<p><strong>Newsletter<\/strong><\/p>\n<ul>\n<li><em>Tout internaute s\u2019inscrivant \u00e0 la newsletter par le biais du site internet du&nbsp;<strong>Karat\u00e9 Club Goju-ryu de Tremblay-en-France<\/strong> d\u00e9clare \u00eatre le propri\u00e9taire de l\u2019adresse e-mail indiqu\u00e9e. La responsabilit\u00e9 du&nbsp;<strong>Karat\u00e9 Club Goju-ryu de Tremblay-en-France<\/strong> ne pourra \u00eatre retenue pour toute inscription par un internaute n\u2019ayant pas le consentement du propri\u00e9taire de l\u2019e-mail communiqu\u00e9.<\/em><\/li>\n<li><em>Les adh\u00e9rents de l&#8217;association sont syst\u00e9matiquement inscrits \u00e0 la newsletter d&#8217;informations durant la dur\u00e9e de validit\u00e9 de leur adh\u00e9sions s&#8217;ils fournissent lors de l&#8217;adh\u00e9sion une adresse e-mail valide et v\u00e9rifiable.<\/em><\/li>\n<li><em>Par ailleurs, veuillez noter que tout internaute&nbsp;a&nbsp;la possibilit\u00e9 de&nbsp;se&nbsp;d\u00e9sinscrire de la newsletter&nbsp; en cliquant sur le lien de d\u00e9sinscription disponible en fin&nbsp;de l\u2019e-mail.<\/em><\/li>\n<\/ul>\n<p><strong>Propri\u00e9t\u00e9 intellectuelle et Copyright<\/strong><\/p>\n<\/div>\n<ul>\n<li><em>L&#8217;ensemble de ce site rel\u00e8ve des l\u00e9gislations fran\u00e7aises et internationales sur le droit d&#8217;auteur et la propri\u00e9t\u00e9 intellectuelle. Tous les droits de reproduction sont r\u00e9serv\u00e9s, y compris pour les documents iconographiques et photographiques.<\/em><\/li>\n<\/ul>\n<h3>I<strong>nformations compl\u00e9mentaires<\/strong><\/h3>\n<ul style=\"list-style-type: disc;\">\n<li style=\"text-align: left;\"><em><span style=\"font-size: 16px;\">Ce site est d\u00e9velopp\u00e9 par <strong><a href=\"http:\/\/www.gojuryu93.com\/\" target=\"_blank\" rel=\"noopener noreferrer\">le Karat\u00e9 Club de Tremblay-en-France<\/a><a href=\"http:\/\/www.gojuryu93.com\/\" target=\"_blank\" rel=\"noopener noreferrer\">.<\/a> <\/strong><\/span><\/em><\/li>\n<li style=\"text-align: left;\"><span style=\"text-decoration: underline;\"><strong><em><span style=\"font-size: 16px;\">Ce site est r\u00e9alis\u00e9 et maintenu gracieusement par des b\u00e9n\u00e9voles non professionnels de l&#8217;informatique sur leur temps personnel. Merci de vous montrer indulgent pour leur travail.<br \/>\n<\/span><\/em><\/strong><\/span><\/li>\n<li style=\"text-align: left;\"><em>Les noms de domaines www.gojuryu93.com et www.gojuryu93.fr ainsi que leurs d\u00e9pendances sont les propri\u00e9t\u00e9s exclusives du Karat\u00e9 Club de Tremblay-en-France.<\/em><\/li>\n<li style=\"text-align: left;\"><em><span style=\"font-size: 16px;\">Pour tous renseignements compl\u00e9mentaires<strong><a href=\"http:\/\/www.gojuryu93.com\/contact\/\" target=\"_blank\" rel=\"noopener noreferrer\"> contactez le webmaster.<\/a><\/strong><\/span><\/em><\/li>\n<\/ul>\n<\/div>\n","protected":false},"excerpt":{"rendered":"<p>Karat\u00e9 Club Goju-ryu de Tremblay-en-France Num\u00e9ro d&#8217;agr\u00e9ment F\u00e9d\u00e9ration Fran\u00e7aise de Karat\u00e9&nbsp; et disciplines associ\u00e9es : 930006 Num\u00e9ro de d\u00e9claration d\u2019existence en pr\u00e9fecture : W932002426 Association : GOJU-RYU. No de parution au journal officiel : 19970011 D\u00e9partement (R\u00e9gion) : Seine-Saint-Denis (\u00cele-de-France) Lieu parution : D\u00e9claration \u00e0 la sous-pr\u00e9fecture du Raincy. Objet&nbsp;: R\u00e9unir entre elles les personnes [&hellip;]<\/p>\n","protected":false},"author":1,"featured_media":0,"parent":0,"menu_order":0,"comment_status":"closed","ping_status":"closed","template":"","meta":{"_exactmetrics_skip_tracking":false,"_exactmetrics_sitenote_active":false,"_exactmetrics_sitenote_note":"","_exactmetrics_sitenote_category":0,"ngg_post_thumbnail":0,"footnotes":""},"class_list":["post-1084","page","type-page","status-publish","hentry"],"jetpack_shortlink":"https:\/\/wp.me\/P6TujZ-hu","jetpack-related-posts":[{"id":713,"url":"https:\/\/www.gojuryu93.com\/?page_id=713","url_meta":{"origin":1084,"position":0},"title":"Le Karat\u00e9 Goju-ryu","author":"Team-Goju","date":"11 novembre 2015","format":false,"excerpt":"Le g\u00f4j\u00fb-ry\u00fb est un art de combat d'Okinawa, issus de la province du Fujian en Chine du Sud. Le style goju-ryu a \u00e9t\u00e9 cr\u00e9\u00e9 par Miyagi Ch\u00f4jun sur les bases de celui que Higaonna Kanry\u00f4 ramena de Chine. Le nom de cette \u00c9cole de karat\u00e9 refl\u00e8te ses caract\u00e9ristiques, force et\u2026","rel":"","context":"Article similaire","block_context":{"text":"Article similaire","link":""},"img":{"alt_text":"Chojun_Miyagi","src":"https:\/\/i0.wp.com\/www.gojuryu93.com\/wp-content\/uploads\/2015\/06\/Chojun_Miyagi.jpg?resize=350%2C200","width":350,"height":200},"classes":[]},{"id":1339,"url":"https:\/\/www.gojuryu93.com\/?page_id=1339","url_meta":{"origin":1084,"position":1},"title":"Historique du club","author":"Team-Goju","date":"6 d\u00e9cembre 2015","format":false,"excerpt":"Le Karat\u00e9 Club de Tremblay-en-France est en perp\u00e9tuelle croissance et accentue son action vers la promotion du karat\u00e9 Goju-Ryu, dont il est le seul repr\u00e9sentant dans le d\u00e9partement de la Seine-Saint-Denis et aussi du Kobudo dans la pure tradition d\u2019Okinawa. Notre club fut fond\u00e9 en 1967, par Daniel DJADEL. A\u2026","rel":"","context":"Article similaire","block_context":{"text":"Article similaire","link":""},"img":{"alt_text":"Toguchi_karatemag_1969","src":"https:\/\/i0.wp.com\/www.gojuryu93.com\/wp-content\/uploads\/2015\/12\/Toguchi_karatemag_1969.png?resize=350%2C200","width":350,"height":200},"classes":[]},{"id":1079,"url":"https:\/\/www.gojuryu93.com\/?page_id=1079","url_meta":{"origin":1084,"position":2},"title":"Droits \u00e0 l\u2019image","author":"Team-Goju","date":"2 novembre 2015","format":false,"excerpt":"Toutes les personnes repr\u00e9sent\u00e9es sur ce site ou leurs responsables l\u00e9gaux ainsi que les dirigeants clubs ont fourni une autorisation de diffusion des images conform\u00e9ment aux dispositions l\u00e9gales des droits \u00e0 images en France. Ces autorisations sont en possession du karat\u00e9 club Gogu-ryude Tremblay-en-France. Toutes demandes de suppression ou de\u2026","rel":"","context":"Article similaire","block_context":{"text":"Article similaire","link":""},"img":{"alt_text":"","src":"","width":0,"height":0},"classes":[]},{"id":1027,"url":"https:\/\/www.gojuryu93.com\/?page_id=1027","url_meta":{"origin":1084,"position":3},"title":"Le club","author":"Team-Goju","date":"18 juin 2015","format":false,"excerpt":"Le Karat\u00e9 Club de Tremblay-en-France est en perp\u00e9tuelle croissance et accentue son action vers la promotion du karat\u00e9 Goju-Ryu, dont il est le seul repr\u00e9sentant dans le d\u00e9partement de la Seine-Saint-Denis et aussi du Kobudo dans la pure tradition d'Okinawa. Vous retrouverez en cliquant sur les liens ci-dessous toutes les\u2026","rel":"","context":"Article similaire","block_context":{"text":"Article similaire","link":""},"img":{"alt_text":"","src":"","width":0,"height":0},"classes":[]},{"id":267,"url":"https:\/\/www.gojuryu93.com\/?page_id=267","url_meta":{"origin":1084,"position":4},"title":"Pourquoi pratiquer le Karat\u00e9 Goju-Ryu","author":"Team-Goju","date":"6 novembre 2015","format":false,"excerpt":"Acqu\u00e9rir une bonne condition physique. Avoir une meilleure connaissance de soi. Apporter un bon \u00e9quilibre mental. \u00c9viter les d\u00e9rives de la violence. Transformer l'agressivit\u00e9 en \u00e9nergie positive. Aider \u00e0 la concentration. Apprendre la patience. G\u00e9rer le stress et l'angoisse. Contr\u00f4ler des \u00e9motions. Canaliser l\u2019\u00e9nergie. Inculquer la courtoisie, le respect, la\u2026","rel":"","context":"Article similaire","block_context":{"text":"Article similaire","link":""},"img":{"alt_text":"Pourquoi pratiquer","src":"https:\/\/i0.wp.com\/www.gojuryu93.com\/wp-content\/uploads\/2015\/06\/Stage-Federal-Zenei-OSHIRO_21-03-2015__0611-e1446835661448-190x300.jpg?resize=350%2C200","width":350,"height":200},"classes":[]},{"id":1656,"url":"https:\/\/www.gojuryu93.com\/?page_id=1656","url_meta":{"origin":1084,"position":5},"title":"Revue de presses","author":"Team-Goju","date":"18 f\u00e9vrier 2016","format":false,"excerpt":"\u00a0 \u00a0 On parle de nous dans la presse locale ou sur le Net. Retrouvez sur cette page divers articles ou sites internet ou nous sommes cit\u00e9s. Il vous suffira de cliquer sur les images pour acc\u00e9der aux publications. \u00a0 \u00a0","rel":"","context":"Article similaire","block_context":{"text":"Article similaire","link":""},"img":{"alt_text":"Revue-de-presse","src":"https:\/\/i0.wp.com\/www.gojuryu93.com\/wp-content\/uploads\/2016\/02\/Revue-de-presse-300x200.png?resize=350%2C200","width":350,"height":200},"classes":[]}],"jetpack_sharing_enabled":true,"_links":{"self":[{"href":"https:\/\/www.gojuryu93.com\/index.php?rest_route=\/wp\/v2\/pages\/1084","targetHints":{"allow":["GET"]}}],"collection":[{"href":"https:\/\/www.gojuryu93.com\/index.php?rest_route=\/wp\/v2\/pages"}],"about":[{"href":"https:\/\/www.gojuryu93.com\/index.php?rest_route=\/wp\/v2\/types\/page"}],"author":[{"embeddable":true,"href":"https:\/\/www.gojuryu93.com\/index.php?rest_route=\/wp\/v2\/users\/1"}],"replies":[{"embeddable":true,"href":"https:\/\/www.gojuryu93.com\/index.php?rest_route=%2Fwp%2Fv2%2Fcomments&post=1084"}],"version-history":[{"count":0,"href":"https:\/\/www.gojuryu93.com\/index.php?rest_route=\/wp\/v2\/pages\/1084\/revisions"}],"wp:attachment":[{"href":"https:\/\/www.gojuryu93.com\/index.php?rest_route=%2Fwp%2Fv2%2Fmedia&parent=1084"}],"curies":[{"name":"wp","href":"https:\/\/api.w.org\/{rel}","templated":true}]}}