{"id":1339,"date":"2015-12-06T21:02:57","date_gmt":"2015-12-06T20:02:57","guid":{"rendered":"http:\/\/www.gojuryu93.com\/?page_id=1339"},"modified":"2018-10-17T17:56:03","modified_gmt":"2018-10-17T16:56:03","slug":"historique-du-club","status":"publish","type":"page","link":"https:\/\/www.gojuryu93.com\/?page_id=1339","title":{"rendered":"Historique du club"},"content":{"rendered":"<p>Le Karat\u00e9 Club de Tremblay-en-France est en perp\u00e9tuelle croissance et accentue son action vers la promotion du karat\u00e9 Goju-Ryu, dont il est le seul repr\u00e9sentant dans le d\u00e9partement de la Seine-Saint-Denis et aussi du Kobudo dans la pure tradition d\u2019Okinawa.<\/p>\n<p>Notre club fut fond\u00e9 en 1967, par Daniel DJADEL.<br \/>\nA cette \u00e9poque le karat\u00e9 pratiqu\u00e9 suit l\u2019\u00e9cole SHOTOKAN et compte 6 adh\u00e9rents adultes.<\/p>\n<div id=\"attachment_1343\" style=\"width: 222px\" class=\"wp-caption alignright\"><a href=\"https:\/\/i0.wp.com\/www.gojuryu93.com\/wp-content\/uploads\/2015\/12\/Toguchi_karatemag_1969.png\"><img data-recalc-dims=\"1\" loading=\"lazy\" decoding=\"async\" aria-describedby=\"caption-attachment-1343\" data-attachment-id=\"1343\" data-permalink=\"https:\/\/www.gojuryu93.com\/?attachment_id=1343\" data-orig-file=\"https:\/\/i0.wp.com\/www.gojuryu93.com\/wp-content\/uploads\/2015\/12\/Toguchi_karatemag_1969.png?fit=243%2C278&amp;ssl=1\" data-orig-size=\"243,278\" data-comments-opened=\"0\" data-image-meta=\"{&quot;aperture&quot;:&quot;0&quot;,&quot;credit&quot;:&quot;&quot;,&quot;camera&quot;:&quot;&quot;,&quot;caption&quot;:&quot;&quot;,&quot;created_timestamp&quot;:&quot;0&quot;,&quot;copyright&quot;:&quot;&quot;,&quot;focal_length&quot;:&quot;0&quot;,&quot;iso&quot;:&quot;0&quot;,&quot;shutter_speed&quot;:&quot;0&quot;,&quot;title&quot;:&quot;&quot;,&quot;orientation&quot;:&quot;0&quot;}\" data-image-title=\"Toguchi_karatemag_1969\" data-image-description=\"\" data-image-caption=\"\" data-large-file=\"https:\/\/i0.wp.com\/www.gojuryu93.com\/wp-content\/uploads\/2015\/12\/Toguchi_karatemag_1969.png?fit=243%2C278&amp;ssl=1\" class=\"wp-image-1343 \" src=\"https:\/\/i0.wp.com\/www.gojuryu93.com\/wp-content\/uploads\/2015\/12\/Toguchi_karatemag_1969.png?resize=212%2C243\" alt=\"Toguchi_karatemag_1969\" width=\"212\" height=\"243\"><\/a><p id=\"caption-attachment-1343\" class=\"wp-caption-text\">\u00a91970 &#8211; Ma\u00eetre Seikichi Toguchi &#8211; Magazine &#8220;La voie du karat\u00e9&#8221;<\/p><\/div>\n<p>En 1970 Daniel DJADEL participe \u00e0 un stage organis\u00e9 a Montlu\u00e7on a l\u2019occasion de la venue en France de <strong>Maitre <\/strong><strong>TOGUCHI<\/strong> (\u00e9l\u00e8ve de Ma\u00eetre Chojun MIYAGI cr\u00e9ateur de l\u2019\u00e9cole GOJU-RYU).<\/p>\n<p>Conquis par cette \u00e9cole, et avec l\u2019accord de Ma\u00eetre TOGUCHI, il enseigne \u00e0 partir de cette \u00e9poque les techniques GOJU-RYU.<\/p>\n<p>En 1971, Daniel DJADEL confie \u00e0 son \u00e9l\u00e8ve Franck LINARD la destin\u00e9e du club de Tremblay en France.<br \/>\nSous sa direction, le club d\u00e9veloppe le cours enfants, le Ko-Budo et impose ses comp\u00e9titeurs sur les podiums en ligue, en Ile-de_France, et en championnat de France.<br \/>\nEn 1982 et 1983 Myriam LEDRU est sacr\u00e9e championne de France individuelle.<br \/>\nEn 1984 Myriam LEDRU, Isabelle RABIN, ChristineVUILLET sont sacr\u00e9es championnes de France par \u00e9quipe. Ces deux succ\u00e8s obtenus en \u00ab kata \u00bb sont le point d\u2019orgue en comp\u00e9tition de l\u2019enseignement de Franck LINARD.<\/p>\n<p>Son enseignement a permis de former des &#8220;Ceinture noires&#8221; de qualit\u00e9s, et contribu\u00e9 ainsi \u00e0 p\u00e9renniser la rel\u00e8ve de l\u2019enseignement du club.<\/p>\n<div id=\"attachment_1340\" style=\"width: 307px\" class=\"wp-caption alignleft\"><img data-recalc-dims=\"1\" loading=\"lazy\" decoding=\"async\" aria-describedby=\"caption-attachment-1340\" data-attachment-id=\"1340\" data-permalink=\"https:\/\/www.gojuryu93.com\/?attachment_id=1340\" data-orig-file=\"https:\/\/i0.wp.com\/www.gojuryu93.com\/wp-content\/uploads\/2015\/12\/Linard_TM104-bd-web_Page_37.png?fit=297%2C188&amp;ssl=1\" data-orig-size=\"297,188\" data-comments-opened=\"0\" data-image-meta=\"{&quot;aperture&quot;:&quot;0&quot;,&quot;credit&quot;:&quot;&quot;,&quot;camera&quot;:&quot;&quot;,&quot;caption&quot;:&quot;&quot;,&quot;created_timestamp&quot;:&quot;0&quot;,&quot;copyright&quot;:&quot;&quot;,&quot;focal_length&quot;:&quot;0&quot;,&quot;iso&quot;:&quot;0&quot;,&quot;shutter_speed&quot;:&quot;0&quot;,&quot;title&quot;:&quot;&quot;,&quot;orientation&quot;:&quot;0&quot;}\" data-image-title=\"Linard_TM104-bd-web_Page_37\" data-image-description=\"\" data-image-caption=\"\" data-large-file=\"https:\/\/i0.wp.com\/www.gojuryu93.com\/wp-content\/uploads\/2015\/12\/Linard_TM104-bd-web_Page_37.png?fit=297%2C188&amp;ssl=1\" class=\"wp-image-1340 size-full\" src=\"https:\/\/i0.wp.com\/www.gojuryu93.com\/wp-content\/uploads\/2015\/12\/Linard_TM104-bd-web_Page_37.png?resize=297%2C188\" alt=\"\u00a9 Source - Tremblay Magazine n\u00b0104 - Mai 2009 \" width=\"297\" height=\"188\"><p id=\"caption-attachment-1340\" class=\"wp-caption-text\">\u00a9 Source &#8211; Tremblay Magazine n\u00b0104 &#8211; Mai 2009<\/p><\/div>\n<p>Depuis 2005, Franck LINARD a confi\u00e9 l\u2019enseignement du karat\u00e9 \u00e0 son \u00e9l\u00e8ve Joaquim CULIANEZ qui perp\u00e9tua la tradition et la transmission du karat\u00e9 GOJU-RYU en devenant&nbsp; directeur technique de la section Goju-Ryu. Celui-ci&nbsp; assura jusqu&#8217;en 2016 cette transmission du karat\u00e9 Goju-Ryu en s&#8217;entourant de sp\u00e9cialistes du Kobudo et de hauts grad\u00e9s pour d\u00e9velopper cette discipline dans le d\u00e9partement. Il quitte le club d\u00e9but 2017 et transmet la succession aux encadrants hauts grad\u00e9s du club.<\/p>\n<p>Le Pr\u00e9sident actuel du club Henri Biancardini avec l&#8217;aide des encadrants,&nbsp; continue depuis \u00e0 d\u00e9velopper cette lign\u00e9e goju-ryu commenc\u00e9e en 1967 pour la perp\u00e9tuer dans l&#8217;avenir.<\/p>\n<p>Le club comptait en 2016, apr\u00e8s 49 ans d\u2019existence, <span style=\"background-color: #ffffff;\">une bonne progression de ses adh\u00e9rents compos\u00e9s d&#8217;adultes grad\u00e9s et hauts grad\u00e9s,&nbsp; une augmentation des adh\u00e9sions f\u00e9minines et une&nbsp; fr\u00e9quentation spectaculaire chez les enfants. <\/span>Le taux de participation&nbsp; avoisine les 70% \u00e0 chaque entra\u00eenement.<\/p>\n<p>Le club b\u00e9n\u00e9ficie \u00e9galement ponctuellement de l&#8217;aide de b\u00e9n\u00e9voles passionn\u00e9s pour son d\u00e9veloppement&nbsp; et sait s&#8217;enrichir en conviant des intervenants d&#8217;autres \u00e9coles des arts martiaux lors de stages ou d&#8217;interclubs inter-disciplines.<\/p>\n","protected":false},"excerpt":{"rendered":"<p>Le Karat\u00e9 Club de Tremblay-en-France est en perp\u00e9tuelle croissance et accentue son action vers la promotion du karat\u00e9 Goju-Ryu, dont il est le seul repr\u00e9sentant dans le d\u00e9partement de la Seine-Saint-Denis et aussi du Kobudo dans la pure tradition d\u2019Okinawa. Notre club fut fond\u00e9 en 1967, par Daniel DJADEL. A cette \u00e9poque le karat\u00e9 pratiqu\u00e9 [&hellip;]<\/p>\n","protected":false},"author":1,"featured_media":0,"parent":0,"menu_order":0,"comment_status":"closed","ping_status":"closed","template":"","meta":{"_exactmetrics_skip_tracking":false,"_exactmetrics_sitenote_active":false,"_exactmetrics_sitenote_note":"","_exactmetrics_sitenote_category":0,"ngg_post_thumbnail":0,"footnotes":""},"class_list":["post-1339","page","type-page","status-publish","hentry"],"jetpack_shortlink":"https:\/\/wp.me\/P6TujZ-lB","jetpack-related-posts":[{"id":1084,"url":"https:\/\/www.gojuryu93.com\/?page_id=1084","url_meta":{"origin":1339,"position":0},"title":"Informations l\u00e9gales","author":"Team-Goju","date":"2 novembre 2015","format":false,"excerpt":"Karat\u00e9 Club Goju-ryu de Tremblay-en-France Num\u00e9ro d'agr\u00e9ment F\u00e9d\u00e9ration Fran\u00e7aise de Karat\u00e9\u00a0 et disciplines associ\u00e9es : 930006 Num\u00e9ro de d\u00e9claration d\u2019existence en pr\u00e9fecture : W932002426 Association : GOJU-RYU. No de parution au journal officiel : 19970011 D\u00e9partement (R\u00e9gion) : Seine-Saint-Denis (\u00cele-de-France) Lieu parution : D\u00e9claration \u00e0 la sous-pr\u00e9fecture du Raincy. Objet\u00a0:\u2026","rel":"","context":"Article similaire","block_context":{"text":"Article similaire","link":""},"img":{"alt_text":"logo gojuryu trembaly","src":"https:\/\/i0.wp.com\/www.gojuryu93.com\/wp-content\/uploads\/2015\/10\/logo-gojuryu-trembaly-300x293.png?resize=350%2C200","width":350,"height":200},"classes":[]},{"id":713,"url":"https:\/\/www.gojuryu93.com\/?page_id=713","url_meta":{"origin":1339,"position":1},"title":"Le Karat\u00e9 Goju-ryu","author":"Team-Goju","date":"11 novembre 2015","format":false,"excerpt":"Le g\u00f4j\u00fb-ry\u00fb est un art de combat d'Okinawa, issus de la province du Fujian en Chine du Sud. Le style goju-ryu a \u00e9t\u00e9 cr\u00e9\u00e9 par Miyagi Ch\u00f4jun sur les bases de celui que Higaonna Kanry\u00f4 ramena de Chine. Le nom de cette \u00c9cole de karat\u00e9 refl\u00e8te ses caract\u00e9ristiques, force et\u2026","rel":"","context":"Article similaire","block_context":{"text":"Article similaire","link":""},"img":{"alt_text":"Chojun_Miyagi","src":"https:\/\/i0.wp.com\/www.gojuryu93.com\/wp-content\/uploads\/2015\/06\/Chojun_Miyagi.jpg?resize=350%2C200","width":350,"height":200},"classes":[]},{"id":1079,"url":"https:\/\/www.gojuryu93.com\/?page_id=1079","url_meta":{"origin":1339,"position":2},"title":"Droits \u00e0 l\u2019image","author":"Team-Goju","date":"2 novembre 2015","format":false,"excerpt":"Toutes les personnes repr\u00e9sent\u00e9es sur ce site ou leurs responsables l\u00e9gaux ainsi que les dirigeants clubs ont fourni une autorisation de diffusion des images conform\u00e9ment aux dispositions l\u00e9gales des droits \u00e0 images en France. Ces autorisations sont en possession du karat\u00e9 club Gogu-ryude Tremblay-en-France. Toutes demandes de suppression ou de\u2026","rel":"","context":"Article similaire","block_context":{"text":"Article similaire","link":""},"img":{"alt_text":"","src":"","width":0,"height":0},"classes":[]},{"id":1027,"url":"https:\/\/www.gojuryu93.com\/?page_id=1027","url_meta":{"origin":1339,"position":3},"title":"Le club","author":"Team-Goju","date":"18 juin 2015","format":false,"excerpt":"Le Karat\u00e9 Club de Tremblay-en-France est en perp\u00e9tuelle croissance et accentue son action vers la promotion du karat\u00e9 Goju-Ryu, dont il est le seul repr\u00e9sentant dans le d\u00e9partement de la Seine-Saint-Denis et aussi du Kobudo dans la pure tradition d'Okinawa. Vous retrouverez en cliquant sur les liens ci-dessous toutes les\u2026","rel":"","context":"Article similaire","block_context":{"text":"Article similaire","link":""},"img":{"alt_text":"","src":"","width":0,"height":0},"classes":[]},{"id":716,"url":"https:\/\/www.gojuryu93.com\/?page_id=716","url_meta":{"origin":1339,"position":4},"title":"Le Kobudo","author":"Team-Goju","date":"11 juin 2015","format":false,"excerpt":"\u00a0 Kobudo signifie litt\u00e9ralement \u00ab Art martial ancien \u00bb mais \u00e9galement \u00ab Art d'un comportement spirituel vis-\u00e0-vis du combat \u00bb. Le Kobudod'Okinawa a connu une \u00e9volution parall\u00e8le au Karat\u00e9. \u00a0 Ces techniques sont arriv\u00e9es jusqu'\u00e0 nous gr\u00e2ce \u00e0 Ma\u00eetre Shinko MATAYOSHI et son fils Shinpo. N\u00e9 en 1888 dans la\u2026","rel":"","context":"Article similaire","block_context":{"text":"Article similaire","link":""},"img":{"alt_text":"Kobudo_W01","src":"https:\/\/i0.wp.com\/www.gojuryu93.com\/wp-content\/uploads\/2015\/06\/Kobudo_W01-246x300.jpg?resize=350%2C200","width":350,"height":200},"classes":[]},{"id":267,"url":"https:\/\/www.gojuryu93.com\/?page_id=267","url_meta":{"origin":1339,"position":5},"title":"Pourquoi pratiquer le Karat\u00e9 Goju-Ryu","author":"Team-Goju","date":"6 novembre 2015","format":false,"excerpt":"Acqu\u00e9rir une bonne condition physique. Avoir une meilleure connaissance de soi. Apporter un bon \u00e9quilibre mental. \u00c9viter les d\u00e9rives de la violence. Transformer l'agressivit\u00e9 en \u00e9nergie positive. Aider \u00e0 la concentration. Apprendre la patience. G\u00e9rer le stress et l'angoisse. Contr\u00f4ler des \u00e9motions. Canaliser l\u2019\u00e9nergie. Inculquer la courtoisie, le respect, la\u2026","rel":"","context":"Article similaire","block_context":{"text":"Article similaire","link":""},"img":{"alt_text":"Pourquoi pratiquer","src":"https:\/\/i0.wp.com\/www.gojuryu93.com\/wp-content\/uploads\/2015\/06\/Stage-Federal-Zenei-OSHIRO_21-03-2015__0611-e1446835661448-190x300.jpg?resize=350%2C200","width":350,"height":200},"classes":[]}],"jetpack_sharing_enabled":true,"_links":{"self":[{"href":"https:\/\/www.gojuryu93.com\/index.php?rest_route=\/wp\/v2\/pages\/1339","targetHints":{"allow":["GET"]}}],"collection":[{"href":"https:\/\/www.gojuryu93.com\/index.php?rest_route=\/wp\/v2\/pages"}],"about":[{"href":"https:\/\/www.gojuryu93.com\/index.php?rest_route=\/wp\/v2\/types\/page"}],"author":[{"embeddable":true,"href":"https:\/\/www.gojuryu93.com\/index.php?rest_route=\/wp\/v2\/users\/1"}],"replies":[{"embeddable":true,"href":"https:\/\/www.gojuryu93.com\/index.php?rest_route=%2Fwp%2Fv2%2Fcomments&post=1339"}],"version-history":[{"count":0,"href":"https:\/\/www.gojuryu93.com\/index.php?rest_route=\/wp\/v2\/pages\/1339\/revisions"}],"wp:attachment":[{"href":"https:\/\/www.gojuryu93.com\/index.php?rest_route=%2Fwp%2Fv2%2Fmedia&parent=1339"}],"curies":[{"name":"wp","href":"https:\/\/api.w.org\/{rel}","templated":true}]}}