{"id":1375,"date":"2015-12-12T10:56:24","date_gmt":"2015-12-12T09:56:24","guid":{"rendered":"http:\/\/www.gojuryu93.com\/?page_id=1375"},"modified":"2015-12-12T10:59:32","modified_gmt":"2015-12-12T09:59:32","slug":"reglement","status":"publish","type":"page","link":"https:\/\/www.gojuryu93.com\/?page_id=1375","title":{"rendered":"R\u00e9glement"},"content":{"rendered":"<p><a href=\"https:\/\/i0.wp.com\/www.gojuryu93.com\/wp-content\/uploads\/2015\/12\/R%C3%A9glement-int%C3%A9rieur.jpg\" rel=\"attachment wp-att-1381\"><img data-recalc-dims=\"1\" loading=\"lazy\" decoding=\"async\" data-attachment-id=\"1381\" data-permalink=\"https:\/\/www.gojuryu93.com\/?attachment_id=1381\" data-orig-file=\"https:\/\/i0.wp.com\/www.gojuryu93.com\/wp-content\/uploads\/2015\/12\/R%C3%A9glement-int%C3%A9rieur.jpg?fit=209%2C153&amp;ssl=1\" data-orig-size=\"209,153\" data-comments-opened=\"0\" data-image-meta=\"{&quot;aperture&quot;:&quot;0&quot;,&quot;credit&quot;:&quot;&quot;,&quot;camera&quot;:&quot;&quot;,&quot;caption&quot;:&quot;&quot;,&quot;created_timestamp&quot;:&quot;0&quot;,&quot;copyright&quot;:&quot;&quot;,&quot;focal_length&quot;:&quot;0&quot;,&quot;iso&quot;:&quot;0&quot;,&quot;shutter_speed&quot;:&quot;0&quot;,&quot;title&quot;:&quot;&quot;,&quot;orientation&quot;:&quot;0&quot;}\" data-image-title=\"R\u00e9glement int\u00e9rieur\" data-image-description=\"\" data-image-caption=\"\" data-large-file=\"https:\/\/i0.wp.com\/www.gojuryu93.com\/wp-content\/uploads\/2015\/12\/R%C3%A9glement-int%C3%A9rieur.jpg?fit=209%2C153&amp;ssl=1\" class=\"size-full wp-image-1381 aligncenter\" src=\"https:\/\/i0.wp.com\/www.gojuryu93.com\/wp-content\/uploads\/2015\/12\/R%C3%A9glement-int%C3%A9rieur.jpg?resize=209%2C153\" alt=\"R\u00e9glement int\u00e9rieur\" width=\"209\" height=\"153\" \/><\/a><\/p>\n<h1 style=\"text-align: center;\"><span style=\"text-decoration: underline;\"><strong>R\u00e8glement int\u00e9rieur<\/strong><\/span><\/h1>\n<p>&nbsp;<\/p>\n<ol style=\"list-style-type: upper-alpha;\">\n<li>L&#8217;association GOJU-RYU est affili\u00e9e \u00e0 la F\u00e9d\u00e9ration Fran\u00e7aise de Karat\u00e9 et Disciplines associ\u00e9es, ce qui rend obligatoire chaque ann\u00e9e sportive la prise d&#8217;une licence aupr\u00e8s de cette f\u00e9d\u00e9ration.<\/li>\n<li>L&#8217;enseignant\u00a0 est le seul responsable de la continuit\u00e9 du style de l&#8217;association. pour notre association le style GOJU-RYU.<\/li>\n<li>L&#8217;enseignant est le seul \u00e0 d\u00e9cider de la conduite et de l&#8217;intensit\u00e9 des entra\u00eenements.<\/li>\n<li>L\u2019enseignant autorise en cas d&#8217;absence de sa part (programm\u00e9e ou non) ses assistants ceinture noire \u00e0 enseigner pour assurer l&#8217;int\u00e9rim.<\/li>\n<li>l&#8217;enseignant d\u00e9cide du calendrier et du contenu du travail \u00e0 fournir pour le passage des grades.<\/li>\n<li>Un comit\u00e9 form\u00e9 par ses assistants et lui m\u00eame d\u00e9cide le jour choisi de l&#8217;attribution du grade \u00e0 l\u2019\u00e9l\u00e8ve en fonction des crit\u00e8res de jugement de la F\u00e9d\u00e9ration Fran\u00e7aise de Karat\u00e9.<\/li>\n<li>Le respect, la politesse, le salut font partie int\u00e9grante de la tradition des arts martiaux et sont dont incontournables.<\/li>\n<li>Toutes insultes, menaces, brutalit\u00e9s excessives sont prohib\u00e9es.<\/li>\n<li>Le respect du mat\u00e9riel de l&#8217;association ou de la municipalit\u00e9 de Tremblay-en-France est obligatoire.<\/li>\n<li>Tout adh\u00e9rent lors des s\u00e9ances d&#8217;entra\u00eenements doit se pr\u00e9senter en Kimono dans un parfait \u00e9tat de propret\u00e9, portant l&#8217;\u00e9cusson de l&#8217;\u00e9cole au c\u00f4t\u00e9 gauche et la ceinture qui correspond \u00e0 son grade reconnu. Un tee-shirt blanc sous le kimono est conseill\u00e9 pour les f\u00e9minines.<\/li>\n<li>Les bijoux et le port de signes religieux quels qu&#8217;ils soient sont prohib\u00e9s.<\/li>\n<li style=\"text-align: left;\">Chaque adh\u00e9rent ne peut b\u00e9n\u00e9ficier de cours que si la cotisation et la licence sont acquitt\u00e9s.<\/li>\n<li style=\"text-align: left;\">Chaque adh\u00e9rent doit veiller \u00e0 sa propret\u00e9 physique. Ongles des pieds et des mains coup\u00e9s.<\/li>\n<li style=\"text-align: left;\">Les protections individuelles (prot\u00e8ge dents, coquille pour les gar\u00e7ons, prot\u00e8ge poitrine pour les f\u00e9minines, &#8230;) sont impos\u00e9es aux enfants et conseill\u00e9es pour les adultes. L&#8217;association d\u00e9gage toutes responsabilit\u00e9s sur blessures en cas d\u2019absence de protections.<\/li>\n<li style=\"text-align: left;\">En cas d&#8217;accident une d\u00e9claration doit \u00eatre obligatoirement faite dans les cinq jours \u00e0 :<\/li>\n<\/ol>\n<p style=\"text-align: center;\"><strong>Mutuelle des sportifs AGF IART<\/strong><\/p>\n<p style=\"text-align: center;\"><strong>2\/4 rue Louis David<\/strong><\/p>\n<p style=\"text-align: center;\"><strong>75782 Paris Cedex 16<\/strong><\/p>\n<p style=\"text-align: center;\"><strong>T\u00e9l : 01 53 04 86 86<\/strong><\/p>\n<p style=\"text-align: center;\"><strong>Fax : 01 53 04 86 87<\/strong><\/p>\n<p><span style=\"font-size: 20px; color: #ff0000;\"><strong>Le non respect des articles G, H, I, J, K, L, N sont des motifs de radiation de l&#8217;association notifi\u00e9s par lettre recommand\u00e9e avec accus\u00e9 de r\u00e9ception.<\/strong><\/span><\/p>\n<p>Fait \u00e0 Tremblay-en-France, le 04\/11\/2009.<\/p>\n<p>Le pr\u00e9sident B. Rabin.<\/p>\n<p>&nbsp;<\/p>\n<p>&nbsp;<\/p>\n","protected":false},"excerpt":{"rendered":"<p>R\u00e8glement int\u00e9rieur &nbsp; L&#8217;association GOJU-RYU est affili\u00e9e \u00e0 la F\u00e9d\u00e9ration Fran\u00e7aise de Karat\u00e9 et Disciplines associ\u00e9es, ce qui rend obligatoire chaque ann\u00e9e sportive la prise d&#8217;une licence aupr\u00e8s de cette f\u00e9d\u00e9ration. L&#8217;enseignant\u00a0 est le seul responsable de la continuit\u00e9 du style de l&#8217;association. pour notre association le style GOJU-RYU. L&#8217;enseignant est le seul \u00e0 d\u00e9cider [&hellip;]<\/p>\n","protected":false},"author":1,"featured_media":0,"parent":0,"menu_order":0,"comment_status":"closed","ping_status":"closed","template":"","meta":{"_exactmetrics_skip_tracking":false,"_exactmetrics_sitenote_active":false,"_exactmetrics_sitenote_note":"","_exactmetrics_sitenote_category":0,"ngg_post_thumbnail":0,"footnotes":""},"class_list":["post-1375","page","type-page","status-publish","hentry"],"jetpack_shortlink":"https:\/\/wp.me\/P6TujZ-mb","jetpack-related-posts":[{"id":713,"url":"https:\/\/www.gojuryu93.com\/?page_id=713","url_meta":{"origin":1375,"position":0},"title":"Le Karat\u00e9 Goju-ryu","author":"Team-Goju","date":"11 novembre 2015","format":false,"excerpt":"Le g\u00f4j\u00fb-ry\u00fb est un art de combat d'Okinawa, issus de la province du Fujian en Chine du Sud. Le style goju-ryu a \u00e9t\u00e9 cr\u00e9\u00e9 par Miyagi Ch\u00f4jun sur les bases de celui que Higaonna Kanry\u00f4 ramena de Chine. Le nom de cette \u00c9cole de karat\u00e9 refl\u00e8te ses caract\u00e9ristiques, force et\u2026","rel":"","context":"Article similaire","block_context":{"text":"Article similaire","link":""},"img":{"alt_text":"Chojun_Miyagi","src":"https:\/\/i0.wp.com\/www.gojuryu93.com\/wp-content\/uploads\/2015\/06\/Chojun_Miyagi.jpg?resize=350%2C200","width":350,"height":200},"classes":[]},{"id":1339,"url":"https:\/\/www.gojuryu93.com\/?page_id=1339","url_meta":{"origin":1375,"position":1},"title":"Historique du club","author":"Team-Goju","date":"6 d\u00e9cembre 2015","format":false,"excerpt":"Le Karat\u00e9 Club de Tremblay-en-France est en perp\u00e9tuelle croissance et accentue son action vers la promotion du karat\u00e9 Goju-Ryu, dont il est le seul repr\u00e9sentant dans le d\u00e9partement de la Seine-Saint-Denis et aussi du Kobudo dans la pure tradition d\u2019Okinawa. Notre club fut fond\u00e9 en 1967, par Daniel DJADEL. A\u2026","rel":"","context":"Article similaire","block_context":{"text":"Article similaire","link":""},"img":{"alt_text":"Toguchi_karatemag_1969","src":"https:\/\/i0.wp.com\/www.gojuryu93.com\/wp-content\/uploads\/2015\/12\/Toguchi_karatemag_1969.png?resize=350%2C200","width":350,"height":200},"classes":[]},{"id":1084,"url":"https:\/\/www.gojuryu93.com\/?page_id=1084","url_meta":{"origin":1375,"position":2},"title":"Informations l\u00e9gales","author":"Team-Goju","date":"2 novembre 2015","format":false,"excerpt":"Karat\u00e9 Club Goju-ryu de Tremblay-en-France Num\u00e9ro d'agr\u00e9ment F\u00e9d\u00e9ration Fran\u00e7aise de Karat\u00e9\u00a0 et disciplines associ\u00e9es : 930006 Num\u00e9ro de d\u00e9claration d\u2019existence en pr\u00e9fecture : W932002426 Association : GOJU-RYU. No de parution au journal officiel : 19970011 D\u00e9partement (R\u00e9gion) : Seine-Saint-Denis (\u00cele-de-France) Lieu parution : D\u00e9claration \u00e0 la sous-pr\u00e9fecture du Raincy. Objet\u00a0:\u2026","rel":"","context":"Article similaire","block_context":{"text":"Article similaire","link":""},"img":{"alt_text":"logo gojuryu trembaly","src":"https:\/\/i0.wp.com\/www.gojuryu93.com\/wp-content\/uploads\/2015\/10\/logo-gojuryu-trembaly-300x293.png?resize=350%2C200","width":350,"height":200},"classes":[]},{"id":716,"url":"https:\/\/www.gojuryu93.com\/?page_id=716","url_meta":{"origin":1375,"position":3},"title":"Le Kobudo","author":"Team-Goju","date":"11 juin 2015","format":false,"excerpt":"\u00a0 Kobudo signifie litt\u00e9ralement \u00ab Art martial ancien \u00bb mais \u00e9galement \u00ab Art d'un comportement spirituel vis-\u00e0-vis du combat \u00bb. Le Kobudod'Okinawa a connu une \u00e9volution parall\u00e8le au Karat\u00e9. \u00a0 Ces techniques sont arriv\u00e9es jusqu'\u00e0 nous gr\u00e2ce \u00e0 Ma\u00eetre Shinko MATAYOSHI et son fils Shinpo. N\u00e9 en 1888 dans la\u2026","rel":"","context":"Article similaire","block_context":{"text":"Article similaire","link":""},"img":{"alt_text":"Kobudo_W01","src":"https:\/\/i0.wp.com\/www.gojuryu93.com\/wp-content\/uploads\/2015\/06\/Kobudo_W01-246x300.jpg?resize=350%2C200","width":350,"height":200},"classes":[]},{"id":1054,"url":"https:\/\/www.gojuryu93.com\/?page_id=1054","url_meta":{"origin":1375,"position":4},"title":"Les KATAS","author":"Team-Goju","date":"11 juillet 2015","format":false,"excerpt":"Il n\u2019y a pas de kata \u00ab facile \u00bb ! Ils comportent tous leurs propres difficult\u00e9s. Ces difficult\u00e9s ne sont pas seulement propres \u00e0 chaque kata mais aussi \u00e0 chaque individu qui veut le ma\u00eetriser. Un kata peut pr\u00e9senter des obstacles diff\u00e9rents selon la personnalit\u00e9 du pratiquant qui l\u2019aborde. Un\u2026","rel":"","context":"Article similaire","block_context":{"text":"Article similaire","link":""},"img":{"alt_text":"","src":"","width":0,"height":0},"classes":[]},{"id":267,"url":"https:\/\/www.gojuryu93.com\/?page_id=267","url_meta":{"origin":1375,"position":5},"title":"Pourquoi pratiquer le Karat\u00e9 Goju-Ryu","author":"Team-Goju","date":"6 novembre 2015","format":false,"excerpt":"Acqu\u00e9rir une bonne condition physique. Avoir une meilleure connaissance de soi. Apporter un bon \u00e9quilibre mental. \u00c9viter les d\u00e9rives de la violence. Transformer l'agressivit\u00e9 en \u00e9nergie positive. Aider \u00e0 la concentration. Apprendre la patience. G\u00e9rer le stress et l'angoisse. Contr\u00f4ler des \u00e9motions. Canaliser l\u2019\u00e9nergie. Inculquer la courtoisie, le respect, la\u2026","rel":"","context":"Article similaire","block_context":{"text":"Article similaire","link":""},"img":{"alt_text":"Pourquoi pratiquer","src":"https:\/\/i0.wp.com\/www.gojuryu93.com\/wp-content\/uploads\/2015\/06\/Stage-Federal-Zenei-OSHIRO_21-03-2015__0611-e1446835661448-190x300.jpg?resize=350%2C200","width":350,"height":200},"classes":[]}],"jetpack_sharing_enabled":true,"_links":{"self":[{"href":"https:\/\/www.gojuryu93.com\/index.php?rest_route=\/wp\/v2\/pages\/1375","targetHints":{"allow":["GET"]}}],"collection":[{"href":"https:\/\/www.gojuryu93.com\/index.php?rest_route=\/wp\/v2\/pages"}],"about":[{"href":"https:\/\/www.gojuryu93.com\/index.php?rest_route=\/wp\/v2\/types\/page"}],"author":[{"embeddable":true,"href":"https:\/\/www.gojuryu93.com\/index.php?rest_route=\/wp\/v2\/users\/1"}],"replies":[{"embeddable":true,"href":"https:\/\/www.gojuryu93.com\/index.php?rest_route=%2Fwp%2Fv2%2Fcomments&post=1375"}],"version-history":[{"count":0,"href":"https:\/\/www.gojuryu93.com\/index.php?rest_route=\/wp\/v2\/pages\/1375\/revisions"}],"wp:attachment":[{"href":"https:\/\/www.gojuryu93.com\/index.php?rest_route=%2Fwp%2Fv2%2Fmedia&parent=1375"}],"curies":[{"name":"wp","href":"https:\/\/api.w.org\/{rel}","templated":true}]}}