{"id":1656,"date":"2016-02-18T16:32:37","date_gmt":"2016-02-18T15:32:37","guid":{"rendered":"http:\/\/www.gojuryu93.com\/?page_id=1656"},"modified":"2017-01-07T17:35:07","modified_gmt":"2017-01-07T16:35:07","slug":"revue-de-presses","status":"publish","type":"page","link":"https:\/\/www.gojuryu93.com\/?page_id=1656","title":{"rendered":"Revue de presses"},"content":{"rendered":"<p><img data-recalc-dims=\"1\" loading=\"lazy\" decoding=\"async\" data-attachment-id=\"1668\" data-permalink=\"https:\/\/www.gojuryu93.com\/?attachment_id=1668\" data-orig-file=\"https:\/\/i0.wp.com\/www.gojuryu93.com\/wp-content\/uploads\/2016\/02\/Revue-de-presse.png?fit=849%2C566&amp;ssl=1\" data-orig-size=\"849,566\" data-comments-opened=\"0\" data-image-meta=\"{&quot;aperture&quot;:&quot;0&quot;,&quot;credit&quot;:&quot;&quot;,&quot;camera&quot;:&quot;&quot;,&quot;caption&quot;:&quot;&quot;,&quot;created_timestamp&quot;:&quot;0&quot;,&quot;copyright&quot;:&quot;&quot;,&quot;focal_length&quot;:&quot;0&quot;,&quot;iso&quot;:&quot;0&quot;,&quot;shutter_speed&quot;:&quot;0&quot;,&quot;title&quot;:&quot;&quot;,&quot;orientation&quot;:&quot;0&quot;}\" data-image-title=\"Revue-de-presse\" data-image-description=\"\" data-image-caption=\"\" data-large-file=\"https:\/\/i0.wp.com\/www.gojuryu93.com\/wp-content\/uploads\/2016\/02\/Revue-de-presse.png?fit=610%2C407&amp;ssl=1\" class=\"wp-image-1668 aligncenter\" src=\"https:\/\/i0.wp.com\/www.gojuryu93.com\/wp-content\/uploads\/2016\/02\/Revue-de-presse.png?resize=428%2C285\" alt=\"Revue-de-presse\" width=\"428\" height=\"285\" srcset=\"https:\/\/i0.wp.com\/www.gojuryu93.com\/wp-content\/uploads\/2016\/02\/Revue-de-presse.png?resize=300%2C200&amp;ssl=1 300w, https:\/\/i0.wp.com\/www.gojuryu93.com\/wp-content\/uploads\/2016\/02\/Revue-de-presse.png?w=849&amp;ssl=1 849w\" sizes=\"auto, (max-width: 428px) 100vw, 428px\" \/><\/p>\n<p>&nbsp;<\/p>\n<p>&nbsp;<\/p>\n<p>On parle de nous dans la presse locale ou sur le Net.<\/p>\n<p>Retrouvez sur cette page divers articles ou sites internet ou nous sommes cit\u00e9s. Il vous suffira de cliquer sur les images pour acc\u00e9der aux publications.<\/p>\n<div style=\"width: 256px\" class=\"wp-caption aligncenter\"><a href=\"http:\/\/fr.calameo.com\/read\/0000122309d8a7427308b\" target=\"_blank\"><img data-recalc-dims=\"1\" loading=\"lazy\" decoding=\"async\" class=\"image img-responsive\" src=\"https:\/\/i0.wp.com\/i.calameoassets.com\/100831111200-dcf56dba89543ef8c3ddf78e3358cafe\/large.jpg?resize=246%2C347\" alt=\"Tremblay Magazine n\u00b096 - Septembre 2008\" width=\"246\" height=\"347\"><\/a><p class=\"wp-caption-text\">Tremblay Magazine n\u00b096 &#8211; Septembre 2008 &#8211;&nbsp; Page 37 &#8211; Karat\u00e9 G\u00f4j\u00fb-Ry\u00fb Bernard Rabin, ceinture noire 5e Dan<\/p><\/div>\n<div style=\"width: 249px\" class=\"wp-caption aligncenter\"><a href=\"http:\/\/fr.calameo.com\/read\/000012230d56885020bae\" target=\"_blank\"><img data-recalc-dims=\"1\" loading=\"lazy\" decoding=\"async\" class=\"image img-responsive\" src=\"https:\/\/i0.wp.com\/i.calameoassets.com\/110307165919-42860ddc334cbabc03902c92b73ab926\/large.jpg?resize=239%2C336\" alt=\"Tremblay Magazine n\u00b0124 - Mars 2011\" width=\"239\" height=\"336\"><\/a><p class=\"wp-caption-text\">Tremblay Magazine n\u00b0 124 &#8211; Mars 2011 &#8211; Page 37 &#8211; Adieu professeur<\/p><\/div>\n<p>&nbsp;<\/p>\n<div style=\"width: 265px\" class=\"wp-caption aligncenter\"><a href=\"http:\/\/fr.calameo.com\/read\/0000122300c083324c934\" target=\"_blank\"><img data-recalc-dims=\"1\" loading=\"lazy\" decoding=\"async\" class=\"image img-responsive\" src=\"https:\/\/i0.wp.com\/i.calameoassets.com\/120306154335-6685095d3a9c969fa20169a548fbe727\/large.jpg?resize=255%2C359\" alt=\"Tremblay Magazine n\u00b0135 - mars 2012\" width=\"255\" height=\"359\"><\/a><p class=\"wp-caption-text\">Tremblay Magazine n\u00b0135 &#8211; Mars 2012 &#8211; Pages 34 et 35 &#8211; Goju-ryu L&#8217;autre visage du karat\u00e9<\/p><\/div>\n<div id=\"attachment_1662\" style=\"width: 272px\" class=\"wp-caption aligncenter\"><a href=\"http:\/\/kemposhinkai.fr\/775-2\/\" target=\"_blank\"><img data-recalc-dims=\"1\" loading=\"lazy\" decoding=\"async\" aria-describedby=\"caption-attachment-1662\" data-attachment-id=\"1662\" data-permalink=\"https:\/\/www.gojuryu93.com\/?attachment_id=1662\" data-orig-file=\"https:\/\/i0.wp.com\/www.gojuryu93.com\/wp-content\/uploads\/2016\/02\/Kemposhinkai2016.png?fit=517%2C680&amp;ssl=1\" data-orig-size=\"517,680\" data-comments-opened=\"0\" data-image-meta=\"{&quot;aperture&quot;:&quot;0&quot;,&quot;credit&quot;:&quot;&quot;,&quot;camera&quot;:&quot;&quot;,&quot;caption&quot;:&quot;&quot;,&quot;created_timestamp&quot;:&quot;0&quot;,&quot;copyright&quot;:&quot;&quot;,&quot;focal_length&quot;:&quot;0&quot;,&quot;iso&quot;:&quot;0&quot;,&quot;shutter_speed&quot;:&quot;0&quot;,&quot;title&quot;:&quot;&quot;,&quot;orientation&quot;:&quot;0&quot;}\" data-image-title=\"Kemposhinkai2016\" data-image-description=\"\" data-image-caption=\"\" data-large-file=\"https:\/\/i0.wp.com\/www.gojuryu93.com\/wp-content\/uploads\/2016\/02\/Kemposhinkai2016.png?fit=517%2C680&amp;ssl=1\" class=\"wp-image-1662\" src=\"https:\/\/i0.wp.com\/www.gojuryu93.com\/wp-content\/uploads\/2016\/02\/Kemposhinkai2016.png?resize=262%2C345\" alt=\"Kemposhinkai2016\" width=\"262\" height=\"345\" srcset=\"https:\/\/i0.wp.com\/www.gojuryu93.com\/wp-content\/uploads\/2016\/02\/Kemposhinkai2016.png?resize=228%2C300&amp;ssl=1 228w, https:\/\/i0.wp.com\/www.gojuryu93.com\/wp-content\/uploads\/2016\/02\/Kemposhinkai2016.png?w=517&amp;ssl=1 517w\" sizes=\"auto, (max-width: 262px) 100vw, 262px\" \/><\/a><p id=\"caption-attachment-1662\" class=\"wp-caption-text\">\u00a9 Kemposhinka\u00ef &#8211; 30 Janvier 2016 &#8211; Stage Expert Ma\u00eetre Bernard BILICKI<\/p><\/div>\n<p>&nbsp;<\/p>\n<div id=\"attachment_1665\" style=\"width: 275px\" class=\"wp-caption aligncenter\"><a href=\"http:\/\/sites.ffkarate.fr\/ligueseinesaintdenis\/actualites\/retour-en-image-sur-le-stage-b-bilicki\/\" target=\"_blank\"><img data-recalc-dims=\"1\" loading=\"lazy\" decoding=\"async\" aria-describedby=\"caption-attachment-1665\" data-attachment-id=\"1665\" data-permalink=\"https:\/\/www.gojuryu93.com\/?attachment_id=1665\" data-orig-file=\"https:\/\/i0.wp.com\/www.gojuryu93.com\/wp-content\/uploads\/2016\/02\/FFkda93_stage-Biliky_2016.png?fit=522%2C850&amp;ssl=1\" data-orig-size=\"522,850\" data-comments-opened=\"0\" data-image-meta=\"{&quot;aperture&quot;:&quot;0&quot;,&quot;credit&quot;:&quot;&quot;,&quot;camera&quot;:&quot;&quot;,&quot;caption&quot;:&quot;&quot;,&quot;created_timestamp&quot;:&quot;0&quot;,&quot;copyright&quot;:&quot;&quot;,&quot;focal_length&quot;:&quot;0&quot;,&quot;iso&quot;:&quot;0&quot;,&quot;shutter_speed&quot;:&quot;0&quot;,&quot;title&quot;:&quot;&quot;,&quot;orientation&quot;:&quot;0&quot;}\" data-image-title=\"FFkda93_stage Biliky_2016\" data-image-description=\"\" data-image-caption=\"\" data-large-file=\"https:\/\/i0.wp.com\/www.gojuryu93.com\/wp-content\/uploads\/2016\/02\/FFkda93_stage-Biliky_2016.png?fit=522%2C850&amp;ssl=1\" class=\"wp-image-1665\" src=\"https:\/\/i0.wp.com\/www.gojuryu93.com\/wp-content\/uploads\/2016\/02\/FFkda93_stage-Biliky_2016.png?resize=265%2C432\" alt=\"FFkda93_stage Biliky_2016\" width=\"265\" height=\"432\" srcset=\"https:\/\/i0.wp.com\/www.gojuryu93.com\/wp-content\/uploads\/2016\/02\/FFkda93_stage-Biliky_2016.png?resize=184%2C300&amp;ssl=1 184w, https:\/\/i0.wp.com\/www.gojuryu93.com\/wp-content\/uploads\/2016\/02\/FFkda93_stage-Biliky_2016.png?w=522&amp;ssl=1 522w\" sizes=\"auto, (max-width: 265px) 100vw, 265px\" \/><\/a><p id=\"caption-attachment-1665\" class=\"wp-caption-text\">\u00a9 2016 FFKDA93 &#8211;&nbsp; 1er F\u00e9vrier 2016 &#8211; Retour en images sur le stage B.Biliky<\/p><\/div>\n<div id=\"attachment_1755\" style=\"width: 286px\" class=\"wp-caption aligncenter\"><a href=\"http:\/\/www.calameo.com\/read\/0000122307030b3159464\" target=\"_blank\"><img data-recalc-dims=\"1\" loading=\"lazy\" decoding=\"async\" aria-describedby=\"caption-attachment-1755\" data-attachment-id=\"1755\" data-permalink=\"https:\/\/www.gojuryu93.com\/?attachment_id=1755\" data-orig-file=\"https:\/\/i0.wp.com\/www.gojuryu93.com\/wp-content\/uploads\/2016\/02\/TM180-page1_web.jpg?fit=1447%2C2038&amp;ssl=1\" data-orig-size=\"1447,2038\" data-comments-opened=\"0\" data-image-meta=\"{&quot;aperture&quot;:&quot;0&quot;,&quot;credit&quot;:&quot;&quot;,&quot;camera&quot;:&quot;&quot;,&quot;caption&quot;:&quot;&quot;,&quot;created_timestamp&quot;:&quot;0&quot;,&quot;copyright&quot;:&quot;&quot;,&quot;focal_length&quot;:&quot;0&quot;,&quot;iso&quot;:&quot;0&quot;,&quot;shutter_speed&quot;:&quot;0&quot;,&quot;title&quot;:&quot;&quot;,&quot;orientation&quot;:&quot;0&quot;}\" data-image-title=\"TM180-page1_web\" data-image-description=\"\" data-image-caption=\"\" data-large-file=\"https:\/\/i0.wp.com\/www.gojuryu93.com\/wp-content\/uploads\/2016\/02\/TM180-page1_web.jpg?fit=610%2C859&amp;ssl=1\" class=\"wp-image-1755 \" src=\"https:\/\/i0.wp.com\/www.gojuryu93.com\/wp-content\/uploads\/2016\/02\/TM180-page1_web.jpg?resize=276%2C389\" alt=\"TM180-page1_web\" width=\"276\" height=\"389\" srcset=\"https:\/\/i0.wp.com\/www.gojuryu93.com\/wp-content\/uploads\/2016\/02\/TM180-page1_web.jpg?resize=213%2C300&amp;ssl=1 213w, https:\/\/i0.wp.com\/www.gojuryu93.com\/wp-content\/uploads\/2016\/02\/TM180-page1_web.jpg?resize=727%2C1024&amp;ssl=1 727w, https:\/\/i0.wp.com\/www.gojuryu93.com\/wp-content\/uploads\/2016\/02\/TM180-page1_web.jpg?w=1447&amp;ssl=1 1447w, https:\/\/i0.wp.com\/www.gojuryu93.com\/wp-content\/uploads\/2016\/02\/TM180-page1_web.jpg?w=1220 1220w\" sizes=\"auto, (max-width: 276px) 100vw, 276px\" \/><\/a><p id=\"caption-attachment-1755\" class=\"wp-caption-text\">Tremblay Magazine n\u00b0180 &#8211; Avril 2016 &#8211; Page 34 &#8211; Et si on essayait le Kobudo<\/p><\/div>\n<div id=\"attachment_2756\" style=\"width: 292px\" class=\"wp-caption aligncenter\"><a href=\"http:\/\/sites.ffkarate.fr\/seinesaintdenis\/actualites\/photos-stage-maitre-oshiro\/\"><img data-recalc-dims=\"1\" loading=\"lazy\" decoding=\"async\" aria-describedby=\"caption-attachment-2756\" data-attachment-id=\"2756\" data-permalink=\"https:\/\/www.gojuryu93.com\/?attachment_id=2756\" data-orig-file=\"https:\/\/i0.wp.com\/www.gojuryu93.com\/wp-content\/uploads\/2016\/02\/Ligue-93-23-12-2016.jpg?fit=1184%2C839&amp;ssl=1\" data-orig-size=\"1184,839\" data-comments-opened=\"0\" data-image-meta=\"{&quot;aperture&quot;:&quot;0&quot;,&quot;credit&quot;:&quot;&quot;,&quot;camera&quot;:&quot;&quot;,&quot;caption&quot;:&quot;&quot;,&quot;created_timestamp&quot;:&quot;0&quot;,&quot;copyright&quot;:&quot;&quot;,&quot;focal_length&quot;:&quot;0&quot;,&quot;iso&quot;:&quot;0&quot;,&quot;shutter_speed&quot;:&quot;0&quot;,&quot;title&quot;:&quot;&quot;,&quot;orientation&quot;:&quot;0&quot;}\" data-image-title=\"Ligue 93 23-12-2016\" data-image-description=\"\" data-image-caption=\"&lt;p&gt;\u00a9 2019 Comit\u00e9 d\u00e9partemental 93 KDA&lt;\/p&gt;\n\" data-large-file=\"https:\/\/i0.wp.com\/www.gojuryu93.com\/wp-content\/uploads\/2016\/02\/Ligue-93-23-12-2016.jpg?fit=610%2C432&amp;ssl=1\" class=\"wp-image-2756 \" src=\"https:\/\/i0.wp.com\/www.gojuryu93.com\/wp-content\/uploads\/2016\/02\/Ligue-93-23-12-2016.jpg?resize=282%2C200\" width=\"282\" height=\"200\" srcset=\"https:\/\/i0.wp.com\/www.gojuryu93.com\/wp-content\/uploads\/2016\/02\/Ligue-93-23-12-2016.jpg?resize=300%2C213&amp;ssl=1 300w, https:\/\/i0.wp.com\/www.gojuryu93.com\/wp-content\/uploads\/2016\/02\/Ligue-93-23-12-2016.jpg?resize=1024%2C726&amp;ssl=1 1024w, https:\/\/i0.wp.com\/www.gojuryu93.com\/wp-content\/uploads\/2016\/02\/Ligue-93-23-12-2016.jpg?w=1184&amp;ssl=1 1184w\" sizes=\"auto, (max-width: 282px) 100vw, 282px\" \/><\/a><p id=\"caption-attachment-2756\" class=\"wp-caption-text\">\u00a9 2016 Comit\u00e9 d\u00e9partemental 93 KDA &#8211; 23 d\u00e9cembre 2016 &#8211; Photos du stage Oshiro 2017<\/p><\/div>\n","protected":false},"excerpt":{"rendered":"<p>&nbsp; &nbsp; On parle de nous dans la presse locale ou sur le Net. Retrouvez sur cette page divers articles ou sites internet ou nous sommes cit\u00e9s. Il vous suffira de cliquer sur les images pour acc\u00e9der aux publications. &nbsp; &nbsp;<\/p>\n","protected":false},"author":1,"featured_media":0,"parent":0,"menu_order":0,"comment_status":"closed","ping_status":"closed","template":"","meta":{"_exactmetrics_skip_tracking":false,"_exactmetrics_sitenote_active":false,"_exactmetrics_sitenote_note":"","_exactmetrics_sitenote_category":0,"ngg_post_thumbnail":0,"footnotes":""},"class_list":["post-1656","page","type-page","status-publish","hentry"],"jetpack_shortlink":"https:\/\/wp.me\/P6TujZ-qI","jetpack-related-posts":[{"id":1054,"url":"https:\/\/www.gojuryu93.com\/?page_id=1054","url_meta":{"origin":1656,"position":0},"title":"Les KATAS","author":"Team-Goju","date":"11 juillet 2015","format":false,"excerpt":"Il n\u2019y a pas de kata \u00ab facile \u00bb ! Ils comportent tous leurs propres difficult\u00e9s. Ces difficult\u00e9s ne sont pas seulement propres \u00e0 chaque kata mais aussi \u00e0 chaque individu qui veut le ma\u00eetriser. Un kata peut pr\u00e9senter des obstacles diff\u00e9rents selon la personnalit\u00e9 du pratiquant qui l\u2019aborde. Un\u2026","rel":"","context":"Article similaire","block_context":{"text":"Article similaire","link":""},"img":{"alt_text":"","src":"","width":0,"height":0},"classes":[]},{"id":1499,"url":"https:\/\/www.gojuryu93.com\/?page_id=1499","url_meta":{"origin":1656,"position":1},"title":"Comment nouer sa ceinture","author":"Team-Goju","date":"9 janvier 2016","format":false,"excerpt":"Pour les d\u00e9butants mais aussi pour les experts, voici des m\u00e9thodes pour nouer votre ceinture de karat\u00e9gi afin quelle tienne en place. Ces m\u00e9thodes extraites d'exemples nombreux en libre acc\u00e8s sur internet, sont faciles et apr\u00e8s quelques essais vous pourrez avoir un karat\u00e9gi superbe qui tient en place. En vid\u00e9o\u2026","rel":"","context":"Article similaire","block_context":{"text":"Article similaire","link":""},"img":{"alt_text":"Comment nouer sa ceinture de karat\u00e9","src":"https:\/\/i0.wp.com\/www.gojuryu93.com\/wp-content\/uploads\/2016\/01\/Attacher_sa_ceinture-300x151.png?resize=350%2C200","width":350,"height":200},"classes":[]},{"id":1063,"url":"https:\/\/www.gojuryu93.com\/?page_id=1063","url_meta":{"origin":1656,"position":2},"title":"Passage de grades Kobudo","author":"Team-Goju","date":"11 juillet 2015","format":false,"excerpt":"Lors des passages de grades kobudo traditionnel, un certain nombre de pratiques et techniques sont requises pour pouvoir obtenir le grade souhait\u00e9. Les techniques demand\u00e9es sont pr\u00e9sentes dans le tableau r\u00e9capitulatif pr\u00e9sent sur cette page et en r\u00e9f\u00e9rence \u00e0 ce qui est demand\u00e9 par la Ligue Oshuka\u00ef France pour le\u2026","rel":"","context":"Article similaire","block_context":{"text":"Article similaire","link":""},"img":{"alt_text":"5e kyu Ceinture jaune","src":"https:\/\/i0.wp.com\/www.gojuryu93.com\/wp-content\/uploads\/2015\/07\/yellow-e1483194264660.png?resize=350%2C200","width":350,"height":200},"classes":[]},{"id":1052,"url":"https:\/\/www.gojuryu93.com\/?page_id=1052","url_meta":{"origin":1656,"position":3},"title":"Les frappes","author":"Team-Goju","date":"11 juillet 2015","format":false,"excerpt":"\u00a0ATEMI : Coup frapp\u00e9 sur le corps (ate - mi) Nous allons d\u00e9crire dans cette page les parties du corps avec lesquelles on peut porter des coups en Goju-ryu. Pour quelques unes d'entre-elles,\u00a0 en illustration la fa\u00e7on de proc\u00e9der. Nous expliquerons \u00e9galement, succinctement, le pourquoi de cette frappe et son\u2026","rel":"","context":"Article similaire","block_context":{"text":"Article similaire","link":""},"img":{"alt_text":"211","src":"https:\/\/i0.wp.com\/www.gojuryu93.com\/wp-content\/uploads\/2015\/07\/211.png?resize=350%2C200","width":350,"height":200},"classes":[]},{"id":1058,"url":"https:\/\/www.gojuryu93.com\/?page_id=1058","url_meta":{"origin":1656,"position":4},"title":"Passage de grade Adultes","author":"Team-Goju","date":"11 juillet 2015","format":false,"excerpt":"Retrouvez sur cette page les kihons et listes de katas demand\u00e9s par le Karat\u00e9 Club de Tremblay-en-France lors des passages de grades de la ceinture jaune \u00e0 la ceinture marron. Pour ceux qui d\u00e9sirent les travailler \u00e0 la maison, vous pourrez t\u00e9l\u00e9charger l'ensemble des kihons\u00a0 en cliquant sur le bouton.\u2026","rel":"","context":"Article similaire","block_context":{"text":"Article similaire","link":""},"img":{"alt_text":"5e kyu Ceinture jaune","src":"https:\/\/i0.wp.com\/www.gojuryu93.com\/wp-content\/uploads\/2015\/07\/yellow.png?resize=350%2C200","width":350,"height":200},"classes":[]},{"id":1084,"url":"https:\/\/www.gojuryu93.com\/?page_id=1084","url_meta":{"origin":1656,"position":5},"title":"Informations l\u00e9gales","author":"Team-Goju","date":"2 novembre 2015","format":false,"excerpt":"Karat\u00e9 Club Goju-ryu de Tremblay-en-France Num\u00e9ro d'agr\u00e9ment F\u00e9d\u00e9ration Fran\u00e7aise de Karat\u00e9\u00a0 et disciplines associ\u00e9es : 930006 Num\u00e9ro de d\u00e9claration d\u2019existence en pr\u00e9fecture : W932002426 Association : GOJU-RYU. No de parution au journal officiel : 19970011 D\u00e9partement (R\u00e9gion) : Seine-Saint-Denis (\u00cele-de-France) Lieu parution : D\u00e9claration \u00e0 la sous-pr\u00e9fecture du Raincy. Objet\u00a0:\u2026","rel":"","context":"Article similaire","block_context":{"text":"Article similaire","link":""},"img":{"alt_text":"logo gojuryu trembaly","src":"https:\/\/i0.wp.com\/www.gojuryu93.com\/wp-content\/uploads\/2015\/10\/logo-gojuryu-trembaly-300x293.png?resize=350%2C200","width":350,"height":200},"classes":[]}],"jetpack_sharing_enabled":true,"_links":{"self":[{"href":"https:\/\/www.gojuryu93.com\/index.php?rest_route=\/wp\/v2\/pages\/1656","targetHints":{"allow":["GET"]}}],"collection":[{"href":"https:\/\/www.gojuryu93.com\/index.php?rest_route=\/wp\/v2\/pages"}],"about":[{"href":"https:\/\/www.gojuryu93.com\/index.php?rest_route=\/wp\/v2\/types\/page"}],"author":[{"embeddable":true,"href":"https:\/\/www.gojuryu93.com\/index.php?rest_route=\/wp\/v2\/users\/1"}],"replies":[{"embeddable":true,"href":"https:\/\/www.gojuryu93.com\/index.php?rest_route=%2Fwp%2Fv2%2Fcomments&post=1656"}],"version-history":[{"count":0,"href":"https:\/\/www.gojuryu93.com\/index.php?rest_route=\/wp\/v2\/pages\/1656\/revisions"}],"wp:attachment":[{"href":"https:\/\/www.gojuryu93.com\/index.php?rest_route=%2Fwp%2Fv2%2Fmedia&parent=1656"}],"curies":[{"name":"wp","href":"https:\/\/api.w.org\/{rel}","templated":true}]}}