{"id":267,"date":"2015-11-06T19:35:02","date_gmt":"2015-11-06T18:35:02","guid":{"rendered":"http:\/\/82.67.161.76\/Gojuryu93Com\/?page_id=2"},"modified":"2015-11-26T13:51:08","modified_gmt":"2015-11-26T12:51:08","slug":"pourquoi-pratiquer","status":"publish","type":"page","link":"https:\/\/www.gojuryu93.com\/?page_id=267","title":{"rendered":"Pourquoi pratiquer le Karat\u00e9 Goju-Ryu"},"content":{"rendered":"<div class=\"art-layout-cell\">\n<article class=\"art-post\">\n<h2 class=\"art-postheader\"><\/h2>\n<div class=\"art-postcontent clearfix\">\n<div class=\"custom\">\n<ul>\n<li style=\"text-align: left;\">Acqu\u00e9rir une bonne condition physique.<\/li>\n<li style=\"text-align: left;\">Avoir une meilleure connaissance de soi.\n<p><div id=\"attachment_1232\" style=\"width: 274px\" class=\"wp-caption alignright\"><img data-recalc-dims=\"1\" loading=\"lazy\" decoding=\"async\" aria-describedby=\"caption-attachment-1232\" data-attachment-id=\"1232\" data-permalink=\"https:\/\/www.gojuryu93.com\/?attachment_id=1232\" data-orig-file=\"https:\/\/i0.wp.com\/www.gojuryu93.com\/wp-content\/uploads\/2015\/06\/Stage-Federal-Zenei-OSHIRO_21-03-2015__0611-e1446835661448.jpg?fit=226%2C356&amp;ssl=1\" data-orig-size=\"226,356\" data-comments-opened=\"0\" data-image-meta=\"{&quot;aperture&quot;:&quot;0&quot;,&quot;credit&quot;:&quot;&quot;,&quot;camera&quot;:&quot;&quot;,&quot;caption&quot;:&quot;&quot;,&quot;created_timestamp&quot;:&quot;0&quot;,&quot;copyright&quot;:&quot;&quot;,&quot;focal_length&quot;:&quot;0&quot;,&quot;iso&quot;:&quot;0&quot;,&quot;shutter_speed&quot;:&quot;0&quot;,&quot;title&quot;:&quot;&quot;,&quot;orientation&quot;:&quot;0&quot;}\" data-image-title=\"Stage Federal Zenei OSHIRO_21-03-2015__061\" data-image-description=\"\" data-image-caption=\"\" data-large-file=\"https:\/\/i0.wp.com\/www.gojuryu93.com\/wp-content\/uploads\/2015\/06\/Stage-Federal-Zenei-OSHIRO_21-03-2015__0611-e1446835661448.jpg?fit=610%2C877&amp;ssl=1\" class=\"wp-image-1232\" src=\"https:\/\/i0.wp.com\/www.gojuryu93.com\/wp-content\/uploads\/2015\/06\/Stage-Federal-Zenei-OSHIRO_21-03-2015__0611-e1446835661448-190x300.jpg?resize=264%2C417\" alt=\"Pourquoi pratiquer\" width=\"264\" height=\"417\" srcset=\"https:\/\/i0.wp.com\/www.gojuryu93.com\/wp-content\/uploads\/2015\/06\/Stage-Federal-Zenei-OSHIRO_21-03-2015__0611-e1446835661448.jpg?resize=190%2C300&amp;ssl=1 190w, https:\/\/i0.wp.com\/www.gojuryu93.com\/wp-content\/uploads\/2015\/06\/Stage-Federal-Zenei-OSHIRO_21-03-2015__0611-e1446835661448.jpg?w=226&amp;ssl=1 226w\" sizes=\"auto, (max-width: 264px) 100vw, 264px\" \/><p id=\"caption-attachment-1232\" class=\"wp-caption-text\"><span style=\"font-size: 8px;\">\u00a9 2015 &#8211; Karat\u00e9 Club de Tremblay-en-France &#8211; Tous droits r\u00e9serv\u00e9s<\/span><\/p><\/div><\/li>\n<li style=\"text-align: left;\">Apporter un bon \u00e9quilibre mental.<\/li>\n<li style=\"text-align: left;\">\u00c9viter les d\u00e9rives de la violence.<\/li>\n<li style=\"text-align: left;\">Transformer l&#8217;agressivit\u00e9 en \u00e9nergie positive.<\/li>\n<li style=\"text-align: left;\">Aider \u00e0 la concentration.<\/li>\n<li style=\"text-align: left;\">Apprendre la patience.<\/li>\n<li style=\"text-align: left;\">G\u00e9rer le stress et l&#8217;angoisse.<\/li>\n<li style=\"text-align: left;\">Contr\u00f4ler des \u00e9motions.<\/li>\n<li style=\"text-align: left;\">Canaliser l\u2019\u00e9nergie.<\/li>\n<li style=\"text-align: left;\">Inculquer la courtoisie, le respect, la hi\u00e9rarchie, le courage, la prudence.<\/li>\n<li style=\"text-align: left;\">Ma\u00eetriser l&#8217;espace et le temps.<\/li>\n<li style=\"text-align: left;\">La r\u00e9p\u00e9tition des gestes et des techniques, le passage de grade, entra\u00eenent une remise en question permanente et la modestie.<\/li>\n<li style=\"text-align: left;\">Au travers du karat\u00e9 on enseigne aussi l&#8217;honn\u00eatet\u00e9.<\/li>\n<\/ul>\n<p>&nbsp;<\/p>\n<p style=\"text-align: right;\"><a class=\"maxbutton-1 maxbutton maxbutton-en-savoir-plus-karate\" rel=\"nofollow noopener\" href=\"\/?page_id=713\"><span class='mb-text'>Le karat\u00e9 Goju-Ryu - Historique<\/span><\/a><\/p>\n<\/div>\n<\/div>\n<\/article>\n<\/div>\n","protected":false},"excerpt":{"rendered":"<p>Acqu\u00e9rir une bonne condition physique. Avoir une meilleure connaissance de soi. Apporter un bon \u00e9quilibre mental. \u00c9viter les d\u00e9rives de la violence. Transformer l&#8217;agressivit\u00e9 en \u00e9nergie positive. Aider \u00e0 la concentration. Apprendre la patience. G\u00e9rer le stress et l&#8217;angoisse. Contr\u00f4ler des \u00e9motions. Canaliser l\u2019\u00e9nergie. Inculquer la courtoisie, le respect, la hi\u00e9rarchie, le courage, la prudence. [&hellip;]<\/p>\n","protected":false},"author":1,"featured_media":0,"parent":0,"menu_order":0,"comment_status":"closed","ping_status":"open","template":"","meta":{"_exactmetrics_skip_tracking":false,"_exactmetrics_sitenote_active":false,"_exactmetrics_sitenote_note":"","_exactmetrics_sitenote_category":0,"ngg_post_thumbnail":0,"footnotes":""},"class_list":["post-267","page","type-page","status-publish","hentry"],"jetpack_shortlink":"https:\/\/wp.me\/P6TujZ-4j","jetpack-related-posts":[{"id":1339,"url":"https:\/\/www.gojuryu93.com\/?page_id=1339","url_meta":{"origin":267,"position":0},"title":"Historique du club","author":"Team-Goju","date":"6 d\u00e9cembre 2015","format":false,"excerpt":"Le Karat\u00e9 Club de Tremblay-en-France est en perp\u00e9tuelle croissance et accentue son action vers la promotion du karat\u00e9 Goju-Ryu, dont il est le seul repr\u00e9sentant dans le d\u00e9partement de la Seine-Saint-Denis et aussi du Kobudo dans la pure tradition d\u2019Okinawa. Notre club fut fond\u00e9 en 1967, par Daniel DJADEL. A\u2026","rel":"","context":"Article similaire","block_context":{"text":"Article similaire","link":""},"img":{"alt_text":"Toguchi_karatemag_1969","src":"https:\/\/i0.wp.com\/www.gojuryu93.com\/wp-content\/uploads\/2015\/12\/Toguchi_karatemag_1969.png?resize=350%2C200","width":350,"height":200},"classes":[]},{"id":740,"url":"https:\/\/www.gojuryu93.com\/?page_id=740","url_meta":{"origin":267,"position":1},"title":"Contact et Localisation","author":"Team-Goju","date":"12 juin 2015","format":false,"excerpt":"Nous contacter : Pr\u00e9sident 06 15 99 57 32 \u00a0 karateclub.tremblayenfrance@gmail.com \u00a0 Dojo des Cottages : Angle 33\/35 rue Hector Berlioz - 93 290 Tremblay-en-France LUNDI Kobudo enfants - 18 h 15 \u00e0 19 h 30 Karat\u00e9 adultes - 19 h 30 \u00e0 21 h 30 JEUDI Karat\u00e9 enfants -\u2026","rel":"","context":"Article similaire","block_context":{"text":"Article similaire","link":""},"img":{"alt_text":"","src":"","width":0,"height":0},"classes":[]},{"id":1084,"url":"https:\/\/www.gojuryu93.com\/?page_id=1084","url_meta":{"origin":267,"position":2},"title":"Informations l\u00e9gales","author":"Team-Goju","date":"2 novembre 2015","format":false,"excerpt":"Karat\u00e9 Club Goju-ryu de Tremblay-en-France Num\u00e9ro d'agr\u00e9ment F\u00e9d\u00e9ration Fran\u00e7aise de Karat\u00e9\u00a0 et disciplines associ\u00e9es : 930006 Num\u00e9ro de d\u00e9claration d\u2019existence en pr\u00e9fecture : W932002426 Association : GOJU-RYU. No de parution au journal officiel : 19970011 D\u00e9partement (R\u00e9gion) : Seine-Saint-Denis (\u00cele-de-France) Lieu parution : D\u00e9claration \u00e0 la sous-pr\u00e9fecture du Raincy. Objet\u00a0:\u2026","rel":"","context":"Article similaire","block_context":{"text":"Article similaire","link":""},"img":{"alt_text":"logo gojuryu trembaly","src":"https:\/\/i0.wp.com\/www.gojuryu93.com\/wp-content\/uploads\/2015\/10\/logo-gojuryu-trembaly-300x293.png?resize=350%2C200","width":350,"height":200},"classes":[]},{"id":713,"url":"https:\/\/www.gojuryu93.com\/?page_id=713","url_meta":{"origin":267,"position":3},"title":"Le Karat\u00e9 Goju-ryu","author":"Team-Goju","date":"11 novembre 2015","format":false,"excerpt":"Le g\u00f4j\u00fb-ry\u00fb est un art de combat d'Okinawa, issus de la province du Fujian en Chine du Sud. Le style goju-ryu a \u00e9t\u00e9 cr\u00e9\u00e9 par Miyagi Ch\u00f4jun sur les bases de celui que Higaonna Kanry\u00f4 ramena de Chine. Le nom de cette \u00c9cole de karat\u00e9 refl\u00e8te ses caract\u00e9ristiques, force et\u2026","rel":"","context":"Article similaire","block_context":{"text":"Article similaire","link":""},"img":{"alt_text":"Chojun_Miyagi","src":"https:\/\/i0.wp.com\/www.gojuryu93.com\/wp-content\/uploads\/2015\/06\/Chojun_Miyagi.jpg?resize=350%2C200","width":350,"height":200},"classes":[]},{"id":1033,"url":"https:\/\/www.gojuryu93.com\/?page_id=1033","url_meta":{"origin":267,"position":4},"title":"L&#8217;\u00e9quipe","author":"Team-Goju","date":"2 novembre 2015","format":false,"excerpt":"Les Professeurs \u00a0 \u00a0 Karat\u00e9 \u00a0 \u00a0 \u00a0 \u00a0 \u00a0 Eric Vidal - 4 \u00e8me Dan - DIF \u00a0 \u00a0 Olivier Chaumont - 4 \u00e8me Dan - DIF - Directeur technique Karat\u00e9 \u00a0 \u00a0 Henri Biancardini - 2\u00e8me Dan - DIF \u00a0 \u00a0 Kobudo \u00a0 \u00a0 \u00a0 \u00a0 \u00a0 Daniel\u2026","rel":"","context":"Article similaire","block_context":{"text":"Article similaire","link":""},"img":{"alt_text":"groupe-travail-puzzle","src":"https:\/\/i0.wp.com\/www.gojuryu93.com\/wp-content\/uploads\/2015\/11\/groupe-travail-puzzle-300x231.png?resize=350%2C200","width":350,"height":200},"classes":[]},{"id":1079,"url":"https:\/\/www.gojuryu93.com\/?page_id=1079","url_meta":{"origin":267,"position":5},"title":"Droits \u00e0 l\u2019image","author":"Team-Goju","date":"2 novembre 2015","format":false,"excerpt":"Toutes les personnes repr\u00e9sent\u00e9es sur ce site ou leurs responsables l\u00e9gaux ainsi que les dirigeants clubs ont fourni une autorisation de diffusion des images conform\u00e9ment aux dispositions l\u00e9gales des droits \u00e0 images en France. Ces autorisations sont en possession du karat\u00e9 club Gogu-ryude Tremblay-en-France. Toutes demandes de suppression ou de\u2026","rel":"","context":"Article similaire","block_context":{"text":"Article similaire","link":""},"img":{"alt_text":"","src":"","width":0,"height":0},"classes":[]}],"jetpack_sharing_enabled":true,"_links":{"self":[{"href":"https:\/\/www.gojuryu93.com\/index.php?rest_route=\/wp\/v2\/pages\/267","targetHints":{"allow":["GET"]}}],"collection":[{"href":"https:\/\/www.gojuryu93.com\/index.php?rest_route=\/wp\/v2\/pages"}],"about":[{"href":"https:\/\/www.gojuryu93.com\/index.php?rest_route=\/wp\/v2\/types\/page"}],"author":[{"embeddable":true,"href":"https:\/\/www.gojuryu93.com\/index.php?rest_route=\/wp\/v2\/users\/1"}],"replies":[{"embeddable":true,"href":"https:\/\/www.gojuryu93.com\/index.php?rest_route=%2Fwp%2Fv2%2Fcomments&post=267"}],"version-history":[{"count":0,"href":"https:\/\/www.gojuryu93.com\/index.php?rest_route=\/wp\/v2\/pages\/267\/revisions"}],"wp:attachment":[{"href":"https:\/\/www.gojuryu93.com\/index.php?rest_route=%2Fwp%2Fv2%2Fmedia&parent=267"}],"curies":[{"name":"wp","href":"https:\/\/api.w.org\/{rel}","templated":true}]}}