{"id":699,"date":"2015-06-10T22:28:39","date_gmt":"2015-06-10T20:28:39","guid":{"rendered":"http:\/\/82.67.161.76\/Gojuryu93Com\/?page_id=699"},"modified":"2018-10-26T19:08:15","modified_gmt":"2018-10-26T18:08:15","slug":"les-cours","status":"publish","type":"page","link":"https:\/\/www.gojuryu93.com\/?page_id=699","title":{"rendered":"Les cours"},"content":{"rendered":"<div class=\"item-page\">\n<p style=\"text-align: left;\"><img data-recalc-dims=\"1\" loading=\"lazy\" decoding=\"async\" data-attachment-id=\"2006\" data-permalink=\"https:\/\/www.gojuryu93.com\/?attachment_id=2006\" data-orig-file=\"https:\/\/i0.wp.com\/www.gojuryu93.com\/wp-content\/uploads\/2015\/06\/Flyer-Gogu-2016.png?fit=362%2C500&amp;ssl=1\" data-orig-size=\"362,500\" data-comments-opened=\"0\" data-image-meta=\"{&quot;aperture&quot;:&quot;0&quot;,&quot;credit&quot;:&quot;&quot;,&quot;camera&quot;:&quot;&quot;,&quot;caption&quot;:&quot;&quot;,&quot;created_timestamp&quot;:&quot;0&quot;,&quot;copyright&quot;:&quot;&quot;,&quot;focal_length&quot;:&quot;0&quot;,&quot;iso&quot;:&quot;0&quot;,&quot;shutter_speed&quot;:&quot;0&quot;,&quot;title&quot;:&quot;&quot;,&quot;orientation&quot;:&quot;0&quot;}\" data-image-title=\"Flyer-Gogu-2016\" data-image-description=\"\" data-image-caption=\"\" data-large-file=\"https:\/\/i0.wp.com\/www.gojuryu93.com\/wp-content\/uploads\/2015\/06\/Flyer-Gogu-2016.png?fit=362%2C500&amp;ssl=1\" class=\"aligncenter wp-image-2006 \" src=\"https:\/\/i0.wp.com\/www.gojuryu93.com\/wp-content\/uploads\/2015\/06\/Flyer-Gogu-2016.png?resize=461%2C638\" width=\"461\" height=\"638\" srcset=\"https:\/\/i0.wp.com\/www.gojuryu93.com\/wp-content\/uploads\/2015\/06\/Flyer-Gogu-2016.png?resize=217%2C300&amp;ssl=1 217w, https:\/\/i0.wp.com\/www.gojuryu93.com\/wp-content\/uploads\/2015\/06\/Flyer-Gogu-2016.png?w=362&amp;ssl=1 362w\" sizes=\"auto, (max-width: 461px) 100vw, 461px\" \/><\/p>\n<\/div>\n<div id=\"aside\" class=\"span3\">\n<p><strong>&nbsp;<\/strong><\/p>\n<p style=\"text-align: center;\"><span style=\"font-size: 20px; background-color: #ffff00;\"><strong>Pour tous renseignements contacter : <\/strong><\/span><\/p>\n<p style=\"text-align: center;\"><span style=\"font-size: 20px; background-color: #ffff00;\"><strong>M. BIANCARDINI Henri au 06 15 99 57 32<\/strong><\/span><\/p>\n<p>&nbsp;<\/p>\n<h2><span style=\"text-decoration: underline;\"><strong>Les cours<\/strong><\/span><strong> :<\/strong><span style=\"text-decoration: underline;\"><strong><br \/>\n<\/strong><\/span><\/h2>\n<p><strong>KARAT\u00c9 ENFANTS (\u00e0 partir de 6-7 ans) D\u00e9butants et Confirm\u00e9s<\/strong><\/p>\n<ul>\n<li>Jeudi&nbsp; de 18h \u00e0 19h15 Dojo des Cottages<\/li>\n<li>Dimanche&nbsp; de 10h30 \u00e0 11h45 Dojo Thierry Ngninteng<\/li>\n<\/ul>\n<p><strong>KOBUDO ENFANTS (\u00e0 partir de 9 ans)&nbsp; Armes Traditionnelles<\/strong><\/p>\n<ul>\n<li>Lundi de 18h15 \u00e0 19h15 Dojo des Cottages<\/li>\n<li>Samedi&nbsp; de 10h30 \u00e0 11h30 Dojo des Cottages<\/li>\n<\/ul>\n<p><strong>KARAT\u00c9 ADULTES (\u00e0 partir de 14 ans jusqu\u2019\u00e0 V\u00e9t\u00e9rans 4 &#8211; <\/strong><span style=\"color: #000000; background-color: #ffff00;\"><strong><u>66 ans et +<\/u><\/strong><\/span><strong> ) Tous Niveaux<\/strong><\/p>\n<ul>\n<li>Lundi de 19h30 \u00e0 21h30 Dojo des Cottages<\/li>\n<li>Jeudi de 19h30 \u00e0 21h30 Dojo des Cottages<\/li>\n<li>Dimanche&nbsp; de 9h \u00e0 10h30 Dojo Thierry Ngninteng<\/li>\n<\/ul>\n<p><strong>KOBUDO ADULTES (\u00e0 partir de 15 ans) Armes Traditionnelles<\/strong><\/p>\n<ul>\n<li>Samedi&nbsp; de 9h30 \u00e0 11h45 Dojo des Cottages<\/li>\n<\/ul>\n<p><strong>BODY-KARAT\u00c9 &#8211; Hommes et Femmes (\u00e0 partir de 14 ans )<br \/>\n<\/strong><\/p>\n<ul style=\"list-style-type: square;\">\n<li>Dimanche de 10h30 \u00e0 11h45 &#8211; Gymnase Jacquart rue L\u00e9nine<\/li>\n<\/ul>\n<p><img loading=\"lazy\" decoding=\"async\" class=\"aligncenter\" src=\"https:\/\/scontent-cdg2-1.xx.fbcdn.net\/v\/t1.0-9\/21751668_1847308821950367_5426718788879992362_n.jpg?_nc_cat=107&amp;_nc_ht=scontent-cdg2-1.xx&amp;oh=b623dea084a09d14a19244c25c1109e3&amp;oe=5C88D2EB\" alt=\"\" width=\"490\" height=\"787\"><\/p>\n<\/div>\n","protected":false},"excerpt":{"rendered":"<p>&nbsp; Pour tous renseignements contacter : M. BIANCARDINI Henri au 06 15 99 57 32 &nbsp; Les cours : KARAT\u00c9 ENFANTS (\u00e0 partir de 6-7 ans) D\u00e9butants et Confirm\u00e9s Jeudi&nbsp; de 18h \u00e0 19h15 Dojo des Cottages Dimanche&nbsp; de 10h30 \u00e0 11h45 Dojo Thierry Ngninteng KOBUDO ENFANTS (\u00e0 partir de 9 ans)&nbsp; Armes Traditionnelles Lundi [&hellip;]<\/p>\n","protected":false},"author":1,"featured_media":0,"parent":0,"menu_order":0,"comment_status":"closed","ping_status":"closed","template":"","meta":{"_exactmetrics_skip_tracking":false,"_exactmetrics_sitenote_active":false,"_exactmetrics_sitenote_note":"","_exactmetrics_sitenote_category":0,"ngg_post_thumbnail":0,"footnotes":""},"class_list":["post-699","page","type-page","status-publish","hentry"],"jetpack_shortlink":"https:\/\/wp.me\/P6TujZ-bh","jetpack-related-posts":[{"id":740,"url":"https:\/\/www.gojuryu93.com\/?page_id=740","url_meta":{"origin":699,"position":0},"title":"Contact et Localisation","author":"Team-Goju","date":"12 juin 2015","format":false,"excerpt":"Nous contacter : Pr\u00e9sident 06 15 99 57 32 \u00a0 karateclub.tremblayenfrance@gmail.com \u00a0 Dojo des Cottages : Angle 33\/35 rue Hector Berlioz - 93 290 Tremblay-en-France LUNDI Kobudo enfants - 18 h 15 \u00e0 19 h 30 Karat\u00e9 adultes - 19 h 30 \u00e0 21 h 30 JEUDI Karat\u00e9 enfants -\u2026","rel":"","context":"Article similaire","block_context":{"text":"Article similaire","link":""},"img":{"alt_text":"","src":"","width":0,"height":0},"classes":[]},{"id":716,"url":"https:\/\/www.gojuryu93.com\/?page_id=716","url_meta":{"origin":699,"position":1},"title":"Le Kobudo","author":"Team-Goju","date":"11 juin 2015","format":false,"excerpt":"\u00a0 Kobudo signifie litt\u00e9ralement \u00ab Art martial ancien \u00bb mais \u00e9galement \u00ab Art d'un comportement spirituel vis-\u00e0-vis du combat \u00bb. Le Kobudod'Okinawa a connu une \u00e9volution parall\u00e8le au Karat\u00e9. \u00a0 Ces techniques sont arriv\u00e9es jusqu'\u00e0 nous gr\u00e2ce \u00e0 Ma\u00eetre Shinko MATAYOSHI et son fils Shinpo. N\u00e9 en 1888 dans la\u2026","rel":"","context":"Article similaire","block_context":{"text":"Article similaire","link":""},"img":{"alt_text":"Kobudo_W01","src":"https:\/\/i0.wp.com\/www.gojuryu93.com\/wp-content\/uploads\/2015\/06\/Kobudo_W01-246x300.jpg?resize=350%2C200","width":350,"height":200},"classes":[]},{"id":1031,"url":"https:\/\/www.gojuryu93.com\/?page_id=1031","url_meta":{"origin":699,"position":2},"title":"Comment s&#8217;inscrire ?","author":"Team-Goju","date":"2 novembre 2015","format":false,"excerpt":"Vous pouvez vous inscrire directement \u00e0 notre Dojo des Cottages\u00a0 ou sur nos autres lieux de cours aupr\u00e8s de nos responsables club en vous\u00a0 munissant de votre passeport sportif si vous en poss\u00e9dez un,\u00a0 de quelques enveloppes timbr\u00e9es libell\u00e9es \u00e0 vos nom et adresse, un ch\u00e9quier pour votre r\u00e8glement de\u2026","rel":"","context":"Article similaire","block_context":{"text":"Article similaire","link":""},"img":{"alt_text":"T\u00e9l\u00e9charger Acrobat Reader DC","src":"https:\/\/i0.wp.com\/www.gojuryu93.com\/wp-content\/uploads\/2015\/11\/get-adobe-reader-300x113.jpg?resize=350%2C200","width":350,"height":200},"classes":[]},{"id":1304,"url":"https:\/\/www.gojuryu93.com\/?page_id=1304","url_meta":{"origin":699,"position":3},"title":"Des stages","author":"Team-Goju","date":"28 novembre 2015","format":false,"excerpt":"\u00a0 \u00a0 Le Karat\u00e9 Club de Tremblay-en-France organise ou participe \u00e0 de nombreux stages au fils des saisons afin d\u2019\u00e9largir les comp\u00e9tences ou de faire d\u00e9couvrir de nouvelles facettes des arts martiaux \u00e0 ses adh\u00e9rents. Nous organisons \u00e9galement sous la direction de la Ligue 93 de Karat\u00e9 des stages r\u00e9f\u00e9rents\u2026","rel":"","context":"Article similaire","block_context":{"text":"Article similaire","link":""},"img":{"alt_text":"Stages","src":"https:\/\/i0.wp.com\/www.gojuryu93.com\/wp-content\/uploads\/2015\/11\/Stages-300x62.jpg?resize=350%2C200","width":350,"height":200},"classes":[]},{"id":1029,"url":"https:\/\/www.gojuryu93.com\/?page_id=1029","url_meta":{"origin":699,"position":4},"title":"Les tarifs","author":"Team-Goju","date":"18 juin 2015","format":false,"excerpt":"\u00a0 \u00a0 Attention le site n'\u00e9tant plus mis \u00e0 jour contacter les responsables du club pour toutes informations. \u00a0 \u00a0 Saison 2017 - 2018 \u00a0 Karat\u00e9 enfants - \u00e0 partir de 6 ans Kobudo enfants - \u00e0 partir de\u00a0 9 ans \u00a0 \u00a0 Cotisation et licence* + assurance\u00a0 >>>> 167\u2026","rel":"","context":"Article similaire","block_context":{"text":"Article similaire","link":""},"img":{"alt_text":"bouton_tarif3","src":"https:\/\/i0.wp.com\/www.gojuryu93.com\/wp-content\/uploads\/2015\/06\/bouton_tarif3-300x106.jpg?resize=350%2C200","width":350,"height":200,"srcset":"https:\/\/i0.wp.com\/www.gojuryu93.com\/wp-content\/uploads\/2015\/06\/bouton_tarif3-300x106.jpg?resize=350%2C200 1x, https:\/\/i0.wp.com\/www.gojuryu93.com\/wp-content\/uploads\/2015\/06\/bouton_tarif3-300x106.jpg?resize=525%2C300 1.5x"},"classes":[]},{"id":1052,"url":"https:\/\/www.gojuryu93.com\/?page_id=1052","url_meta":{"origin":699,"position":5},"title":"Les frappes","author":"Team-Goju","date":"11 juillet 2015","format":false,"excerpt":"\u00a0ATEMI : Coup frapp\u00e9 sur le corps (ate - mi) Nous allons d\u00e9crire dans cette page les parties du corps avec lesquelles on peut porter des coups en Goju-ryu. Pour quelques unes d'entre-elles,\u00a0 en illustration la fa\u00e7on de proc\u00e9der. Nous expliquerons \u00e9galement, succinctement, le pourquoi de cette frappe et son\u2026","rel":"","context":"Article similaire","block_context":{"text":"Article similaire","link":""},"img":{"alt_text":"211","src":"https:\/\/i0.wp.com\/www.gojuryu93.com\/wp-content\/uploads\/2015\/07\/211.png?resize=350%2C200","width":350,"height":200},"classes":[]}],"jetpack_sharing_enabled":true,"_links":{"self":[{"href":"https:\/\/www.gojuryu93.com\/index.php?rest_route=\/wp\/v2\/pages\/699","targetHints":{"allow":["GET"]}}],"collection":[{"href":"https:\/\/www.gojuryu93.com\/index.php?rest_route=\/wp\/v2\/pages"}],"about":[{"href":"https:\/\/www.gojuryu93.com\/index.php?rest_route=\/wp\/v2\/types\/page"}],"author":[{"embeddable":true,"href":"https:\/\/www.gojuryu93.com\/index.php?rest_route=\/wp\/v2\/users\/1"}],"replies":[{"embeddable":true,"href":"https:\/\/www.gojuryu93.com\/index.php?rest_route=%2Fwp%2Fv2%2Fcomments&post=699"}],"version-history":[{"count":0,"href":"https:\/\/www.gojuryu93.com\/index.php?rest_route=\/wp\/v2\/pages\/699\/revisions"}],"wp:attachment":[{"href":"https:\/\/www.gojuryu93.com\/index.php?rest_route=%2Fwp%2Fv2%2Fmedia&parent=699"}],"curies":[{"name":"wp","href":"https:\/\/api.w.org\/{rel}","templated":true}]}}