{"id":740,"date":"2015-06-12T15:56:40","date_gmt":"2015-06-12T13:56:40","guid":{"rendered":"http:\/\/82.67.161.76\/Gojuryu93Com\/?page_id=740"},"modified":"2021-08-30T13:41:52","modified_gmt":"2021-08-30T12:41:52","slug":"contact","status":"publish","type":"page","link":"https:\/\/www.gojuryu93.com\/?page_id=740","title":{"rendered":"Contact et Localisation"},"content":{"rendered":"<p>Nous contacter :<\/p>\n<p><strong>Pr\u00e9sident <\/strong><br \/>\n<strong>06 15 99 57 32<\/strong><\/p>\n<p>&nbsp;<\/p>\n<p><a href=\"mailto:karateclub.tremblayenfrance@gmail.com\">karateclub.tremblayenfrance@gmail.com<\/a><\/p>\n<p>&nbsp;<\/p>\n<p><strong>Dojo des Cottages :<\/strong><br \/>\nAngle 33\/35 rue Hector Berlioz &#8211; 93 290 Tremblay-en-France<\/p>\n<p>LUNDI<br \/>\nKobudo enfants &#8211; 18 h 15 \u00e0 19 h 30<br \/>\nKarat\u00e9 adultes &#8211; 19 h 30 \u00e0 21 h 30<\/p>\n<p>JEUDI<br \/>\nKarat\u00e9 enfants &#8211; 18 h 15 \u00e0 19 h 30<br \/>\nKarat\u00e9 adultes- 19 h 30 \u00e0 21 h 30<\/p>\n<p>SAMEDI<br \/>\nKobudo enfants &#8211; 10 h 30 \u00e0 11 h 30<br \/>\nKobudo adultes &#8211; 9 h \u00e0 12 h<\/p>\n<p><strong>Dojo Thierry Ngninteng<\/strong> : Avenue de la R\u00e9sistance &#8211; 93290 Tremblay-en-France<\/p>\n<p>DIMANCHE<br \/>\nKarat\u00e9 adultes &#8211; 9 h \u00e0 10 h 30<br \/>\nKarat\u00e9 enfants &#8211; 10h 30 \u00e0 11 h 45<\/p>\n<p>&nbsp;<\/p>\n<p>&nbsp;<\/p>\n<p><span style=\"font-size: 20px;\"><strong>Pour envoyer un message, merci de compl\u00e9ter le formulaire :<\/strong><\/span><\/p>\n<p><span class=\"cntctfrm_shortcode\">&nbsp;<\/span><\/p>\n","protected":false},"excerpt":{"rendered":"<p>Nous contacter : Pr\u00e9sident 06 15 99 57 32 &nbsp; karateclub.tremblayenfrance@gmail.com &nbsp; Dojo des Cottages : Angle 33\/35 rue Hector Berlioz &#8211; 93 290 Tremblay-en-France LUNDI Kobudo enfants &#8211; 18 h 15 \u00e0 19 h 30 Karat\u00e9 adultes &#8211; 19 h 30 \u00e0 21 h 30 JEUDI Karat\u00e9 enfants &#8211; 18 h 15 \u00e0 19 [&hellip;]<\/p>\n","protected":false},"author":1,"featured_media":0,"parent":0,"menu_order":0,"comment_status":"closed","ping_status":"closed","template":"contact.php","meta":{"_exactmetrics_skip_tracking":false,"_exactmetrics_sitenote_active":false,"_exactmetrics_sitenote_note":"","_exactmetrics_sitenote_category":0,"ngg_post_thumbnail":0,"footnotes":""},"class_list":["post-740","page","type-page","status-publish","hentry"],"jetpack_shortlink":"https:\/\/wp.me\/P6TujZ-bW","jetpack-related-posts":[{"id":699,"url":"https:\/\/www.gojuryu93.com\/?page_id=699","url_meta":{"origin":740,"position":0},"title":"Les cours","author":"Team-Goju","date":"10 juin 2015","format":false,"excerpt":"\u00a0 Pour tous renseignements contacter : M. BIANCARDINI Henri au 06 15 99 57 32 \u00a0 Les cours : KARAT\u00c9 ENFANTS (\u00e0 partir de 6-7 ans) D\u00e9butants et Confirm\u00e9s Jeudi\u00a0 de 18h \u00e0 19h15 Dojo des Cottages Dimanche\u00a0 de 10h30 \u00e0 11h45 Dojo Thierry Ngninteng KOBUDO ENFANTS (\u00e0 partir de\u2026","rel":"","context":"Article similaire","block_context":{"text":"Article similaire","link":""},"img":{"alt_text":"","src":"https:\/\/i0.wp.com\/www.gojuryu93.com\/wp-content\/uploads\/2015\/06\/Flyer-Gogu-2016-217x300.png?resize=350%2C200","width":350,"height":200},"classes":[]},{"id":1033,"url":"https:\/\/www.gojuryu93.com\/?page_id=1033","url_meta":{"origin":740,"position":1},"title":"L&#8217;\u00e9quipe","author":"Team-Goju","date":"2 novembre 2015","format":false,"excerpt":"Les Professeurs \u00a0 \u00a0 Karat\u00e9 \u00a0 \u00a0 \u00a0 \u00a0 \u00a0 Eric Vidal - 4 \u00e8me Dan - DIF \u00a0 \u00a0 Olivier Chaumont - 4 \u00e8me Dan - DIF - Directeur technique Karat\u00e9 \u00a0 \u00a0 Henri Biancardini - 2\u00e8me Dan - DIF \u00a0 \u00a0 Kobudo \u00a0 \u00a0 \u00a0 \u00a0 \u00a0 Daniel\u2026","rel":"","context":"Article similaire","block_context":{"text":"Article similaire","link":""},"img":{"alt_text":"groupe-travail-puzzle","src":"https:\/\/i0.wp.com\/www.gojuryu93.com\/wp-content\/uploads\/2015\/11\/groupe-travail-puzzle-300x231.png?resize=350%2C200","width":350,"height":200},"classes":[]},{"id":1304,"url":"https:\/\/www.gojuryu93.com\/?page_id=1304","url_meta":{"origin":740,"position":2},"title":"Des stages","author":"Team-Goju","date":"28 novembre 2015","format":false,"excerpt":"\u00a0 \u00a0 Le Karat\u00e9 Club de Tremblay-en-France organise ou participe \u00e0 de nombreux stages au fils des saisons afin d\u2019\u00e9largir les comp\u00e9tences ou de faire d\u00e9couvrir de nouvelles facettes des arts martiaux \u00e0 ses adh\u00e9rents. Nous organisons \u00e9galement sous la direction de la Ligue 93 de Karat\u00e9 des stages r\u00e9f\u00e9rents\u2026","rel":"","context":"Article similaire","block_context":{"text":"Article similaire","link":""},"img":{"alt_text":"Stages","src":"https:\/\/i0.wp.com\/www.gojuryu93.com\/wp-content\/uploads\/2015\/11\/Stages-300x62.jpg?resize=350%2C200","width":350,"height":200},"classes":[]},{"id":1029,"url":"https:\/\/www.gojuryu93.com\/?page_id=1029","url_meta":{"origin":740,"position":3},"title":"Les tarifs","author":"Team-Goju","date":"18 juin 2015","format":false,"excerpt":"\u00a0 \u00a0 Attention le site n'\u00e9tant plus mis \u00e0 jour contacter les responsables du club pour toutes informations. \u00a0 \u00a0 Saison 2017 - 2018 \u00a0 Karat\u00e9 enfants - \u00e0 partir de 6 ans Kobudo enfants - \u00e0 partir de\u00a0 9 ans \u00a0 \u00a0 Cotisation et licence* + assurance\u00a0 >>>> 167\u2026","rel":"","context":"Article similaire","block_context":{"text":"Article similaire","link":""},"img":{"alt_text":"bouton_tarif3","src":"https:\/\/i0.wp.com\/www.gojuryu93.com\/wp-content\/uploads\/2015\/06\/bouton_tarif3-300x106.jpg?resize=350%2C200","width":350,"height":200,"srcset":"https:\/\/i0.wp.com\/www.gojuryu93.com\/wp-content\/uploads\/2015\/06\/bouton_tarif3-300x106.jpg?resize=350%2C200 1x, https:\/\/i0.wp.com\/www.gojuryu93.com\/wp-content\/uploads\/2015\/06\/bouton_tarif3-300x106.jpg?resize=525%2C300 1.5x"},"classes":[]},{"id":1339,"url":"https:\/\/www.gojuryu93.com\/?page_id=1339","url_meta":{"origin":740,"position":4},"title":"Historique du club","author":"Team-Goju","date":"6 d\u00e9cembre 2015","format":false,"excerpt":"Le Karat\u00e9 Club de Tremblay-en-France est en perp\u00e9tuelle croissance et accentue son action vers la promotion du karat\u00e9 Goju-Ryu, dont il est le seul repr\u00e9sentant dans le d\u00e9partement de la Seine-Saint-Denis et aussi du Kobudo dans la pure tradition d\u2019Okinawa. Notre club fut fond\u00e9 en 1967, par Daniel DJADEL. A\u2026","rel":"","context":"Article similaire","block_context":{"text":"Article similaire","link":""},"img":{"alt_text":"Toguchi_karatemag_1969","src":"https:\/\/i0.wp.com\/www.gojuryu93.com\/wp-content\/uploads\/2015\/12\/Toguchi_karatemag_1969.png?resize=350%2C200","width":350,"height":200},"classes":[]},{"id":1375,"url":"https:\/\/www.gojuryu93.com\/?page_id=1375","url_meta":{"origin":740,"position":5},"title":"R\u00e9glement","author":"Team-Goju","date":"12 d\u00e9cembre 2015","format":false,"excerpt":"R\u00e8glement int\u00e9rieur \u00a0 L'association GOJU-RYU est affili\u00e9e \u00e0 la F\u00e9d\u00e9ration Fran\u00e7aise de Karat\u00e9 et Disciplines associ\u00e9es, ce qui rend obligatoire chaque ann\u00e9e sportive la prise d'une licence aupr\u00e8s de cette f\u00e9d\u00e9ration. L'enseignant\u00a0 est le seul responsable de la continuit\u00e9 du style de l'association. pour notre association le style GOJU-RYU. L'enseignant\u2026","rel":"","context":"Article similaire","block_context":{"text":"Article similaire","link":""},"img":{"alt_text":"R\u00e9glement int\u00e9rieur","src":"https:\/\/i0.wp.com\/www.gojuryu93.com\/wp-content\/uploads\/2015\/12\/R%C3%A9glement-int%C3%A9rieur.jpg?resize=350%2C200","width":350,"height":200},"classes":[]}],"jetpack_sharing_enabled":true,"_links":{"self":[{"href":"https:\/\/www.gojuryu93.com\/index.php?rest_route=\/wp\/v2\/pages\/740","targetHints":{"allow":["GET"]}}],"collection":[{"href":"https:\/\/www.gojuryu93.com\/index.php?rest_route=\/wp\/v2\/pages"}],"about":[{"href":"https:\/\/www.gojuryu93.com\/index.php?rest_route=\/wp\/v2\/types\/page"}],"author":[{"embeddable":true,"href":"https:\/\/www.gojuryu93.com\/index.php?rest_route=\/wp\/v2\/users\/1"}],"replies":[{"embeddable":true,"href":"https:\/\/www.gojuryu93.com\/index.php?rest_route=%2Fwp%2Fv2%2Fcomments&post=740"}],"version-history":[{"count":0,"href":"https:\/\/www.gojuryu93.com\/index.php?rest_route=\/wp\/v2\/pages\/740\/revisions"}],"wp:attachment":[{"href":"https:\/\/www.gojuryu93.com\/index.php?rest_route=%2Fwp%2Fv2%2Fmedia&parent=740"}],"curies":[{"name":"wp","href":"https:\/\/api.w.org\/{rel}","templated":true}]}}